{"id":398825,"date":"2025-05-18T22:34:54","date_gmt":"2025-05-18T22:34:54","guid":{"rendered":"https:\/\/staging2.stylingagenten.com\/no\/produkt\/lattafa-yara-tous-edp-100ml\/"},"modified":"2026-03-16T13:39:31","modified_gmt":"2026-03-16T13:39:31","slug":"lattafa-yara-tous-edp-100ml","status":"publish","type":"product","link":"https:\/\/stylingagenten.com\/no\/produkt\/lattafa-yara-tous-edp-100ml\/","title":{"rendered":"Lattafa Yara Tous Edp 100ml"},"content":{"rendered":"<p>Hvis du elsker fruktige dufter, vil du bli helt fortryllet av Lattafa Yara Tous. De deilige og saftige fruktnotene i denne Eau de Parfum for kvinner er vanskelig \u00e5 motst\u00e5 og vil gj\u00f8re dagen din lysere.<\/p>\n<p>Toppnoter: Mango, Kokosn\u00f8tt, Pasjonsfrukt<br \/>\n<br \/>Hjertenoter: Jasmin, Heliotrop, Appelsinblomst<br \/>\n<br \/>Basenoter: Vanilje, Musk, Kasjmir<\/p>\n<p>100ml<\/p>\n","protected":false},"excerpt":{"rendered":"<p>Hvis du elsker fruktige dufter, vil du bli helt fortryllet av Lattafa Yara Tous. De deilige og saftige fruktnotene i denne Eau de Parfum for kvinner er vanskelig \u00e5 motst\u00e5 og vil gj\u00f8re dagen din lysere. Toppnoter: Mango, Kokosn\u00f8tt, Pasjonsfrukt Hjertenoter: Jasmin, Heliotrop, Appelsinblomst Basenoter: Vanilje, Musk, Kasjmir 100ml<\/p>\n","protected":false},"featured_media":398821,"comment_status":"open","ping_status":"closed","template":"","meta":{"_trash_the_other_posts":false},"product_brand":[],"product_cat":[706,735,999],"product_tag":[],"berocket_brand":[1414],"class_list":{"0":"post-398825","1":"product","2":"type-product","3":"status-publish","4":"has-post-thumbnail","6":"product_cat-eau-de-parfum-dame","7":"product_cat-kampanje","8":"product_cat-kampanjetilbud-for-henne","9":"pa_brand-lattafa","10":"berocket_brand-lattafa","12":"first","13":"instock","14":"sale","15":"taxable","16":"shipping-taxable","17":"purchasable","18":"product-type-simple"},"_links":{"self":[{"href":"https:\/\/stylingagenten.com\/no\/wp-json\/wp\/v2\/product\/398825","targetHints":{"allow":["GET"]}}],"collection":[{"href":"https:\/\/stylingagenten.com\/no\/wp-json\/wp\/v2\/product"}],"about":[{"href":"https:\/\/stylingagenten.com\/no\/wp-json\/wp\/v2\/types\/product"}],"replies":[{"embeddable":true,"href":"https:\/\/stylingagenten.com\/no\/wp-json\/wp\/v2\/comments?post=398825"}],"version-history":[{"count":0,"href":"https:\/\/stylingagenten.com\/no\/wp-json\/wp\/v2\/product\/398825\/revisions"}],"wp:featuredmedia":[{"embeddable":true,"href":"https:\/\/stylingagenten.com\/no\/wp-json\/wp\/v2\/media\/398821"}],"wp:attachment":[{"href":"https:\/\/stylingagenten.com\/no\/wp-json\/wp\/v2\/media?parent=398825"}],"wp:term":[{"taxonomy":"product_brand","embeddable":true,"href":"https:\/\/stylingagenten.com\/no\/wp-json\/wp\/v2\/product_brand?post=398825"},{"taxonomy":"product_cat","embeddable":true,"href":"https:\/\/stylingagenten.com\/no\/wp-json\/wp\/v2\/product_cat?post=398825"},{"taxonomy":"product_tag","embeddable":true,"href":"https:\/\/stylingagenten.com\/no\/wp-json\/wp\/v2\/product_tag?post=398825"},{"taxonomy":"berocket_brand","embeddable":true,"href":"https:\/\/stylingagenten.com\/no\/wp-json\/wp\/v2\/berocket_brand?post=398825"}],"curies":[{"name":"wp","href":"https:\/\/api.w.org\/{rel}","templated":true}]}}