{"id":398820,"date":"2025-05-18T22:34:53","date_gmt":"2025-05-18T22:34:53","guid":{"rendered":"https:\/\/staging2.stylingagenten.com\/no\/produkt\/lattafa-ana-abiyedh-rouge-edp-100ml\/"},"modified":"2026-04-09T13:44:31","modified_gmt":"2026-04-09T13:44:31","slug":"lattafa-ana-abiyedh-rouge-edp-100ml","status":"publish","type":"product","link":"https:\/\/stylingagenten.com\/no\/produkt\/lattafa-ana-abiyedh-rouge-edp-100ml\/","title":{"rendered":"Lattafa Ana Abiyedh Rouge Edp 100ml"},"content":{"rendered":"<p>Oppdag en berusende og eterisk duft som du kan dele med partneren din. Lattafa Ana Abiyedh Rouge er en eau de parfum som er perfekt for \u00e5 feire en bursdag eller et felles jubileum. Den forbedrer ikke bare hum\u00f8ret ditt, men ogs\u00e5 selvtilliten din med sine krydrede saffran- og bittermandelnoter.<\/p>\n<p>Toppnoter: P\u00e6re, Kumquat, Bergamot<br \/>Hjertenoter: Pelargon, Kardemomme, Koriander<br \/>Basenoter: Ambergris, Mocka, Tahitisk vetiver<\/p>\n<p>100ml<\/p>\n","protected":false},"excerpt":{"rendered":"<p>Oppdag en berusende og eterisk duft som du kan dele med partneren din. Lattafa Ana Abiyedh Rouge er en eau de parfum som er perfekt for \u00e5 feire en bursdag eller et felles jubileum. Den forbedrer ikke bare hum\u00f8ret ditt, men ogs\u00e5 selvtilliten din med sine krydrede saffran- og bittermandelnoter. Toppnoter: P\u00e6re, Kumquat, BergamotHjertenoter: Pelargon, [&hellip;]<\/p>\n","protected":false},"featured_media":398810,"comment_status":"open","ping_status":"closed","template":"","meta":{"_trash_the_other_posts":false},"product_brand":[],"product_cat":[729,735,999],"product_tag":[],"berocket_brand":[1414],"class_list":{"0":"post-398820","1":"product","2":"type-product","3":"status-publish","4":"has-post-thumbnail","6":"product_cat-eau-de-parfum-unisex","7":"product_cat-kampanje","8":"product_cat-kampanjetilbud-for-henne","9":"pa_brand-lattafa","10":"berocket_brand-lattafa","12":"first","13":"outofstock","14":"sale","15":"taxable","16":"shipping-taxable","17":"purchasable","18":"product-type-simple"},"_links":{"self":[{"href":"https:\/\/stylingagenten.com\/no\/wp-json\/wp\/v2\/product\/398820","targetHints":{"allow":["GET"]}}],"collection":[{"href":"https:\/\/stylingagenten.com\/no\/wp-json\/wp\/v2\/product"}],"about":[{"href":"https:\/\/stylingagenten.com\/no\/wp-json\/wp\/v2\/types\/product"}],"replies":[{"embeddable":true,"href":"https:\/\/stylingagenten.com\/no\/wp-json\/wp\/v2\/comments?post=398820"}],"version-history":[{"count":0,"href":"https:\/\/stylingagenten.com\/no\/wp-json\/wp\/v2\/product\/398820\/revisions"}],"wp:featuredmedia":[{"embeddable":true,"href":"https:\/\/stylingagenten.com\/no\/wp-json\/wp\/v2\/media\/398810"}],"wp:attachment":[{"href":"https:\/\/stylingagenten.com\/no\/wp-json\/wp\/v2\/media?parent=398820"}],"wp:term":[{"taxonomy":"product_brand","embeddable":true,"href":"https:\/\/stylingagenten.com\/no\/wp-json\/wp\/v2\/product_brand?post=398820"},{"taxonomy":"product_cat","embeddable":true,"href":"https:\/\/stylingagenten.com\/no\/wp-json\/wp\/v2\/product_cat?post=398820"},{"taxonomy":"product_tag","embeddable":true,"href":"https:\/\/stylingagenten.com\/no\/wp-json\/wp\/v2\/product_tag?post=398820"},{"taxonomy":"berocket_brand","embeddable":true,"href":"https:\/\/stylingagenten.com\/no\/wp-json\/wp\/v2\/berocket_brand?post=398820"}],"curies":[{"name":"wp","href":"https:\/\/api.w.org\/{rel}","templated":true}]}}