{"id":398801,"date":"2025-05-18T22:34:50","date_gmt":"2025-05-18T22:34:50","guid":{"rendered":"https:\/\/staging2.stylingagenten.com\/no\/produkt\/marc-jacobs-perfect-elixir-edp-100ml\/"},"modified":"2025-11-19T09:47:06","modified_gmt":"2025-11-19T09:47:06","slug":"marc-jacobs-perfect-elixir-edp-100ml","status":"publish","type":"product","link":"https:\/\/stylingagenten.com\/no\/produkt\/marc-jacobs-perfect-elixir-edp-100ml\/","title":{"rendered":"Marc Jacobs Perfect Elixir Edp 100ml"},"content":{"rendered":"<p>Oppdag veien til fullstendig selvkj\u00e6rlighet med Marc Jacobs Perfect Elixir, en varm og ekte duft for alle. Steg inn i en verden der alt er mulig: et sted hvor dine positive tanker og energi gj\u00f8r \u00f8nsker til virkelighet. En fruktig duftakkord av rabarbra, en dyp duftnote av gylden bjerk og deilig vaniljeb\u00f8nne forenes i en rikt blomstrende duft som viser at du vet hvem du er, og at du elsker den personen fullt ut. Denne tolkningen av Marc Jacobs Perfect-duften har en fylde og intensitet som sier at du b\u00e5de stoler p\u00e5 og tror p\u00e5 deg selv.<\/p>\n<p>100ml<\/p>\n","protected":false},"excerpt":{"rendered":"<p>Oppdag veien til fullstendig selvkj\u00e6rlighet med Marc Jacobs Perfect Elixir, en varm og ekte duft for alle. Steg inn i en verden der alt er mulig: et sted hvor dine positive tanker og energi gj\u00f8r \u00f8nsker til virkelighet. En fruktig duftakkord av rabarbra, en dyp duftnote av gylden bjerk og deilig vaniljeb\u00f8nne forenes i en [&hellip;]<\/p>\n","protected":false},"featured_media":398787,"comment_status":"open","ping_status":"closed","template":"","meta":{"_trash_the_other_posts":false},"product_brand":[],"product_cat":[706],"product_tag":[3384],"berocket_brand":[1069],"class_list":{"0":"post-398801","1":"product","2":"type-product","3":"status-publish","4":"has-post-thumbnail","6":"product_cat-eau-de-parfum-dame","7":"product_tag-marc-jacobs-perfect-elixir-edp","8":"pa_brand-marc-jacobs","9":"pa_variant-100ml","10":"berocket_brand-marc-jacobs","12":"first","13":"outofstock","14":"sale","15":"taxable","16":"shipping-taxable","17":"purchasable","18":"product-type-simple"},"_links":{"self":[{"href":"https:\/\/stylingagenten.com\/no\/wp-json\/wp\/v2\/product\/398801","targetHints":{"allow":["GET"]}}],"collection":[{"href":"https:\/\/stylingagenten.com\/no\/wp-json\/wp\/v2\/product"}],"about":[{"href":"https:\/\/stylingagenten.com\/no\/wp-json\/wp\/v2\/types\/product"}],"replies":[{"embeddable":true,"href":"https:\/\/stylingagenten.com\/no\/wp-json\/wp\/v2\/comments?post=398801"}],"version-history":[{"count":0,"href":"https:\/\/stylingagenten.com\/no\/wp-json\/wp\/v2\/product\/398801\/revisions"}],"wp:featuredmedia":[{"embeddable":true,"href":"https:\/\/stylingagenten.com\/no\/wp-json\/wp\/v2\/media\/398787"}],"wp:attachment":[{"href":"https:\/\/stylingagenten.com\/no\/wp-json\/wp\/v2\/media?parent=398801"}],"wp:term":[{"taxonomy":"product_brand","embeddable":true,"href":"https:\/\/stylingagenten.com\/no\/wp-json\/wp\/v2\/product_brand?post=398801"},{"taxonomy":"product_cat","embeddable":true,"href":"https:\/\/stylingagenten.com\/no\/wp-json\/wp\/v2\/product_cat?post=398801"},{"taxonomy":"product_tag","embeddable":true,"href":"https:\/\/stylingagenten.com\/no\/wp-json\/wp\/v2\/product_tag?post=398801"},{"taxonomy":"berocket_brand","embeddable":true,"href":"https:\/\/stylingagenten.com\/no\/wp-json\/wp\/v2\/berocket_brand?post=398801"}],"curies":[{"name":"wp","href":"https:\/\/api.w.org\/{rel}","templated":true}]}}