{"id":398784,"date":"2025-05-18T22:34:47","date_gmt":"2025-05-18T22:34:47","guid":{"rendered":"https:\/\/staging2.stylingagenten.com\/no\/produkt\/lattafa-rave-pure-desire-gold-edp-100ml\/"},"modified":"2026-04-13T07:09:58","modified_gmt":"2026-04-13T07:09:58","slug":"lattafa-rave-pure-desire-gold-edp-100ml","status":"publish","type":"product","link":"https:\/\/stylingagenten.com\/no\/produkt\/lattafa-rave-pure-desire-gold-edp-100ml\/","title":{"rendered":"Lattafa Rave Pure Desire Gold Edp 100ml"},"content":{"rendered":"<p>Lattafa Rave Pure Desire Gold Edp er en fengslende Eau de Parfum designet for kvinner. Denne luksuri\u00f8se duften har en rik og lokkende blanding av blomster- og s\u00f8te noter. Med sin glamor\u00f8se gyldne emballasje er dette den perfekte duften for \u00e5 gj\u00f8re et dristig inntrykk.<\/p>\n<p>Toppnoter: Mandariner, Amber<\/p>\n<p>Hjerte-noter: Nei, Nejlikblomst, Liljekonvall, Hvite blomster<\/p>\n<p>Bunnnoter: Gr\u00e5 amber, Vanilje, Karamell<\/p>\n<p>100ml<\/p>\n","protected":false},"excerpt":{"rendered":"<p>Lattafa Rave Pure Desire Gold Edp er en fengslende Eau de Parfum designet for kvinner. Denne luksuri\u00f8se duften har en rik og lokkende blanding av blomster- og s\u00f8te noter. Med sin glamor\u00f8se gyldne emballasje er dette den perfekte duften for \u00e5 gj\u00f8re et dristig inntrykk. Toppnoter: Mandariner, Amber Hjerte-noter: Nei, Nejlikblomst, Liljekonvall, Hvite blomster Bunnnoter: [&hellip;]<\/p>\n","protected":false},"featured_media":398776,"comment_status":"open","ping_status":"closed","template":"","meta":{"_trash_the_other_posts":false},"product_brand":[],"product_cat":[706,735,999],"product_tag":[],"berocket_brand":[1414],"class_list":{"0":"post-398784","1":"product","2":"type-product","3":"status-publish","4":"has-post-thumbnail","6":"product_cat-eau-de-parfum-dame","7":"product_cat-kampanje","8":"product_cat-kampanjetilbud-for-henne","9":"pa_brand-lattafa","10":"berocket_brand-lattafa","12":"first","13":"instock","14":"sale","15":"taxable","16":"shipping-taxable","17":"purchasable","18":"product-type-simple"},"_links":{"self":[{"href":"https:\/\/stylingagenten.com\/no\/wp-json\/wp\/v2\/product\/398784","targetHints":{"allow":["GET"]}}],"collection":[{"href":"https:\/\/stylingagenten.com\/no\/wp-json\/wp\/v2\/product"}],"about":[{"href":"https:\/\/stylingagenten.com\/no\/wp-json\/wp\/v2\/types\/product"}],"replies":[{"embeddable":true,"href":"https:\/\/stylingagenten.com\/no\/wp-json\/wp\/v2\/comments?post=398784"}],"version-history":[{"count":0,"href":"https:\/\/stylingagenten.com\/no\/wp-json\/wp\/v2\/product\/398784\/revisions"}],"wp:featuredmedia":[{"embeddable":true,"href":"https:\/\/stylingagenten.com\/no\/wp-json\/wp\/v2\/media\/398776"}],"wp:attachment":[{"href":"https:\/\/stylingagenten.com\/no\/wp-json\/wp\/v2\/media?parent=398784"}],"wp:term":[{"taxonomy":"product_brand","embeddable":true,"href":"https:\/\/stylingagenten.com\/no\/wp-json\/wp\/v2\/product_brand?post=398784"},{"taxonomy":"product_cat","embeddable":true,"href":"https:\/\/stylingagenten.com\/no\/wp-json\/wp\/v2\/product_cat?post=398784"},{"taxonomy":"product_tag","embeddable":true,"href":"https:\/\/stylingagenten.com\/no\/wp-json\/wp\/v2\/product_tag?post=398784"},{"taxonomy":"berocket_brand","embeddable":true,"href":"https:\/\/stylingagenten.com\/no\/wp-json\/wp\/v2\/berocket_brand?post=398784"}],"curies":[{"name":"wp","href":"https:\/\/api.w.org\/{rel}","templated":true}]}}