{"id":398780,"date":"2025-05-18T22:34:46","date_gmt":"2025-05-18T22:34:46","guid":{"rendered":"https:\/\/staging2.stylingagenten.com\/no\/produkt\/gucci-bloom-edp-10ml\/"},"modified":"2025-11-19T09:46:33","modified_gmt":"2025-11-19T09:46:33","slug":"gucci-bloom-edp-10ml","status":"publish","type":"product","link":"https:\/\/stylingagenten.com\/no\/produkt\/gucci-bloom-edp-10ml\/","title":{"rendered":"Gucci Bloom Edp 10ml"},"content":{"rendered":"<p>Gucci Bloom Eau de Parfum fanger \u00e5nden til moderne, allsidige og autentiske Gucci-kvinner. Noter av naturlig tuberose og sjasmin skaper en uventet fyldig, hvit blomsterduft p\u00e5 huden. Rangoon Creeper, en plante oppdaget i S\u00f8r-India som endrer farge fra hvit til rosa og til slutt til r\u00f8d n\u00e5r den blomstrer, tilf\u00f8rer en pudret, blomstrende touch til parfymen.<\/p>\n<p>Toppnote: Sjasmin<br \/>\n<br \/>Hjertenote: Tuberose<br \/>\n<br \/>Bunnote: Rangoon Creeper<\/p>\n<p>10 ml<br \/><\/p>\n","protected":false},"excerpt":{"rendered":"<p>Gucci Bloom Eau de Parfum fanger \u00e5nden til moderne, allsidige og autentiske Gucci-kvinner. Noter av naturlig tuberose og sjasmin skaper en uventet fyldig, hvit blomsterduft p\u00e5 huden. Rangoon Creeper, en plante oppdaget i S\u00f8r-India som endrer farge fra hvit til rosa og til slutt til r\u00f8d n\u00e5r den blomstrer, tilf\u00f8rer en pudret, blomstrende touch til [&hellip;]<\/p>\n","protected":false},"featured_media":398775,"comment_status":"open","ping_status":"closed","template":"","meta":{"_trash_the_other_posts":false},"product_brand":[],"product_cat":[706],"product_tag":[2930],"berocket_brand":[1329],"class_list":{"0":"post-398780","1":"product","2":"type-product","3":"status-publish","4":"has-post-thumbnail","6":"product_cat-eau-de-parfum-dame","7":"product_tag-gucci-bloom-edp","8":"pa_brand-gucci","9":"pa_variant-10ml","10":"berocket_brand-gucci","12":"first","13":"outofstock","14":"sale","15":"taxable","16":"shipping-taxable","17":"purchasable","18":"product-type-simple"},"_links":{"self":[{"href":"https:\/\/stylingagenten.com\/no\/wp-json\/wp\/v2\/product\/398780","targetHints":{"allow":["GET"]}}],"collection":[{"href":"https:\/\/stylingagenten.com\/no\/wp-json\/wp\/v2\/product"}],"about":[{"href":"https:\/\/stylingagenten.com\/no\/wp-json\/wp\/v2\/types\/product"}],"replies":[{"embeddable":true,"href":"https:\/\/stylingagenten.com\/no\/wp-json\/wp\/v2\/comments?post=398780"}],"version-history":[{"count":0,"href":"https:\/\/stylingagenten.com\/no\/wp-json\/wp\/v2\/product\/398780\/revisions"}],"wp:featuredmedia":[{"embeddable":true,"href":"https:\/\/stylingagenten.com\/no\/wp-json\/wp\/v2\/media\/398775"}],"wp:attachment":[{"href":"https:\/\/stylingagenten.com\/no\/wp-json\/wp\/v2\/media?parent=398780"}],"wp:term":[{"taxonomy":"product_brand","embeddable":true,"href":"https:\/\/stylingagenten.com\/no\/wp-json\/wp\/v2\/product_brand?post=398780"},{"taxonomy":"product_cat","embeddable":true,"href":"https:\/\/stylingagenten.com\/no\/wp-json\/wp\/v2\/product_cat?post=398780"},{"taxonomy":"product_tag","embeddable":true,"href":"https:\/\/stylingagenten.com\/no\/wp-json\/wp\/v2\/product_tag?post=398780"},{"taxonomy":"berocket_brand","embeddable":true,"href":"https:\/\/stylingagenten.com\/no\/wp-json\/wp\/v2\/berocket_brand?post=398780"}],"curies":[{"name":"wp","href":"https:\/\/api.w.org\/{rel}","templated":true}]}}