{"id":398779,"date":"2025-05-18T22:34:46","date_gmt":"2025-05-18T22:34:46","guid":{"rendered":"https:\/\/staging2.stylingagenten.com\/no\/produkt\/lattafa-haya-edp-100ml\/"},"modified":"2026-03-25T15:09:00","modified_gmt":"2026-03-25T15:09:00","slug":"lattafa-haya-edp-100ml","status":"publish","type":"product","link":"https:\/\/stylingagenten.com\/no\/produkt\/lattafa-haya-edp-100ml\/","title":{"rendered":"Lattafa Haya Edp 100ml"},"content":{"rendered":"<p>Lattafa Haya Edp\u2019s unike duft skaper en perfekt balanse mellom lekfullhet og eleganse, designet for kvinner som elsker \u00e5 uttrykke sin karisma og stil.<\/p>\n<p>Toppnoter: Champagne, Jordb\u00e6r, Rose, Mandarin og Blodappelsin<\/p>\n<p>Hjertenoter: Gardenia, Jasmine og Vaniljeorkid\u00e9<\/p>\n<p>Basenoter: Amber, Sandeltre og Kastanje<\/p>\n<p>100ml<\/p>\n","protected":false},"excerpt":{"rendered":"<p>Lattafa Haya Edp\u2019s unike duft skaper en perfekt balanse mellom lekfullhet og eleganse, designet for kvinner som elsker \u00e5 uttrykke sin karisma og stil. Toppnoter: Champagne, Jordb\u00e6r, Rose, Mandarin og Blodappelsin Hjertenoter: Gardenia, Jasmine og Vaniljeorkid\u00e9 Basenoter: Amber, Sandeltre og Kastanje 100ml<\/p>\n","protected":false},"featured_media":398771,"comment_status":"open","ping_status":"closed","template":"","meta":{"_trash_the_other_posts":false},"product_brand":[],"product_cat":[706,735,999],"product_tag":[],"berocket_brand":[1414],"class_list":{"0":"post-398779","1":"product","2":"type-product","3":"status-publish","4":"has-post-thumbnail","6":"product_cat-eau-de-parfum-dame","7":"product_cat-kampanje","8":"product_cat-kampanjetilbud-for-henne","9":"pa_brand-lattafa","10":"berocket_brand-lattafa","12":"first","13":"instock","14":"sale","15":"taxable","16":"shipping-taxable","17":"purchasable","18":"product-type-simple"},"_links":{"self":[{"href":"https:\/\/stylingagenten.com\/no\/wp-json\/wp\/v2\/product\/398779","targetHints":{"allow":["GET"]}}],"collection":[{"href":"https:\/\/stylingagenten.com\/no\/wp-json\/wp\/v2\/product"}],"about":[{"href":"https:\/\/stylingagenten.com\/no\/wp-json\/wp\/v2\/types\/product"}],"replies":[{"embeddable":true,"href":"https:\/\/stylingagenten.com\/no\/wp-json\/wp\/v2\/comments?post=398779"}],"version-history":[{"count":0,"href":"https:\/\/stylingagenten.com\/no\/wp-json\/wp\/v2\/product\/398779\/revisions"}],"wp:featuredmedia":[{"embeddable":true,"href":"https:\/\/stylingagenten.com\/no\/wp-json\/wp\/v2\/media\/398771"}],"wp:attachment":[{"href":"https:\/\/stylingagenten.com\/no\/wp-json\/wp\/v2\/media?parent=398779"}],"wp:term":[{"taxonomy":"product_brand","embeddable":true,"href":"https:\/\/stylingagenten.com\/no\/wp-json\/wp\/v2\/product_brand?post=398779"},{"taxonomy":"product_cat","embeddable":true,"href":"https:\/\/stylingagenten.com\/no\/wp-json\/wp\/v2\/product_cat?post=398779"},{"taxonomy":"product_tag","embeddable":true,"href":"https:\/\/stylingagenten.com\/no\/wp-json\/wp\/v2\/product_tag?post=398779"},{"taxonomy":"berocket_brand","embeddable":true,"href":"https:\/\/stylingagenten.com\/no\/wp-json\/wp\/v2\/berocket_brand?post=398779"}],"curies":[{"name":"wp","href":"https:\/\/api.w.org\/{rel}","templated":true}]}}