{"id":398552,"date":"2025-05-18T22:34:13","date_gmt":"2025-05-18T22:34:13","guid":{"rendered":"https:\/\/staging2.stylingagenten.com\/no\/produkt\/beauty-uk-speed-dry-basecoat\/"},"modified":"2026-03-15T17:27:50","modified_gmt":"2026-03-15T17:27:50","slug":"beauty-uk-speed-dry-basecoat","status":"publish","type":"product","link":"https:\/\/stylingagenten.com\/no\/produkt\/beauty-uk-speed-dry-basecoat\/","title":{"rendered":"Beauty UK Speed Dry Basecoat"},"content":{"rendered":"<p>Beauty UK Speed \u200b\u200b\u200b\u200bDry Basecoat er en hurtigt\u00f8rkende formel som jevner ut ufullkommenheter f\u00f8r p\u00e5f\u00f8ring av neglelakk. Den inneholder ogs\u00e5 UV-filtre for \u00e5 forhindre misfarging og flisdannelse.<\/p>\n","protected":false},"excerpt":{"rendered":"<p>Beauty UK Speed \u200b\u200b\u200b\u200bDry Basecoat er en hurtigt\u00f8rkende formel som jevner ut ufullkommenheter f\u00f8r p\u00e5f\u00f8ring av neglelakk. Den inneholder ogs\u00e5 UV-filtre for \u00e5 forhindre misfarging og flisdannelse.<\/p>\n","protected":false},"featured_media":398550,"comment_status":"open","ping_status":"closed","template":"","meta":{"_trash_the_other_posts":false},"product_brand":[],"product_cat":[569],"product_tag":[],"berocket_brand":[1059],"class_list":{"0":"post-398552","1":"product","2":"type-product","3":"status-publish","4":"has-post-thumbnail","6":"product_cat-neglelakk","7":"pa_brand-beautyuk","8":"berocket_brand-beautyuk","10":"first","11":"instock","12":"sale","13":"taxable","14":"shipping-taxable","15":"purchasable","16":"product-type-simple"},"_links":{"self":[{"href":"https:\/\/stylingagenten.com\/no\/wp-json\/wp\/v2\/product\/398552","targetHints":{"allow":["GET"]}}],"collection":[{"href":"https:\/\/stylingagenten.com\/no\/wp-json\/wp\/v2\/product"}],"about":[{"href":"https:\/\/stylingagenten.com\/no\/wp-json\/wp\/v2\/types\/product"}],"replies":[{"embeddable":true,"href":"https:\/\/stylingagenten.com\/no\/wp-json\/wp\/v2\/comments?post=398552"}],"version-history":[{"count":0,"href":"https:\/\/stylingagenten.com\/no\/wp-json\/wp\/v2\/product\/398552\/revisions"}],"wp:featuredmedia":[{"embeddable":true,"href":"https:\/\/stylingagenten.com\/no\/wp-json\/wp\/v2\/media\/398550"}],"wp:attachment":[{"href":"https:\/\/stylingagenten.com\/no\/wp-json\/wp\/v2\/media?parent=398552"}],"wp:term":[{"taxonomy":"product_brand","embeddable":true,"href":"https:\/\/stylingagenten.com\/no\/wp-json\/wp\/v2\/product_brand?post=398552"},{"taxonomy":"product_cat","embeddable":true,"href":"https:\/\/stylingagenten.com\/no\/wp-json\/wp\/v2\/product_cat?post=398552"},{"taxonomy":"product_tag","embeddable":true,"href":"https:\/\/stylingagenten.com\/no\/wp-json\/wp\/v2\/product_tag?post=398552"},{"taxonomy":"berocket_brand","embeddable":true,"href":"https:\/\/stylingagenten.com\/no\/wp-json\/wp\/v2\/berocket_brand?post=398552"}],"curies":[{"name":"wp","href":"https:\/\/api.w.org\/{rel}","templated":true}]}}