{"id":398532,"date":"2025-05-18T22:34:10","date_gmt":"2025-05-18T22:34:10","guid":{"rendered":"https:\/\/staging2.stylingagenten.com\/no\/produkt\/beauty-uk-matte-top-coat\/"},"modified":"2026-02-16T08:46:58","modified_gmt":"2026-02-16T08:46:58","slug":"beauty-uk-matte-top-coat","status":"publish","type":"product","link":"https:\/\/stylingagenten.com\/no\/produkt\/beauty-uk-matte-top-coat\/","title":{"rendered":"Beauty UK Matte Top Coat"},"content":{"rendered":"<p>Beauty UK Matte Top Coat forlenger resultatet og reduserer slitasjen p\u00e5 neglelakken din. Oppn\u00e5 en myk og matt finish i bare ett str\u00f8k med denne hurtigt\u00f8rkende formelen.<\/p>\n","protected":false},"excerpt":{"rendered":"<p>Beauty UK Matte Top Coat forlenger resultatet og reduserer slitasjen p\u00e5 neglelakken din. Oppn\u00e5 en myk og matt finish i bare ett str\u00f8k med denne hurtigt\u00f8rkende formelen.<\/p>\n","protected":false},"featured_media":398528,"comment_status":"open","ping_status":"closed","template":"","meta":{"_trash_the_other_posts":false},"product_brand":[],"product_cat":[569],"product_tag":[],"berocket_brand":[1059],"class_list":{"0":"post-398532","1":"product","2":"type-product","3":"status-publish","4":"has-post-thumbnail","6":"product_cat-neglelakk","7":"pa_brand-beautyuk","8":"berocket_brand-beautyuk","10":"first","11":"instock","12":"sale","13":"taxable","14":"shipping-taxable","15":"purchasable","16":"product-type-simple"},"_links":{"self":[{"href":"https:\/\/stylingagenten.com\/no\/wp-json\/wp\/v2\/product\/398532","targetHints":{"allow":["GET"]}}],"collection":[{"href":"https:\/\/stylingagenten.com\/no\/wp-json\/wp\/v2\/product"}],"about":[{"href":"https:\/\/stylingagenten.com\/no\/wp-json\/wp\/v2\/types\/product"}],"replies":[{"embeddable":true,"href":"https:\/\/stylingagenten.com\/no\/wp-json\/wp\/v2\/comments?post=398532"}],"version-history":[{"count":0,"href":"https:\/\/stylingagenten.com\/no\/wp-json\/wp\/v2\/product\/398532\/revisions"}],"wp:featuredmedia":[{"embeddable":true,"href":"https:\/\/stylingagenten.com\/no\/wp-json\/wp\/v2\/media\/398528"}],"wp:attachment":[{"href":"https:\/\/stylingagenten.com\/no\/wp-json\/wp\/v2\/media?parent=398532"}],"wp:term":[{"taxonomy":"product_brand","embeddable":true,"href":"https:\/\/stylingagenten.com\/no\/wp-json\/wp\/v2\/product_brand?post=398532"},{"taxonomy":"product_cat","embeddable":true,"href":"https:\/\/stylingagenten.com\/no\/wp-json\/wp\/v2\/product_cat?post=398532"},{"taxonomy":"product_tag","embeddable":true,"href":"https:\/\/stylingagenten.com\/no\/wp-json\/wp\/v2\/product_tag?post=398532"},{"taxonomy":"berocket_brand","embeddable":true,"href":"https:\/\/stylingagenten.com\/no\/wp-json\/wp\/v2\/berocket_brand?post=398532"}],"curies":[{"name":"wp","href":"https:\/\/api.w.org\/{rel}","templated":true}]}}