{"id":398258,"date":"2025-05-18T22:33:26","date_gmt":"2025-05-18T22:33:26","guid":{"rendered":"https:\/\/staging2.stylingagenten.com\/no\/produkt\/beauty-uk-nails-no-7-under-the-heather-9ml\/"},"modified":"2025-12-18T21:35:24","modified_gmt":"2025-12-18T21:35:24","slug":"beauty-uk-nails-no-7-under-the-heather-9ml","status":"publish","type":"product","link":"https:\/\/stylingagenten.com\/no\/produkt\/beauty-uk-nails-no-7-under-the-heather-9ml\/","title":{"rendered":"Beauty UK Nails no.7 &#8211; Under the Heather 9ml"},"content":{"rendered":"<p>Beauty UK Nails no.7 &#8211; Under the Heather er en hurtigt\u00f8rkende, langvarig, h\u00f8yglans neglelakk.<br \/>Denne fantastiske allround-formelen er utviklet for \u00e5 tilby den perfekte balansen mellom dekning, farge, glans og slitasje. Hver nyanse er enkel \u00e5 p\u00e5f\u00f8re og gir intens dekning som vil vare i flere dager uten \u00e5 falme eller flise.<\/p>\n<p>Innhold: 9 ml<\/p><\/p>\n","protected":false},"excerpt":{"rendered":"<p>Beauty UK Nails no.7 &#8211; Under the Heather er en hurtigt\u00f8rkende, langvarig, h\u00f8yglans neglelakk.Denne fantastiske allround-formelen er utviklet for \u00e5 tilby den perfekte balansen mellom dekning, farge, glans og slitasje. Hver nyanse er enkel \u00e5 p\u00e5f\u00f8re og gir intens dekning som vil vare i flere dager uten \u00e5 falme eller flise. Innhold: 9 ml<\/p>\n","protected":false},"featured_media":398256,"comment_status":"open","ping_status":"closed","template":"","meta":{"_trash_the_other_posts":false},"product_brand":[],"product_cat":[569],"product_tag":[2479],"berocket_brand":[1059],"class_list":{"0":"post-398258","1":"product","2":"type-product","3":"status-publish","4":"has-post-thumbnail","6":"product_cat-neglelakk","7":"product_tag-beauty-uk-nail-polish","8":"pa_brand-beautyuk","9":"pa_variant-no-7-under-the-heather","10":"berocket_brand-beautyuk","12":"first","13":"instock","14":"sale","15":"taxable","16":"shipping-taxable","17":"purchasable","18":"product-type-simple"},"_links":{"self":[{"href":"https:\/\/stylingagenten.com\/no\/wp-json\/wp\/v2\/product\/398258","targetHints":{"allow":["GET"]}}],"collection":[{"href":"https:\/\/stylingagenten.com\/no\/wp-json\/wp\/v2\/product"}],"about":[{"href":"https:\/\/stylingagenten.com\/no\/wp-json\/wp\/v2\/types\/product"}],"replies":[{"embeddable":true,"href":"https:\/\/stylingagenten.com\/no\/wp-json\/wp\/v2\/comments?post=398258"}],"version-history":[{"count":0,"href":"https:\/\/stylingagenten.com\/no\/wp-json\/wp\/v2\/product\/398258\/revisions"}],"wp:featuredmedia":[{"embeddable":true,"href":"https:\/\/stylingagenten.com\/no\/wp-json\/wp\/v2\/media\/398256"}],"wp:attachment":[{"href":"https:\/\/stylingagenten.com\/no\/wp-json\/wp\/v2\/media?parent=398258"}],"wp:term":[{"taxonomy":"product_brand","embeddable":true,"href":"https:\/\/stylingagenten.com\/no\/wp-json\/wp\/v2\/product_brand?post=398258"},{"taxonomy":"product_cat","embeddable":true,"href":"https:\/\/stylingagenten.com\/no\/wp-json\/wp\/v2\/product_cat?post=398258"},{"taxonomy":"product_tag","embeddable":true,"href":"https:\/\/stylingagenten.com\/no\/wp-json\/wp\/v2\/product_tag?post=398258"},{"taxonomy":"berocket_brand","embeddable":true,"href":"https:\/\/stylingagenten.com\/no\/wp-json\/wp\/v2\/berocket_brand?post=398258"}],"curies":[{"name":"wp","href":"https:\/\/api.w.org\/{rel}","templated":true}]}}