{"id":397626,"date":"2025-05-18T22:31:35","date_gmt":"2025-05-18T22:31:35","guid":{"rendered":"https:\/\/staging2.stylingagenten.com\/no\/produkt\/sally-hansen-color-therapy-551-nail-primer\/"},"modified":"2026-01-20T21:06:50","modified_gmt":"2026-01-20T21:06:50","slug":"sally-hansen-color-therapy-551-nail-primer","status":"publish","type":"product","link":"https:\/\/stylingagenten.com\/no\/produkt\/sally-hansen-color-therapy-551-nail-primer\/","title":{"rendered":"Sally Hansen Color Therapy #551 Nail Primer"},"content":{"rendered":"<p>Sally Hansen Therapy Nail Polish Nail Primer 14,7 ml<br \/>Oppn\u00e5 en salongverdig manikyr hjemme med Sally Hansen Color Therapy\u2122 Neglelakk, en hurtigt\u00f8rkende formel som glir lett p\u00e5 neglen for en profesjonell finish.<br \/>Neglen lakk er beriket med arganolje som pleier neglene og gir dem et sunt utseende. Fargen verken flasser eller falmer, og varer opptil ti dager. Leveres med en presisjonsb\u00f8rste for kontrollert, presis p\u00e5f\u00f8ring.<\/p>\n","protected":false},"excerpt":{"rendered":"<p>Sally Hansen Therapy Nail Polish Nail Primer 14,7 mlOppn\u00e5 en salongverdig manikyr hjemme med Sally Hansen Color Therapy\u2122 Neglelakk, en hurtigt\u00f8rkende formel som glir lett p\u00e5 neglen for en profesjonell finish.Neglen lakk er beriket med arganolje som pleier neglene og gir dem et sunt utseende. Fargen verken flasser eller falmer, og varer opptil ti dager. [&hellip;]<\/p>\n","protected":false},"featured_media":397618,"comment_status":"open","ping_status":"closed","template":"","meta":{"_trash_the_other_posts":false},"product_brand":[],"product_cat":[569],"product_tag":[3958],"berocket_brand":[1155],"class_list":{"0":"post-397626","1":"product","2":"type-product","3":"status-publish","4":"has-post-thumbnail","6":"product_cat-neglelakk","7":"product_tag-sally-hansen-color-therapy","8":"pa_brand-sally-hansen","9":"pa_variant-551-nail-primer","10":"berocket_brand-sally-hansen","12":"first","13":"instock","14":"sale","15":"taxable","16":"shipping-taxable","17":"purchasable","18":"product-type-simple"},"_links":{"self":[{"href":"https:\/\/stylingagenten.com\/no\/wp-json\/wp\/v2\/product\/397626","targetHints":{"allow":["GET"]}}],"collection":[{"href":"https:\/\/stylingagenten.com\/no\/wp-json\/wp\/v2\/product"}],"about":[{"href":"https:\/\/stylingagenten.com\/no\/wp-json\/wp\/v2\/types\/product"}],"replies":[{"embeddable":true,"href":"https:\/\/stylingagenten.com\/no\/wp-json\/wp\/v2\/comments?post=397626"}],"version-history":[{"count":0,"href":"https:\/\/stylingagenten.com\/no\/wp-json\/wp\/v2\/product\/397626\/revisions"}],"wp:featuredmedia":[{"embeddable":true,"href":"https:\/\/stylingagenten.com\/no\/wp-json\/wp\/v2\/media\/397618"}],"wp:attachment":[{"href":"https:\/\/stylingagenten.com\/no\/wp-json\/wp\/v2\/media?parent=397626"}],"wp:term":[{"taxonomy":"product_brand","embeddable":true,"href":"https:\/\/stylingagenten.com\/no\/wp-json\/wp\/v2\/product_brand?post=397626"},{"taxonomy":"product_cat","embeddable":true,"href":"https:\/\/stylingagenten.com\/no\/wp-json\/wp\/v2\/product_cat?post=397626"},{"taxonomy":"product_tag","embeddable":true,"href":"https:\/\/stylingagenten.com\/no\/wp-json\/wp\/v2\/product_tag?post=397626"},{"taxonomy":"berocket_brand","embeddable":true,"href":"https:\/\/stylingagenten.com\/no\/wp-json\/wp\/v2\/berocket_brand?post=397626"}],"curies":[{"name":"wp","href":"https:\/\/api.w.org\/{rel}","templated":true}]}}