{"id":397476,"date":"2025-05-18T22:31:00","date_gmt":"2025-05-18T22:31:00","guid":{"rendered":"https:\/\/staging2.stylingagenten.com\/no\/produkt\/max-factor-2000-calorie-curl-addict-mascara\/"},"modified":"2025-11-19T08:11:08","modified_gmt":"2025-11-19T08:11:08","slug":"max-factor-2000-calorie-curl-addict-mascara","status":"publish","type":"product","link":"https:\/\/stylingagenten.com\/no\/produkt\/max-factor-2000-calorie-curl-addict-mascara\/","title":{"rendered":"Max Factor 2000 Calorie Curl Addict Mascara"},"content":{"rendered":"<p>Denne nydelige mascaraen fra Max Factor gj\u00f8r det mange andre mascaraer ikke kan; gir deg b\u00e5de vakre kurver og volum p\u00e5 samme tid! <br \/>2000 Calorie Curl Addict Mascara har en buet b\u00f8rste som p\u00e5f\u00f8rer den lette formelen fra r\u00f8ttene for perfekt kr\u00f8llede vipper som beholder formen og volumet hele dagen lang. ;ng uten \u00e5 bli tynget.<\/p>\n","protected":false},"excerpt":{"rendered":"<p>Denne nydelige mascaraen fra Max Factor gj\u00f8r det mange andre mascaraer ikke kan; gir deg b\u00e5de vakre kurver og volum p\u00e5 samme tid! 2000 Calorie Curl Addict Mascara har en buet b\u00f8rste som p\u00e5f\u00f8rer den lette formelen fra r\u00f8ttene for perfekt kr\u00f8llede vipper som beholder formen og volumet hele dagen lang. ;ng uten \u00e5 bli [&hellip;]<\/p>\n","protected":false},"featured_media":397464,"comment_status":"open","ping_status":"closed","template":"","meta":{"_trash_the_other_posts":false},"product_brand":[],"product_cat":[618],"product_tag":[],"berocket_brand":[1013],"class_list":{"0":"post-397476","1":"product","2":"type-product","3":"status-publish","4":"has-post-thumbnail","6":"product_cat-mascara","7":"pa_brand-max-factor","8":"berocket_brand-max-factor","10":"first","11":"outofstock","12":"sale","13":"taxable","14":"shipping-taxable","15":"purchasable","16":"product-type-simple"},"_links":{"self":[{"href":"https:\/\/stylingagenten.com\/no\/wp-json\/wp\/v2\/product\/397476","targetHints":{"allow":["GET"]}}],"collection":[{"href":"https:\/\/stylingagenten.com\/no\/wp-json\/wp\/v2\/product"}],"about":[{"href":"https:\/\/stylingagenten.com\/no\/wp-json\/wp\/v2\/types\/product"}],"replies":[{"embeddable":true,"href":"https:\/\/stylingagenten.com\/no\/wp-json\/wp\/v2\/comments?post=397476"}],"version-history":[{"count":0,"href":"https:\/\/stylingagenten.com\/no\/wp-json\/wp\/v2\/product\/397476\/revisions"}],"wp:featuredmedia":[{"embeddable":true,"href":"https:\/\/stylingagenten.com\/no\/wp-json\/wp\/v2\/media\/397464"}],"wp:attachment":[{"href":"https:\/\/stylingagenten.com\/no\/wp-json\/wp\/v2\/media?parent=397476"}],"wp:term":[{"taxonomy":"product_brand","embeddable":true,"href":"https:\/\/stylingagenten.com\/no\/wp-json\/wp\/v2\/product_brand?post=397476"},{"taxonomy":"product_cat","embeddable":true,"href":"https:\/\/stylingagenten.com\/no\/wp-json\/wp\/v2\/product_cat?post=397476"},{"taxonomy":"product_tag","embeddable":true,"href":"https:\/\/stylingagenten.com\/no\/wp-json\/wp\/v2\/product_tag?post=397476"},{"taxonomy":"berocket_brand","embeddable":true,"href":"https:\/\/stylingagenten.com\/no\/wp-json\/wp\/v2\/berocket_brand?post=397476"}],"curies":[{"name":"wp","href":"https:\/\/api.w.org\/{rel}","templated":true}]}}