{"id":397466,"date":"2025-05-18T22:30:58","date_gmt":"2025-05-18T22:30:58","guid":{"rendered":"https:\/\/staging2.stylingagenten.com\/no\/produkt\/loreal-paris-volume-million-lashes-mascara-extra-black-9ml\/"},"modified":"2026-04-11T15:28:32","modified_gmt":"2026-04-11T15:28:32","slug":"loreal-paris-volume-million-lashes-mascara-extra-black-9ml","status":"publish","type":"product","link":"https:\/\/stylingagenten.com\/no\/produkt\/loreal-paris-volume-million-lashes-mascara-extra-black-9ml\/","title":{"rendered":"L&#8217;Oreal Paris Volume Million Lashes Mascara Extra Black 9ml"},"content":{"rendered":"<p>L&#8217;Or\u00e9al Paris Volume Million Lashes Mascara gir vippene dine mer enn volum. Millioniseringsb\u00f8rsten har ekstra myke buster som n\u00e5r hver eneste vippe. Den nye smarte beholderen betyr at du f\u00e5r n\u00f8yaktig riktig mengde mascara p\u00e5 b\u00f8rsten, for et 100 % klumpfritt resultat. Farge: Ekstra svart<\/p>\n","protected":false},"excerpt":{"rendered":"<p>L&#8217;Or\u00e9al Paris Volume Million Lashes Mascara gir vippene dine mer enn volum. Millioniseringsb\u00f8rsten har ekstra myke buster som n\u00e5r hver eneste vippe. Den nye smarte beholderen betyr at du f\u00e5r n\u00f8yaktig riktig mengde mascara p\u00e5 b\u00f8rsten, for et 100 % klumpfritt resultat. Farge: Ekstra svart<\/p>\n","protected":false},"featured_media":397465,"comment_status":"open","ping_status":"closed","template":"","meta":{"_trash_the_other_posts":false},"product_brand":[],"product_cat":[618],"product_tag":[],"berocket_brand":[2001],"class_list":{"0":"post-397466","1":"product","2":"type-product","3":"status-publish","4":"has-post-thumbnail","6":"product_cat-mascara","7":"pa_brand-loreal-paris-2","8":"berocket_brand-loreal-paris","10":"first","11":"outofstock","12":"sale","13":"taxable","14":"shipping-taxable","15":"purchasable","16":"product-type-simple"},"_links":{"self":[{"href":"https:\/\/stylingagenten.com\/no\/wp-json\/wp\/v2\/product\/397466","targetHints":{"allow":["GET"]}}],"collection":[{"href":"https:\/\/stylingagenten.com\/no\/wp-json\/wp\/v2\/product"}],"about":[{"href":"https:\/\/stylingagenten.com\/no\/wp-json\/wp\/v2\/types\/product"}],"replies":[{"embeddable":true,"href":"https:\/\/stylingagenten.com\/no\/wp-json\/wp\/v2\/comments?post=397466"}],"version-history":[{"count":0,"href":"https:\/\/stylingagenten.com\/no\/wp-json\/wp\/v2\/product\/397466\/revisions"}],"wp:featuredmedia":[{"embeddable":true,"href":"https:\/\/stylingagenten.com\/no\/wp-json\/wp\/v2\/media\/397465"}],"wp:attachment":[{"href":"https:\/\/stylingagenten.com\/no\/wp-json\/wp\/v2\/media?parent=397466"}],"wp:term":[{"taxonomy":"product_brand","embeddable":true,"href":"https:\/\/stylingagenten.com\/no\/wp-json\/wp\/v2\/product_brand?post=397466"},{"taxonomy":"product_cat","embeddable":true,"href":"https:\/\/stylingagenten.com\/no\/wp-json\/wp\/v2\/product_cat?post=397466"},{"taxonomy":"product_tag","embeddable":true,"href":"https:\/\/stylingagenten.com\/no\/wp-json\/wp\/v2\/product_tag?post=397466"},{"taxonomy":"berocket_brand","embeddable":true,"href":"https:\/\/stylingagenten.com\/no\/wp-json\/wp\/v2\/berocket_brand?post=397466"}],"curies":[{"name":"wp","href":"https:\/\/api.w.org\/{rel}","templated":true}]}}