{"id":397445,"date":"2025-05-18T22:30:52","date_gmt":"2025-05-18T22:30:52","guid":{"rendered":"https:\/\/staging2.stylingagenten.com\/no\/produkt\/max-factor-masterpiece-mascara-rich-black-45ml\/"},"modified":"2026-03-01T09:16:37","modified_gmt":"2026-03-01T09:16:37","slug":"max-factor-masterpiece-mascara-rich-black-45ml","status":"publish","type":"product","link":"https:\/\/stylingagenten.com\/no\/produkt\/max-factor-masterpiece-mascara-rich-black-45ml\/","title":{"rendered":"Max Factor Masterpiece Mascara Rich Black 4,5ml"},"content":{"rendered":"<p>Max Factor Masterpiece Mascara Rich Black definerer og skiller vippene dine og gir den samme i\u00f8ynefallende, profesjonelle effekten som en makeupartist kan skape! Masterpieces h\u00f8yteknologiske iFX-b\u00f8rste dekker alle vipper, ogs\u00e5 de som er vanskelig \u00e5 n\u00e5. ved hj\u00f8rnene. Resultatet er vakkert innrammede \u00f8yne som er opptil fem ganger mer effektive.<\/p>\n<p><strong>Bruk:<\/strong> Et tips fra proffene: Vis frem din perfekte sminke med et fint lag Masterpiece Mascara p\u00e5 \u00f8vre og nedre \u00f8yevipper. V\u00e5r makeupartist sier: S\u00f8rg for \u00e5 gi \u00f8yevippene et jevnt lag med mascara, ogs\u00e5 de sm\u00e5; vippene fra &ouml;gonvr&aring; til &ouml;gonvr&aring; og fra rot til topp. Hemmeligheten ligger i b\u00f8rsten.<\/p>\n<p><strong>Farge:<\/strong> Sort<\/p>\n","protected":false},"excerpt":{"rendered":"<p>Max Factor Masterpiece Mascara Rich Black definerer og skiller vippene dine og gir den samme i\u00f8ynefallende, profesjonelle effekten som en makeupartist kan skape! Masterpieces h\u00f8yteknologiske iFX-b\u00f8rste dekker alle vipper, ogs\u00e5 de som er vanskelig \u00e5 n\u00e5. ved hj\u00f8rnene. Resultatet er vakkert innrammede \u00f8yne som er opptil fem ganger mer effektive. Bruk: Et tips fra proffene: [&hellip;]<\/p>\n","protected":false},"featured_media":397441,"comment_status":"open","ping_status":"closed","template":"","meta":{"_trash_the_other_posts":false},"product_brand":[],"product_cat":[618],"product_tag":[],"berocket_brand":[1013],"class_list":{"0":"post-397445","1":"product","2":"type-product","3":"status-publish","4":"has-post-thumbnail","6":"product_cat-mascara","7":"pa_brand-max-factor","8":"berocket_brand-max-factor","10":"first","11":"instock","12":"sale","13":"taxable","14":"shipping-taxable","15":"purchasable","16":"product-type-simple"},"_links":{"self":[{"href":"https:\/\/stylingagenten.com\/no\/wp-json\/wp\/v2\/product\/397445","targetHints":{"allow":["GET"]}}],"collection":[{"href":"https:\/\/stylingagenten.com\/no\/wp-json\/wp\/v2\/product"}],"about":[{"href":"https:\/\/stylingagenten.com\/no\/wp-json\/wp\/v2\/types\/product"}],"replies":[{"embeddable":true,"href":"https:\/\/stylingagenten.com\/no\/wp-json\/wp\/v2\/comments?post=397445"}],"version-history":[{"count":0,"href":"https:\/\/stylingagenten.com\/no\/wp-json\/wp\/v2\/product\/397445\/revisions"}],"wp:featuredmedia":[{"embeddable":true,"href":"https:\/\/stylingagenten.com\/no\/wp-json\/wp\/v2\/media\/397441"}],"wp:attachment":[{"href":"https:\/\/stylingagenten.com\/no\/wp-json\/wp\/v2\/media?parent=397445"}],"wp:term":[{"taxonomy":"product_brand","embeddable":true,"href":"https:\/\/stylingagenten.com\/no\/wp-json\/wp\/v2\/product_brand?post=397445"},{"taxonomy":"product_cat","embeddable":true,"href":"https:\/\/stylingagenten.com\/no\/wp-json\/wp\/v2\/product_cat?post=397445"},{"taxonomy":"product_tag","embeddable":true,"href":"https:\/\/stylingagenten.com\/no\/wp-json\/wp\/v2\/product_tag?post=397445"},{"taxonomy":"berocket_brand","embeddable":true,"href":"https:\/\/stylingagenten.com\/no\/wp-json\/wp\/v2\/berocket_brand?post=397445"}],"curies":[{"name":"wp","href":"https:\/\/api.w.org\/{rel}","templated":true}]}}