{"id":397436,"date":"2025-05-18T22:30:51","date_gmt":"2025-05-18T22:30:51","guid":{"rendered":"https:\/\/staging2.stylingagenten.com\/no\/produkt\/maybelline-colossal-mascara-waterproof-black-10ml\/"},"modified":"2026-04-06T13:28:50","modified_gmt":"2026-04-06T13:28:50","slug":"maybelline-colossal-mascara-waterproof-black-10ml","status":"publish","type":"product","link":"https:\/\/stylingagenten.com\/no\/produkt\/maybelline-colossal-mascara-waterproof-black-10ml\/","title":{"rendered":"Maybelline Colossal Mascara Waterproof Black 10ml"},"content":{"rendered":"<p>Kollagenformel og en unik megab\u00f8rste som gir vippene maksimalt volum.<\/p>\n<p>Volummaskara som inneholder kollagen og bygger opp volum fra bunnen av. Den unike megab\u00f8rsten bygger vippe for vippe uten \u00e5 etterlate klumper. Sluttresultatet er et dramatisk utseende.<\/p>\n<p>Bruk: Sikksakk mascarab\u00f8rsten n\u00e6rmest frynsene og form deretter de indre vippene innover, de midterste vippene oppover og de ytre vippene utover. Dette gj\u00f8r vippekanten bredere og det ser ut som du har flere vipper.<\/p>\n<p>Farge: Sort<\/p>\n<p>10ml<\/p>\n","protected":false},"excerpt":{"rendered":"<p>Kollagenformel og en unik megab\u00f8rste som gir vippene maksimalt volum. Volummaskara som inneholder kollagen og bygger opp volum fra bunnen av. Den unike megab\u00f8rsten bygger vippe for vippe uten \u00e5 etterlate klumper. Sluttresultatet er et dramatisk utseende. Bruk: Sikksakk mascarab\u00f8rsten n\u00e6rmest frynsene og form deretter de indre vippene innover, de midterste vippene oppover og de [&hellip;]<\/p>\n","protected":false},"featured_media":397435,"comment_status":"open","ping_status":"closed","template":"","meta":{"_trash_the_other_posts":false},"product_brand":[],"product_cat":[618],"product_tag":[],"berocket_brand":[1016],"class_list":{"0":"post-397436","1":"product","2":"type-product","3":"status-publish","4":"has-post-thumbnail","6":"product_cat-mascara","7":"pa_brand-maybelline","8":"berocket_brand-maybelline","10":"first","11":"instock","12":"sale","13":"taxable","14":"shipping-taxable","15":"purchasable","16":"product-type-simple"},"_links":{"self":[{"href":"https:\/\/stylingagenten.com\/no\/wp-json\/wp\/v2\/product\/397436","targetHints":{"allow":["GET"]}}],"collection":[{"href":"https:\/\/stylingagenten.com\/no\/wp-json\/wp\/v2\/product"}],"about":[{"href":"https:\/\/stylingagenten.com\/no\/wp-json\/wp\/v2\/types\/product"}],"replies":[{"embeddable":true,"href":"https:\/\/stylingagenten.com\/no\/wp-json\/wp\/v2\/comments?post=397436"}],"version-history":[{"count":0,"href":"https:\/\/stylingagenten.com\/no\/wp-json\/wp\/v2\/product\/397436\/revisions"}],"wp:featuredmedia":[{"embeddable":true,"href":"https:\/\/stylingagenten.com\/no\/wp-json\/wp\/v2\/media\/397435"}],"wp:attachment":[{"href":"https:\/\/stylingagenten.com\/no\/wp-json\/wp\/v2\/media?parent=397436"}],"wp:term":[{"taxonomy":"product_brand","embeddable":true,"href":"https:\/\/stylingagenten.com\/no\/wp-json\/wp\/v2\/product_brand?post=397436"},{"taxonomy":"product_cat","embeddable":true,"href":"https:\/\/stylingagenten.com\/no\/wp-json\/wp\/v2\/product_cat?post=397436"},{"taxonomy":"product_tag","embeddable":true,"href":"https:\/\/stylingagenten.com\/no\/wp-json\/wp\/v2\/product_tag?post=397436"},{"taxonomy":"berocket_brand","embeddable":true,"href":"https:\/\/stylingagenten.com\/no\/wp-json\/wp\/v2\/berocket_brand?post=397436"}],"curies":[{"name":"wp","href":"https:\/\/api.w.org\/{rel}","templated":true}]}}