{"id":397425,"date":"2025-05-18T22:30:47","date_gmt":"2025-05-18T22:30:47","guid":{"rendered":"https:\/\/staging2.stylingagenten.com\/no\/produkt\/lancome-hypnose-doll-eyes-mascara-01-so-black-65ml\/"},"modified":"2025-11-19T07:44:36","modified_gmt":"2025-11-19T07:44:36","slug":"lancome-hypnose-doll-eyes-mascara-01-so-black-65ml","status":"publish","type":"product","link":"https:\/\/stylingagenten.com\/no\/produkt\/lancome-hypnose-doll-eyes-mascara-01-so-black-65ml\/","title":{"rendered":"Lancome Hypnose Doll Eyes Mascara 01 So Black 6,5ml"},"content":{"rendered":"<p>Lancome Hypnose Doll Eyes Mascara har hentet inspirasjon fra enhver ung jentes dr\u00f8m om lange, tykke og adskilte vipper. Rett og slett ekte hundevipper! Takket v\u00e6re mascaraens fantastiske b\u00f8rste og den nye formelen lever den opp til forventningene og gir \u00f8yet et vakkert og intenst utseende. For en behagelig p\u00e5f\u00f8ring er mascaraen beriket med en &laquo;fiber shine&raquo; formel som gir vippene ekstra glans. Formelen inneholder b\u00e5de myk og hard voks. Den ene bygger opp volumet og den andre skaper den perfekte kurven p\u00e5 vippene. Til slutt s\u00f8rger &laquo;ultrastetch&raquo;-komplekset med ytterligere polymerer for at vippene umiddelbart f\u00e5r en f\u00f8lelse av naturlige vipper. Resultatet er imponerende!<\/p>\n<p><strong>Farge:<\/strong> Svart<\/p>\n","protected":false},"excerpt":{"rendered":"<p>Lancome Hypnose Doll Eyes Mascara har hentet inspirasjon fra enhver ung jentes dr\u00f8m om lange, tykke og adskilte vipper. Rett og slett ekte hundevipper! Takket v\u00e6re mascaraens fantastiske b\u00f8rste og den nye formelen lever den opp til forventningene og gir \u00f8yet et vakkert og intenst utseende. For en behagelig p\u00e5f\u00f8ring er mascaraen beriket med en [&hellip;]<\/p>\n","protected":false},"featured_media":397424,"comment_status":"open","ping_status":"closed","template":"","meta":{"_trash_the_other_posts":false},"product_brand":[],"product_cat":[618],"product_tag":[],"berocket_brand":[1128],"class_list":{"0":"post-397425","1":"product","2":"type-product","3":"status-publish","4":"has-post-thumbnail","6":"product_cat-mascara","7":"pa_brand-lancome","8":"berocket_brand-lancome","10":"first","11":"outofstock","12":"taxable","13":"shipping-taxable","14":"purchasable","15":"product-type-simple"},"_links":{"self":[{"href":"https:\/\/stylingagenten.com\/no\/wp-json\/wp\/v2\/product\/397425","targetHints":{"allow":["GET"]}}],"collection":[{"href":"https:\/\/stylingagenten.com\/no\/wp-json\/wp\/v2\/product"}],"about":[{"href":"https:\/\/stylingagenten.com\/no\/wp-json\/wp\/v2\/types\/product"}],"replies":[{"embeddable":true,"href":"https:\/\/stylingagenten.com\/no\/wp-json\/wp\/v2\/comments?post=397425"}],"version-history":[{"count":0,"href":"https:\/\/stylingagenten.com\/no\/wp-json\/wp\/v2\/product\/397425\/revisions"}],"wp:featuredmedia":[{"embeddable":true,"href":"https:\/\/stylingagenten.com\/no\/wp-json\/wp\/v2\/media\/397424"}],"wp:attachment":[{"href":"https:\/\/stylingagenten.com\/no\/wp-json\/wp\/v2\/media?parent=397425"}],"wp:term":[{"taxonomy":"product_brand","embeddable":true,"href":"https:\/\/stylingagenten.com\/no\/wp-json\/wp\/v2\/product_brand?post=397425"},{"taxonomy":"product_cat","embeddable":true,"href":"https:\/\/stylingagenten.com\/no\/wp-json\/wp\/v2\/product_cat?post=397425"},{"taxonomy":"product_tag","embeddable":true,"href":"https:\/\/stylingagenten.com\/no\/wp-json\/wp\/v2\/product_tag?post=397425"},{"taxonomy":"berocket_brand","embeddable":true,"href":"https:\/\/stylingagenten.com\/no\/wp-json\/wp\/v2\/berocket_brand?post=397425"}],"curies":[{"name":"wp","href":"https:\/\/api.w.org\/{rel}","templated":true}]}}