{"id":397188,"date":"2025-05-18T22:29:34","date_gmt":"2025-05-18T22:29:34","guid":{"rendered":"https:\/\/staging2.stylingagenten.com\/no\/produkt\/maybelline-lash-sensational-sky-high-01-cosmic-black\/"},"modified":"2026-03-19T09:18:02","modified_gmt":"2026-03-19T09:18:02","slug":"maybelline-lash-sensational-sky-high-01-cosmic-black","status":"publish","type":"product","link":"https:\/\/stylingagenten.com\/no\/produkt\/maybelline-lash-sensational-sky-high-01-cosmic-black\/","title":{"rendered":"Maybelline Lash Sensational Sky High 01 Cosmic Black"},"content":{"rendered":"<p>Maybelline Lash Sensational Sky High for en grensel\u00f8s vippelook med lengde og volum med intenst, svart pigment. Fleksibel b\u00f8rste for \u00e5 n\u00e5 alle vipper og skape et synlig resultat fra alle vinkler. Formel beriket med bambusekstrakt og fibre for lange, fyldige vipper. <\/p>\n<p>Bruk: <br \/>For best resultat, hold den fleksible b\u00f8rsten mot vippene og p\u00e5f\u00f8r fra rot til spiss gjentatte ganger til \u00f8nsket volum og lengde er oppn\u00e5dd. <\/p>\n<p>7,2 ml<\/p>\n","protected":false},"excerpt":{"rendered":"<p>Maybelline Lash Sensational Sky High for en grensel\u00f8s vippelook med lengde og volum med intenst, svart pigment. Fleksibel b\u00f8rste for \u00e5 n\u00e5 alle vipper og skape et synlig resultat fra alle vinkler. Formel beriket med bambusekstrakt og fibre for lange, fyldige vipper. Bruk: For best resultat, hold den fleksible b\u00f8rsten mot vippene og p\u00e5f\u00f8r fra [&hellip;]<\/p>\n","protected":false},"featured_media":397186,"comment_status":"open","ping_status":"closed","template":"","meta":{"_trash_the_other_posts":false},"product_brand":[],"product_cat":[1003,618],"product_tag":[],"berocket_brand":[1016],"class_list":{"0":"post-397188","1":"product","2":"type-product","3":"status-publish","4":"has-post-thumbnail","6":"product_cat-bestselgere","7":"product_cat-mascara","8":"pa_brand-maybelline","9":"berocket_brand-maybelline","11":"first","12":"instock","13":"sale","14":"taxable","15":"shipping-taxable","16":"purchasable","17":"product-type-simple"},"_links":{"self":[{"href":"https:\/\/stylingagenten.com\/no\/wp-json\/wp\/v2\/product\/397188","targetHints":{"allow":["GET"]}}],"collection":[{"href":"https:\/\/stylingagenten.com\/no\/wp-json\/wp\/v2\/product"}],"about":[{"href":"https:\/\/stylingagenten.com\/no\/wp-json\/wp\/v2\/types\/product"}],"replies":[{"embeddable":true,"href":"https:\/\/stylingagenten.com\/no\/wp-json\/wp\/v2\/comments?post=397188"}],"version-history":[{"count":0,"href":"https:\/\/stylingagenten.com\/no\/wp-json\/wp\/v2\/product\/397188\/revisions"}],"wp:featuredmedia":[{"embeddable":true,"href":"https:\/\/stylingagenten.com\/no\/wp-json\/wp\/v2\/media\/397186"}],"wp:attachment":[{"href":"https:\/\/stylingagenten.com\/no\/wp-json\/wp\/v2\/media?parent=397188"}],"wp:term":[{"taxonomy":"product_brand","embeddable":true,"href":"https:\/\/stylingagenten.com\/no\/wp-json\/wp\/v2\/product_brand?post=397188"},{"taxonomy":"product_cat","embeddable":true,"href":"https:\/\/stylingagenten.com\/no\/wp-json\/wp\/v2\/product_cat?post=397188"},{"taxonomy":"product_tag","embeddable":true,"href":"https:\/\/stylingagenten.com\/no\/wp-json\/wp\/v2\/product_tag?post=397188"},{"taxonomy":"berocket_brand","embeddable":true,"href":"https:\/\/stylingagenten.com\/no\/wp-json\/wp\/v2\/berocket_brand?post=397188"}],"curies":[{"name":"wp","href":"https:\/\/api.w.org\/{rel}","templated":true}]}}