{"id":397183,"date":"2025-05-18T22:29:33","date_gmt":"2025-05-18T22:29:33","guid":{"rendered":"https:\/\/staging2.stylingagenten.com\/no\/produkt\/loreal-air-volume-mega-mascara-black-9ml\/"},"modified":"2025-12-18T21:52:23","modified_gmt":"2025-12-18T21:52:23","slug":"loreal-air-volume-mega-mascara-black-9ml","status":"publish","type":"product","link":"https:\/\/stylingagenten.com\/no\/produkt\/loreal-air-volume-mega-mascara-black-9ml\/","title":{"rendered":"L&#8217;Or\u00e9al Air Volume Mega Mascara Black 9ml"},"content":{"rendered":"<p>Mer volum, mindre vekt! Air Volume Mega Mascara gir deg vipper med megavolum samtidig som den f\u00f8les superlett p\u00e5 vippene. B\u00f8rsten har doble bust; de korte bustene fanger og p\u00e5f\u00f8rer formelen langs vippekanten mens de lange bustene fordeler formelen jevnt over vippene for \u00e5 gi deg volumin\u00f8se vipper. Mascaraen har en vakker, rosa innpakning. Hypoallergen formel. Uten parfyme. 9 ml<\/p>\n","protected":false},"excerpt":{"rendered":"<p>Mer volum, mindre vekt! Air Volume Mega Mascara gir deg vipper med megavolum samtidig som den f\u00f8les superlett p\u00e5 vippene. B\u00f8rsten har doble bust; de korte bustene fanger og p\u00e5f\u00f8rer formelen langs vippekanten mens de lange bustene fordeler formelen jevnt over vippene for \u00e5 gi deg volumin\u00f8se vipper. Mascaraen har en vakker, rosa innpakning. Hypoallergen [&hellip;]<\/p>\n","protected":false},"featured_media":397181,"comment_status":"open","ping_status":"closed","template":"","meta":{"_trash_the_other_posts":false},"product_brand":[],"product_cat":[618],"product_tag":[],"berocket_brand":[2001],"class_list":{"0":"post-397183","1":"product","2":"type-product","3":"status-publish","4":"has-post-thumbnail","6":"product_cat-mascara","7":"pa_brand-loreal-paris-2","8":"berocket_brand-loreal-paris","10":"first","11":"instock","12":"sale","13":"taxable","14":"shipping-taxable","15":"purchasable","16":"product-type-simple"},"_links":{"self":[{"href":"https:\/\/stylingagenten.com\/no\/wp-json\/wp\/v2\/product\/397183","targetHints":{"allow":["GET"]}}],"collection":[{"href":"https:\/\/stylingagenten.com\/no\/wp-json\/wp\/v2\/product"}],"about":[{"href":"https:\/\/stylingagenten.com\/no\/wp-json\/wp\/v2\/types\/product"}],"replies":[{"embeddable":true,"href":"https:\/\/stylingagenten.com\/no\/wp-json\/wp\/v2\/comments?post=397183"}],"version-history":[{"count":0,"href":"https:\/\/stylingagenten.com\/no\/wp-json\/wp\/v2\/product\/397183\/revisions"}],"wp:featuredmedia":[{"embeddable":true,"href":"https:\/\/stylingagenten.com\/no\/wp-json\/wp\/v2\/media\/397181"}],"wp:attachment":[{"href":"https:\/\/stylingagenten.com\/no\/wp-json\/wp\/v2\/media?parent=397183"}],"wp:term":[{"taxonomy":"product_brand","embeddable":true,"href":"https:\/\/stylingagenten.com\/no\/wp-json\/wp\/v2\/product_brand?post=397183"},{"taxonomy":"product_cat","embeddable":true,"href":"https:\/\/stylingagenten.com\/no\/wp-json\/wp\/v2\/product_cat?post=397183"},{"taxonomy":"product_tag","embeddable":true,"href":"https:\/\/stylingagenten.com\/no\/wp-json\/wp\/v2\/product_tag?post=397183"},{"taxonomy":"berocket_brand","embeddable":true,"href":"https:\/\/stylingagenten.com\/no\/wp-json\/wp\/v2\/berocket_brand?post=397183"}],"curies":[{"name":"wp","href":"https:\/\/api.w.org\/{rel}","templated":true}]}}