{"id":397167,"date":"2025-05-18T22:29:28","date_gmt":"2025-05-18T22:29:28","guid":{"rendered":"https:\/\/staging2.stylingagenten.com\/no\/produkt\/max-factor-false-lash-effect-xxl-mascara-01-black\/"},"modified":"2026-04-07T14:30:36","modified_gmt":"2026-04-07T14:30:36","slug":"max-factor-false-lash-effect-xxl-mascara-01-black","status":"publish","type":"product","link":"https:\/\/stylingagenten.com\/no\/produkt\/max-factor-false-lash-effect-xxl-mascara-01-black\/","title":{"rendered":"Max Factor False Lash Effect XXL Mascara 01 Black"},"content":{"rendered":"<p>Max Factor FALSE LASH EFFECT XXL Mascara er mascaraen som gir \u00f8yeblikkelig XXL-volum med bare ett sveip! False Lash Effect XXL er Max Factors nyeste mascara som lar deg oppleve effekten av vippeforlengelse p\u00e5 bare noen f\u00e5 sekunder, men uten slitasje p\u00e5 vippene. Mascaraen har en kremet, volumbyggende formel som omslutter hver vippe for \u00e5 gi maksimal lengde og fylde. Formelen inneholder ogs\u00e5 ansvarlig produserte ingredienser, inkludert arginin, panthenol og vitamin E.<\/p>\n<p>P\u00e5f\u00f8r produktet med den spesialdesignede, timeglassformede b\u00f8rsten, og oppdag et dramatisk vippeutseende. Det 100 % veganske pigmentet flekker ikke og er lett \u00e5 fjerne.<\/p>\n<p>&#8211; Klump- og flekkerfri formel<br \/>&#8211; Passer for sensitive \u00f8yne<br \/>&#8211; Testet av \u00f8yelege<br \/>&#8211; Inneholder ingen duft&lt; br <br \/>Hvordan bruke:<br \/>TRINN 1: P\u00e5f\u00f8r f\u00f8rst 2 str\u00f8k False Lash Effect Primer<br \/>TRINN 2: F\u00f8lg opp med 2 str\u00f8k False Lash Effect XXL Mascara for spektakul\u00e6re og dristige vipper<\/p>\n<p>13 ml<\/p>\n","protected":false},"excerpt":{"rendered":"<p>Max Factor FALSE LASH EFFECT XXL Mascara er mascaraen som gir \u00f8yeblikkelig XXL-volum med bare ett sveip! False Lash Effect XXL er Max Factors nyeste mascara som lar deg oppleve effekten av vippeforlengelse p\u00e5 bare noen f\u00e5 sekunder, men uten slitasje p\u00e5 vippene. Mascaraen har en kremet, volumbyggende formel som omslutter hver vippe for \u00e5 [&hellip;]<\/p>\n","protected":false},"featured_media":397162,"comment_status":"open","ping_status":"closed","template":"","meta":{"_trash_the_other_posts":false},"product_brand":[],"product_cat":[618],"product_tag":[],"berocket_brand":[1013],"class_list":{"0":"post-397167","1":"product","2":"type-product","3":"status-publish","4":"has-post-thumbnail","6":"product_cat-mascara","7":"pa_brand-max-factor","8":"berocket_brand-max-factor","10":"first","11":"instock","12":"sale","13":"taxable","14":"shipping-taxable","15":"purchasable","16":"product-type-simple"},"_links":{"self":[{"href":"https:\/\/stylingagenten.com\/no\/wp-json\/wp\/v2\/product\/397167","targetHints":{"allow":["GET"]}}],"collection":[{"href":"https:\/\/stylingagenten.com\/no\/wp-json\/wp\/v2\/product"}],"about":[{"href":"https:\/\/stylingagenten.com\/no\/wp-json\/wp\/v2\/types\/product"}],"replies":[{"embeddable":true,"href":"https:\/\/stylingagenten.com\/no\/wp-json\/wp\/v2\/comments?post=397167"}],"version-history":[{"count":0,"href":"https:\/\/stylingagenten.com\/no\/wp-json\/wp\/v2\/product\/397167\/revisions"}],"wp:featuredmedia":[{"embeddable":true,"href":"https:\/\/stylingagenten.com\/no\/wp-json\/wp\/v2\/media\/397162"}],"wp:attachment":[{"href":"https:\/\/stylingagenten.com\/no\/wp-json\/wp\/v2\/media?parent=397167"}],"wp:term":[{"taxonomy":"product_brand","embeddable":true,"href":"https:\/\/stylingagenten.com\/no\/wp-json\/wp\/v2\/product_brand?post=397167"},{"taxonomy":"product_cat","embeddable":true,"href":"https:\/\/stylingagenten.com\/no\/wp-json\/wp\/v2\/product_cat?post=397167"},{"taxonomy":"product_tag","embeddable":true,"href":"https:\/\/stylingagenten.com\/no\/wp-json\/wp\/v2\/product_tag?post=397167"},{"taxonomy":"berocket_brand","embeddable":true,"href":"https:\/\/stylingagenten.com\/no\/wp-json\/wp\/v2\/berocket_brand?post=397167"}],"curies":[{"name":"wp","href":"https:\/\/api.w.org\/{rel}","templated":true}]}}