{"id":397157,"date":"2025-05-18T22:29:24","date_gmt":"2025-05-18T22:29:24","guid":{"rendered":"https:\/\/staging2.stylingagenten.com\/no\/produkt\/maybelline-lash-sensational-sky-high-waterproof-mascara-01-very-black\/"},"modified":"2026-04-14T07:38:39","modified_gmt":"2026-04-14T07:38:39","slug":"maybelline-lash-sensational-sky-high-waterproof-mascara-01-very-black","status":"publish","type":"product","link":"https:\/\/stylingagenten.com\/no\/produkt\/maybelline-lash-sensational-sky-high-waterproof-mascara-01-very-black\/","title":{"rendered":"Maybelline Lash Sensational Sky High Waterproof Mascara 01 Very Black"},"content":{"rendered":"<p>Lash Sensational Sky High Waterproof Mascara gir deg intenst volum og fylde mens du separerer og klumper seg. Den revolusjonerende vippeb\u00f8rsten best\u00e5r av 10 rader og 6 forskjellige busttyper. De indre bustene hjelper til med \u00e5 n\u00e5 de minste vippene i \u00f8yekroken. De ytre bustene skiller vippene som en fj\u00e6r. Lash Sensational mascara skaper en illusjon av flere og tettere, volumin\u00f8se vipper. <\/p>\n<p>Hypoallergenisk, egnet for sensitive \u00f8yne. <\/p>\n<p>6 ml<\/p>\n","protected":false},"excerpt":{"rendered":"<p>Lash Sensational Sky High Waterproof Mascara gir deg intenst volum og fylde mens du separerer og klumper seg. Den revolusjonerende vippeb\u00f8rsten best\u00e5r av 10 rader og 6 forskjellige busttyper. De indre bustene hjelper til med \u00e5 n\u00e5 de minste vippene i \u00f8yekroken. De ytre bustene skiller vippene som en fj\u00e6r. Lash Sensational mascara skaper en [&hellip;]<\/p>\n","protected":false},"featured_media":397156,"comment_status":"open","ping_status":"closed","template":"","meta":{"_trash_the_other_posts":false},"product_brand":[],"product_cat":[1003,618],"product_tag":[],"berocket_brand":[1016],"class_list":{"0":"post-397157","1":"product","2":"type-product","3":"status-publish","4":"has-post-thumbnail","6":"product_cat-bestselgere","7":"product_cat-mascara","8":"pa_brand-maybelline","9":"berocket_brand-maybelline","11":"first","12":"instock","13":"sale","14":"taxable","15":"shipping-taxable","16":"purchasable","17":"product-type-simple"},"_links":{"self":[{"href":"https:\/\/stylingagenten.com\/no\/wp-json\/wp\/v2\/product\/397157","targetHints":{"allow":["GET"]}}],"collection":[{"href":"https:\/\/stylingagenten.com\/no\/wp-json\/wp\/v2\/product"}],"about":[{"href":"https:\/\/stylingagenten.com\/no\/wp-json\/wp\/v2\/types\/product"}],"replies":[{"embeddable":true,"href":"https:\/\/stylingagenten.com\/no\/wp-json\/wp\/v2\/comments?post=397157"}],"version-history":[{"count":0,"href":"https:\/\/stylingagenten.com\/no\/wp-json\/wp\/v2\/product\/397157\/revisions"}],"wp:featuredmedia":[{"embeddable":true,"href":"https:\/\/stylingagenten.com\/no\/wp-json\/wp\/v2\/media\/397156"}],"wp:attachment":[{"href":"https:\/\/stylingagenten.com\/no\/wp-json\/wp\/v2\/media?parent=397157"}],"wp:term":[{"taxonomy":"product_brand","embeddable":true,"href":"https:\/\/stylingagenten.com\/no\/wp-json\/wp\/v2\/product_brand?post=397157"},{"taxonomy":"product_cat","embeddable":true,"href":"https:\/\/stylingagenten.com\/no\/wp-json\/wp\/v2\/product_cat?post=397157"},{"taxonomy":"product_tag","embeddable":true,"href":"https:\/\/stylingagenten.com\/no\/wp-json\/wp\/v2\/product_tag?post=397157"},{"taxonomy":"berocket_brand","embeddable":true,"href":"https:\/\/stylingagenten.com\/no\/wp-json\/wp\/v2\/berocket_brand?post=397157"}],"curies":[{"name":"wp","href":"https:\/\/api.w.org\/{rel}","templated":true}]}}