{"id":397150,"date":"2025-05-18T22:29:21","date_gmt":"2025-05-18T22:29:21","guid":{"rendered":"https:\/\/staging2.stylingagenten.com\/no\/produkt\/artdeco-volume-supreme-mascara-1-15ml\/"},"modified":"2026-03-15T07:07:53","modified_gmt":"2026-03-15T07:07:53","slug":"artdeco-volume-supreme-mascara-1-15ml","status":"publish","type":"product","link":"https:\/\/stylingagenten.com\/no\/produkt\/artdeco-volume-supreme-mascara-1-15ml\/","title":{"rendered":"Artdeco Volume Supreme Mascara 1 15ml"},"content":{"rendered":"<p>Artdeco Volume Supreme Mascara 1 15ml<br \/>Gi \u00f8yevippene den oppmerksomheten de fortjener med Volume Supreme Mascara. \u00d8yevippene f\u00f8les tykkere, blir intensivt buede og f\u00e5r mye volum. Den fleksible gummib\u00f8rsten skiller seg, og med den smale spissen n\u00e5r du de korteste vippene. Smiler ikke og varer i opptil 10 timer. Egnet for sensitive \u00f8yne og brukere av kontaktlinser.<br \/>\u2022 Tykkere og intenst buede vipper fulle av volum<br \/>\u2022 Fleksibel gummib\u00f8rste som n\u00e5r alle vipper<br \/>\u2022 Smusser ikke og varer i opptil 10 timer<br \/>\u2022 Egnet for sensitive \u00f8yne og kontaktlinsebrukere<br \/>\u2022 Dermatologisk godkjent og klinisk testet<br \/>\u2022 Vegansk<\/p>\n","protected":false},"excerpt":{"rendered":"<p>Artdeco Volume Supreme Mascara 1 15mlGi \u00f8yevippene den oppmerksomheten de fortjener med Volume Supreme Mascara. \u00d8yevippene f\u00f8les tykkere, blir intensivt buede og f\u00e5r mye volum. Den fleksible gummib\u00f8rsten skiller seg, og med den smale spissen n\u00e5r du de korteste vippene. Smiler ikke og varer i opptil 10 timer. Egnet for sensitive \u00f8yne og brukere av [&hellip;]<\/p>\n","protected":false},"featured_media":397143,"comment_status":"open","ping_status":"closed","template":"","meta":{"_trash_the_other_posts":false},"product_brand":[],"product_cat":[618],"product_tag":[],"berocket_brand":[1385],"class_list":{"0":"post-397150","1":"product","2":"type-product","3":"status-publish","4":"has-post-thumbnail","6":"product_cat-mascara","7":"pa_brand-artdeco","8":"berocket_brand-artdeco","10":"first","11":"instock","12":"sale","13":"taxable","14":"shipping-taxable","15":"purchasable","16":"product-type-simple"},"_links":{"self":[{"href":"https:\/\/stylingagenten.com\/no\/wp-json\/wp\/v2\/product\/397150","targetHints":{"allow":["GET"]}}],"collection":[{"href":"https:\/\/stylingagenten.com\/no\/wp-json\/wp\/v2\/product"}],"about":[{"href":"https:\/\/stylingagenten.com\/no\/wp-json\/wp\/v2\/types\/product"}],"replies":[{"embeddable":true,"href":"https:\/\/stylingagenten.com\/no\/wp-json\/wp\/v2\/comments?post=397150"}],"version-history":[{"count":0,"href":"https:\/\/stylingagenten.com\/no\/wp-json\/wp\/v2\/product\/397150\/revisions"}],"wp:featuredmedia":[{"embeddable":true,"href":"https:\/\/stylingagenten.com\/no\/wp-json\/wp\/v2\/media\/397143"}],"wp:attachment":[{"href":"https:\/\/stylingagenten.com\/no\/wp-json\/wp\/v2\/media?parent=397150"}],"wp:term":[{"taxonomy":"product_brand","embeddable":true,"href":"https:\/\/stylingagenten.com\/no\/wp-json\/wp\/v2\/product_brand?post=397150"},{"taxonomy":"product_cat","embeddable":true,"href":"https:\/\/stylingagenten.com\/no\/wp-json\/wp\/v2\/product_cat?post=397150"},{"taxonomy":"product_tag","embeddable":true,"href":"https:\/\/stylingagenten.com\/no\/wp-json\/wp\/v2\/product_tag?post=397150"},{"taxonomy":"berocket_brand","embeddable":true,"href":"https:\/\/stylingagenten.com\/no\/wp-json\/wp\/v2\/berocket_brand?post=397150"}],"curies":[{"name":"wp","href":"https:\/\/api.w.org\/{rel}","templated":true}]}}