{"id":397142,"date":"2025-05-18T22:29:18","date_gmt":"2025-05-18T22:29:18","guid":{"rendered":"https:\/\/staging2.stylingagenten.com\/no\/produkt\/maybelline-lash-sensational-sky-high-mascara-black\/"},"modified":"2026-04-14T10:08:49","modified_gmt":"2026-04-14T10:08:49","slug":"maybelline-lash-sensational-sky-high-mascara-black","status":"publish","type":"product","link":"https:\/\/stylingagenten.com\/no\/produkt\/maybelline-lash-sensational-sky-high-mascara-black\/","title":{"rendered":"Maybelline Lash Sensational Sky High Mascara Black"},"content":{"rendered":"<p>Maybelline Lash Sensational Sky High-mascara tar vippene dine til skyh\u00f8ye h\u00f8yder, fra alle vinkler. N\u00e5 er ubegrenset volum kombinert med uendelig lengde. Forlengende mascara som passer for sensitive \u00f8yne i en svart nyanse.&nbsp;<br \/>Gir vippene et l\u00f8ft og forlenger dem samtidig som volumet \u00f8ker betydelig. Lang, fleksibel b\u00f8rste gir fleksibelt volum og lengde til hver \u00f8yevippe, fra rot til spiss. Maybelline Lash Sensational Sky High Mascara-formel, som er beriket med fiber og bambusekstrakt, gir lange og fyldige vipper som f\u00f8les lette. Egnet for sensitive \u00f8yne. Lett \u00e5 fjerne.<\/p>\n","protected":false},"excerpt":{"rendered":"<p>Maybelline Lash Sensational Sky High-mascara tar vippene dine til skyh\u00f8ye h\u00f8yder, fra alle vinkler. N\u00e5 er ubegrenset volum kombinert med uendelig lengde. Forlengende mascara som passer for sensitive \u00f8yne i en svart nyanse.&nbsp;Gir vippene et l\u00f8ft og forlenger dem samtidig som volumet \u00f8ker betydelig. Lang, fleksibel b\u00f8rste gir fleksibelt volum og lengde til hver \u00f8yevippe, [&hellip;]<\/p>\n","protected":false},"featured_media":397141,"comment_status":"open","ping_status":"closed","template":"","meta":{"_trash_the_other_posts":false},"product_brand":[],"product_cat":[618],"product_tag":[],"berocket_brand":[1016],"class_list":{"0":"post-397142","1":"product","2":"type-product","3":"status-publish","4":"has-post-thumbnail","6":"product_cat-mascara","7":"pa_brand-maybelline","8":"berocket_brand-maybelline","10":"first","11":"outofstock","12":"sale","13":"taxable","14":"shipping-taxable","15":"purchasable","16":"product-type-simple"},"_links":{"self":[{"href":"https:\/\/stylingagenten.com\/no\/wp-json\/wp\/v2\/product\/397142","targetHints":{"allow":["GET"]}}],"collection":[{"href":"https:\/\/stylingagenten.com\/no\/wp-json\/wp\/v2\/product"}],"about":[{"href":"https:\/\/stylingagenten.com\/no\/wp-json\/wp\/v2\/types\/product"}],"replies":[{"embeddable":true,"href":"https:\/\/stylingagenten.com\/no\/wp-json\/wp\/v2\/comments?post=397142"}],"version-history":[{"count":0,"href":"https:\/\/stylingagenten.com\/no\/wp-json\/wp\/v2\/product\/397142\/revisions"}],"wp:featuredmedia":[{"embeddable":true,"href":"https:\/\/stylingagenten.com\/no\/wp-json\/wp\/v2\/media\/397141"}],"wp:attachment":[{"href":"https:\/\/stylingagenten.com\/no\/wp-json\/wp\/v2\/media?parent=397142"}],"wp:term":[{"taxonomy":"product_brand","embeddable":true,"href":"https:\/\/stylingagenten.com\/no\/wp-json\/wp\/v2\/product_brand?post=397142"},{"taxonomy":"product_cat","embeddable":true,"href":"https:\/\/stylingagenten.com\/no\/wp-json\/wp\/v2\/product_cat?post=397142"},{"taxonomy":"product_tag","embeddable":true,"href":"https:\/\/stylingagenten.com\/no\/wp-json\/wp\/v2\/product_tag?post=397142"},{"taxonomy":"berocket_brand","embeddable":true,"href":"https:\/\/stylingagenten.com\/no\/wp-json\/wp\/v2\/berocket_brand?post=397142"}],"curies":[{"name":"wp","href":"https:\/\/api.w.org\/{rel}","templated":true}]}}