{"id":397140,"date":"2025-05-18T22:29:17","date_gmt":"2025-05-18T22:29:17","guid":{"rendered":"https:\/\/staging2.stylingagenten.com\/no\/produkt\/artdeco-lash-booster-10ml\/"},"modified":"2026-03-25T08:08:47","modified_gmt":"2026-03-25T08:08:47","slug":"artdeco-lash-booster-10ml","status":"publish","type":"product","link":"https:\/\/stylingagenten.com\/no\/produkt\/artdeco-lash-booster-10ml\/","title":{"rendered":"Artdeco Lash Booster 10ml"},"content":{"rendered":"<p>Artdeco Lash Booster 10ml<br \/>Lash Booster Mascara Base er en pleiende mascaraprimer som er beriket med mineraler og algeekstrakter. Den unike formelen dekker hver eneste \u00f8yevippe som f\u00f8les lengre og fyldigere \u2013 perfekt for korte og tynne vipper! R\u00f8dalgeekstrakt fukter, forbedrer fleksibiliteten og gir en silkeaktig glans, mens brunalgeekstrakt f\u00e5r vippene til \u00e5 f\u00f8les mer volumin\u00f8se.<br \/>\u2022 N\u00e6rende mascaraprimer<br \/>\u2022 Beriket med n\u00e6rende mineraler og algeekstrakt<br \/>\u2022 Vippene f\u00f8les lengre og fyldigere <br \/>\u2022 Vegansk<\/p>\n","protected":false},"excerpt":{"rendered":"<p>Artdeco Lash Booster 10mlLash Booster Mascara Base er en pleiende mascaraprimer som er beriket med mineraler og algeekstrakter. Den unike formelen dekker hver eneste \u00f8yevippe som f\u00f8les lengre og fyldigere \u2013 perfekt for korte og tynne vipper! R\u00f8dalgeekstrakt fukter, forbedrer fleksibiliteten og gir en silkeaktig glans, mens brunalgeekstrakt f\u00e5r vippene til \u00e5 f\u00f8les mer volumin\u00f8se.\u2022 [&hellip;]<\/p>\n","protected":false},"featured_media":397139,"comment_status":"open","ping_status":"closed","template":"","meta":{"_trash_the_other_posts":false},"product_brand":[],"product_cat":[716],"product_tag":[],"berocket_brand":[1385],"class_list":{"0":"post-397140","1":"product","2":"type-product","3":"status-publish","4":"has-post-thumbnail","6":"product_cat-maskaraprimer","7":"pa_brand-artdeco","8":"berocket_brand-artdeco","10":"first","11":"outofstock","12":"sale","13":"taxable","14":"shipping-taxable","15":"purchasable","16":"product-type-simple"},"_links":{"self":[{"href":"https:\/\/stylingagenten.com\/no\/wp-json\/wp\/v2\/product\/397140","targetHints":{"allow":["GET"]}}],"collection":[{"href":"https:\/\/stylingagenten.com\/no\/wp-json\/wp\/v2\/product"}],"about":[{"href":"https:\/\/stylingagenten.com\/no\/wp-json\/wp\/v2\/types\/product"}],"replies":[{"embeddable":true,"href":"https:\/\/stylingagenten.com\/no\/wp-json\/wp\/v2\/comments?post=397140"}],"version-history":[{"count":0,"href":"https:\/\/stylingagenten.com\/no\/wp-json\/wp\/v2\/product\/397140\/revisions"}],"wp:featuredmedia":[{"embeddable":true,"href":"https:\/\/stylingagenten.com\/no\/wp-json\/wp\/v2\/media\/397139"}],"wp:attachment":[{"href":"https:\/\/stylingagenten.com\/no\/wp-json\/wp\/v2\/media?parent=397140"}],"wp:term":[{"taxonomy":"product_brand","embeddable":true,"href":"https:\/\/stylingagenten.com\/no\/wp-json\/wp\/v2\/product_brand?post=397140"},{"taxonomy":"product_cat","embeddable":true,"href":"https:\/\/stylingagenten.com\/no\/wp-json\/wp\/v2\/product_cat?post=397140"},{"taxonomy":"product_tag","embeddable":true,"href":"https:\/\/stylingagenten.com\/no\/wp-json\/wp\/v2\/product_tag?post=397140"},{"taxonomy":"berocket_brand","embeddable":true,"href":"https:\/\/stylingagenten.com\/no\/wp-json\/wp\/v2\/berocket_brand?post=397140"}],"curies":[{"name":"wp","href":"https:\/\/api.w.org\/{rel}","templated":true}]}}