{"id":397136,"date":"2025-05-18T22:29:15","date_gmt":"2025-05-18T22:29:15","guid":{"rendered":"https:\/\/staging2.stylingagenten.com\/no\/produkt\/loreal-paris-air-volume-30h-mega-mascara-extra-black\/"},"modified":"2026-04-01T20:18:49","modified_gmt":"2026-04-01T20:18:49","slug":"loreal-paris-air-volume-30h-mega-mascara-extra-black","status":"publish","type":"product","link":"https:\/\/stylingagenten.com\/no\/produkt\/loreal-paris-air-volume-30h-mega-mascara-extra-black\/","title":{"rendered":"L&#8217;Or\u00e9al Paris Air Volume 30H Mega Mascara Extra Black"},"content":{"rendered":"<p>Bl\u00e5s bort alle volumregler! L&#8217;Or\u00e9al Paris Air Volume 30H Mega Black mascara gir vippene dine megavolum! Resultater som varer i opptil 30 timer* og som fortsatt f\u00f8les lett som luft. Den lette, men likevel intense formelen dekker vippene fra rot til tupp og fyller dem med \u00f8yeblikkelig megavolum p\u00e5 bare \u00e9n p\u00e5f\u00f8ring. Smuldrer ikke ut og motst\u00e5r svette &#8211; for \u00e5 vare hele dagen og natten. Hypoallergen formel. *instrumentell test, 118 personer<\/p>\n","protected":false},"excerpt":{"rendered":"<p>Bl\u00e5s bort alle volumregler! L&#8217;Or\u00e9al Paris Air Volume 30H Mega Black mascara gir vippene dine megavolum! Resultater som varer i opptil 30 timer* og som fortsatt f\u00f8les lett som luft. Den lette, men likevel intense formelen dekker vippene fra rot til tupp og fyller dem med \u00f8yeblikkelig megavolum p\u00e5 bare \u00e9n p\u00e5f\u00f8ring. Smuldrer ikke ut [&hellip;]<\/p>\n","protected":false},"featured_media":397133,"comment_status":"open","ping_status":"closed","template":"","meta":{"_trash_the_other_posts":false},"product_brand":[],"product_cat":[618],"product_tag":[],"berocket_brand":[2001],"class_list":{"0":"post-397136","1":"product","2":"type-product","3":"status-publish","4":"has-post-thumbnail","6":"product_cat-mascara","7":"pa_brand-loreal-paris-2","8":"berocket_brand-loreal-paris","10":"first","11":"instock","12":"sale","13":"taxable","14":"shipping-taxable","15":"purchasable","16":"product-type-simple"},"_links":{"self":[{"href":"https:\/\/stylingagenten.com\/no\/wp-json\/wp\/v2\/product\/397136","targetHints":{"allow":["GET"]}}],"collection":[{"href":"https:\/\/stylingagenten.com\/no\/wp-json\/wp\/v2\/product"}],"about":[{"href":"https:\/\/stylingagenten.com\/no\/wp-json\/wp\/v2\/types\/product"}],"replies":[{"embeddable":true,"href":"https:\/\/stylingagenten.com\/no\/wp-json\/wp\/v2\/comments?post=397136"}],"version-history":[{"count":0,"href":"https:\/\/stylingagenten.com\/no\/wp-json\/wp\/v2\/product\/397136\/revisions"}],"wp:featuredmedia":[{"embeddable":true,"href":"https:\/\/stylingagenten.com\/no\/wp-json\/wp\/v2\/media\/397133"}],"wp:attachment":[{"href":"https:\/\/stylingagenten.com\/no\/wp-json\/wp\/v2\/media?parent=397136"}],"wp:term":[{"taxonomy":"product_brand","embeddable":true,"href":"https:\/\/stylingagenten.com\/no\/wp-json\/wp\/v2\/product_brand?post=397136"},{"taxonomy":"product_cat","embeddable":true,"href":"https:\/\/stylingagenten.com\/no\/wp-json\/wp\/v2\/product_cat?post=397136"},{"taxonomy":"product_tag","embeddable":true,"href":"https:\/\/stylingagenten.com\/no\/wp-json\/wp\/v2\/product_tag?post=397136"},{"taxonomy":"berocket_brand","embeddable":true,"href":"https:\/\/stylingagenten.com\/no\/wp-json\/wp\/v2\/berocket_brand?post=397136"}],"curies":[{"name":"wp","href":"https:\/\/api.w.org\/{rel}","templated":true}]}}