{"id":397126,"date":"2025-05-18T22:29:12","date_gmt":"2025-05-18T22:29:12","guid":{"rendered":"https:\/\/staging2.stylingagenten.com\/no\/produkt\/artdeco-mascara-all-in-one-brown-10ml\/"},"modified":"2026-02-16T14:20:42","modified_gmt":"2026-02-16T14:20:42","slug":"artdeco-mascara-all-in-one-brown-10ml","status":"publish","type":"product","link":"https:\/\/stylingagenten.com\/no\/produkt\/artdeco-mascara-all-in-one-brown-10ml\/","title":{"rendered":"Artdeco Mascara All In One Brown 10ml"},"content":{"rendered":"<p>Artdeco Mascara All In One Brown 10ml<br \/>Vakre vipper, uansett anledning! All In One Mascara takler alle utfordringer og gir lange, volumin\u00f8se og buede vipper. Den spesielle mascarab\u00f8rsten er en kombinasjon av to forskjellige b\u00f8rster. De tettere omr\u00e5dene p\u00e5 b\u00f8rsten er perfekte for \u00e5 skille vippene, mens omr\u00e5dene med f\u00e6rre fibre tilf\u00f8rer farge og volum. Formelen er ogs\u00e5 smuldrende og smussfri, pleiende og ekstra slitesterk!<br \/>\u2022 Gir lange, volumin\u00f8se og buede vipper<br \/>\u2022 Kombinert mascarab\u00f8rste<br \/>\u2022 Smuldrende, smussfritt og slitesterkt resultat<br \/>\u2022 Carnauba voks pleier og gir glans <br \/>\u2022 Vegansk<\/p>\n","protected":false},"excerpt":{"rendered":"<p>Artdeco Mascara All In One Brown 10mlVakre vipper, uansett anledning! All In One Mascara takler alle utfordringer og gir lange, volumin\u00f8se og buede vipper. Den spesielle mascarab\u00f8rsten er en kombinasjon av to forskjellige b\u00f8rster. De tettere omr\u00e5dene p\u00e5 b\u00f8rsten er perfekte for \u00e5 skille vippene, mens omr\u00e5dene med f\u00e6rre fibre tilf\u00f8rer farge og volum. Formelen [&hellip;]<\/p>\n","protected":false},"featured_media":397125,"comment_status":"open","ping_status":"closed","template":"","meta":{"_trash_the_other_posts":false},"product_brand":[],"product_cat":[618],"product_tag":[2434],"berocket_brand":[1385],"class_list":{"0":"post-397126","1":"product","2":"type-product","3":"status-publish","4":"has-post-thumbnail","6":"product_cat-mascara","7":"product_tag-artdeco-mascara-all-in-one-10ml","8":"pa_brand-artdeco","9":"pa_variant-brown","10":"berocket_brand-artdeco","12":"first","13":"instock","14":"sale","15":"taxable","16":"shipping-taxable","17":"purchasable","18":"product-type-simple"},"_links":{"self":[{"href":"https:\/\/stylingagenten.com\/no\/wp-json\/wp\/v2\/product\/397126","targetHints":{"allow":["GET"]}}],"collection":[{"href":"https:\/\/stylingagenten.com\/no\/wp-json\/wp\/v2\/product"}],"about":[{"href":"https:\/\/stylingagenten.com\/no\/wp-json\/wp\/v2\/types\/product"}],"replies":[{"embeddable":true,"href":"https:\/\/stylingagenten.com\/no\/wp-json\/wp\/v2\/comments?post=397126"}],"version-history":[{"count":0,"href":"https:\/\/stylingagenten.com\/no\/wp-json\/wp\/v2\/product\/397126\/revisions"}],"wp:featuredmedia":[{"embeddable":true,"href":"https:\/\/stylingagenten.com\/no\/wp-json\/wp\/v2\/media\/397125"}],"wp:attachment":[{"href":"https:\/\/stylingagenten.com\/no\/wp-json\/wp\/v2\/media?parent=397126"}],"wp:term":[{"taxonomy":"product_brand","embeddable":true,"href":"https:\/\/stylingagenten.com\/no\/wp-json\/wp\/v2\/product_brand?post=397126"},{"taxonomy":"product_cat","embeddable":true,"href":"https:\/\/stylingagenten.com\/no\/wp-json\/wp\/v2\/product_cat?post=397126"},{"taxonomy":"product_tag","embeddable":true,"href":"https:\/\/stylingagenten.com\/no\/wp-json\/wp\/v2\/product_tag?post=397126"},{"taxonomy":"berocket_brand","embeddable":true,"href":"https:\/\/stylingagenten.com\/no\/wp-json\/wp\/v2\/berocket_brand?post=397126"}],"curies":[{"name":"wp","href":"https:\/\/api.w.org\/{rel}","templated":true}]}}