{"id":397111,"date":"2025-05-18T22:29:05","date_gmt":"2025-05-18T22:29:05","guid":{"rendered":"https:\/\/staging2.stylingagenten.com\/no\/produkt\/bareminerals-maximist-volumizing-phyto-fiber-mascara-9ml\/"},"modified":"2026-02-25T09:47:16","modified_gmt":"2026-02-25T09:47:16","slug":"bareminerals-maximist-volumizing-phyto-fiber-mascara-9ml","status":"publish","type":"product","link":"https:\/\/stylingagenten.com\/no\/produkt\/bareminerals-maximist-volumizing-phyto-fiber-mascara-9ml\/","title":{"rendered":"BareMinerals Maximist Volumizing Phyto-Fiber Mascara 9ml"},"content":{"rendered":"<p>Maksimere volum uten \u00e5 g\u00e5 p\u00e5 akkord med vippehelsen er den plantebaserte mascaraen som f\u00e5r deg og \u00f8ynene til \u00e5 besvime. Denne mascaraen f\u00e5r oss alle til \u00e5 skjelve (for ikke \u00e5 snakke om vippene v\u00e5re), begynner vi med \u00e5 rope ut den plantebaserte b\u00f8rsten eller umiddelbart gi volum?<\/p>\n<p>Smart laget med doble reservoarer for \u00e5 bygge maksimalt volum, denne grusomhetsfrie pensel sikrer at du oppn\u00e5r all dramatikken og mer. Vi har alle h\u00f8rt om fibre for \u00f8yeblikkelig volum&#8230;men har du sett upcyclede appelsinskallfibre f\u00f8r? Det trodde vi ikke! bareMinerals har utnyttet kraften sin til \u00e5 gi ekstremt volum med et knips med en tryllestav. \u00d8ker volumet ytterligere er et mikroalgekompleks, som styrker og gir n\u00e6ring til vippene dine over tid for \u00e5 la dem se og f\u00f8les synlig tykkere og tettere ut ved fortsatt bruk. Dette er den flaksikre volumgivende mascaraen som gj\u00f8r godt for vippene dine og planeten.<\/p>\n","protected":false},"excerpt":{"rendered":"<p>Maksimere volum uten \u00e5 g\u00e5 p\u00e5 akkord med vippehelsen er den plantebaserte mascaraen som f\u00e5r deg og \u00f8ynene til \u00e5 besvime. Denne mascaraen f\u00e5r oss alle til \u00e5 skjelve (for ikke \u00e5 snakke om vippene v\u00e5re), begynner vi med \u00e5 rope ut den plantebaserte b\u00f8rsten eller umiddelbart gi volum? Smart laget med doble reservoarer for [&hellip;]<\/p>\n","protected":false},"featured_media":397105,"comment_status":"open","ping_status":"closed","template":"","meta":{"_trash_the_other_posts":false},"product_brand":[],"product_cat":[618],"product_tag":[],"berocket_brand":[2008],"class_list":{"0":"post-397111","1":"product","2":"type-product","3":"status-publish","4":"has-post-thumbnail","6":"product_cat-mascara","7":"pa_brand-id-bareminerals","8":"berocket_brand-id-bareminerals","10":"first","11":"instock","12":"sale","13":"taxable","14":"shipping-taxable","15":"purchasable","16":"product-type-simple"},"_links":{"self":[{"href":"https:\/\/stylingagenten.com\/no\/wp-json\/wp\/v2\/product\/397111","targetHints":{"allow":["GET"]}}],"collection":[{"href":"https:\/\/stylingagenten.com\/no\/wp-json\/wp\/v2\/product"}],"about":[{"href":"https:\/\/stylingagenten.com\/no\/wp-json\/wp\/v2\/types\/product"}],"replies":[{"embeddable":true,"href":"https:\/\/stylingagenten.com\/no\/wp-json\/wp\/v2\/comments?post=397111"}],"version-history":[{"count":0,"href":"https:\/\/stylingagenten.com\/no\/wp-json\/wp\/v2\/product\/397111\/revisions"}],"wp:featuredmedia":[{"embeddable":true,"href":"https:\/\/stylingagenten.com\/no\/wp-json\/wp\/v2\/media\/397105"}],"wp:attachment":[{"href":"https:\/\/stylingagenten.com\/no\/wp-json\/wp\/v2\/media?parent=397111"}],"wp:term":[{"taxonomy":"product_brand","embeddable":true,"href":"https:\/\/stylingagenten.com\/no\/wp-json\/wp\/v2\/product_brand?post=397111"},{"taxonomy":"product_cat","embeddable":true,"href":"https:\/\/stylingagenten.com\/no\/wp-json\/wp\/v2\/product_cat?post=397111"},{"taxonomy":"product_tag","embeddable":true,"href":"https:\/\/stylingagenten.com\/no\/wp-json\/wp\/v2\/product_tag?post=397111"},{"taxonomy":"berocket_brand","embeddable":true,"href":"https:\/\/stylingagenten.com\/no\/wp-json\/wp\/v2\/berocket_brand?post=397111"}],"curies":[{"name":"wp","href":"https:\/\/api.w.org\/{rel}","templated":true}]}}