{"id":397097,"date":"2025-05-18T22:29:01","date_gmt":"2025-05-18T22:29:01","guid":{"rendered":"https:\/\/staging2.stylingagenten.com\/no\/produkt\/max-factor-masterpiece-2-in-1-lash-wow-mascara-001-black-7ml\/"},"modified":"2026-03-19T09:07:34","modified_gmt":"2026-03-19T09:07:34","slug":"max-factor-masterpiece-2-in-1-lash-wow-mascara-001-black-7ml","status":"publish","type":"product","link":"https:\/\/stylingagenten.com\/no\/produkt\/max-factor-masterpiece-2-in-1-lash-wow-mascara-001-black-7ml\/","title":{"rendered":"Max Factor Masterpiece 2 In 1 Lash Wow Mascara 001 Black 7ml"},"content":{"rendered":"<p>Max Factor Masterpiece 2 In 1 Lash Wow Mascara gir deg lange og ekstra fyldige vipper. Med en enkel vri p\u00e5 b\u00f8rsteh\u00e5ndtaket kan du forvandle utseendet ditt p\u00e5 et \u00f8yeblikk. Skill vippene og gi dem lengde, eller l\u00f8ft dem og gj\u00f8r dem fulle, du velger!<\/p>\n<p>Dette veganske produktet inneholder sunne ingredienser som pleier vippene. &#8211; Masterpiece 2 In 1 Lash Wow Mascara verken smuldrer eller klumper seg, men holder seg der den skal fra morgen til kveld. Mascaraen gir b\u00e5de lengde og volum og holder seg der den skal. Den er enkel \u00e5 p\u00e5f\u00f8re, dekker vippene fra rot til spiss og fanger ogs\u00e5 de sm\u00e5 vippene i den indre \u00f8yekroken.<\/p>\n<p>Max Factor Masterpiece 2 In 1 Lash Wow Mascara er testet av \u00f8yeleger og egner seg for sensitive \u00f8yne og brukere av kontaktlinser. Gi vippene dine et utseende som f\u00e5r alle til \u00e5 si WOW!<\/p>\n","protected":false},"excerpt":{"rendered":"<p>Max Factor Masterpiece 2 In 1 Lash Wow Mascara gir deg lange og ekstra fyldige vipper. Med en enkel vri p\u00e5 b\u00f8rsteh\u00e5ndtaket kan du forvandle utseendet ditt p\u00e5 et \u00f8yeblikk. Skill vippene og gi dem lengde, eller l\u00f8ft dem og gj\u00f8r dem fulle, du velger! Dette veganske produktet inneholder sunne ingredienser som pleier vippene. &#8211; [&hellip;]<\/p>\n","protected":false},"featured_media":397094,"comment_status":"open","ping_status":"closed","template":"","meta":{"_trash_the_other_posts":false},"product_brand":[],"product_cat":[618],"product_tag":[],"berocket_brand":[1013],"class_list":{"0":"post-397097","1":"product","2":"type-product","3":"status-publish","4":"has-post-thumbnail","6":"product_cat-mascara","7":"pa_brand-max-factor","8":"berocket_brand-max-factor","10":"first","11":"instock","12":"sale","13":"taxable","14":"shipping-taxable","15":"purchasable","16":"product-type-simple"},"_links":{"self":[{"href":"https:\/\/stylingagenten.com\/no\/wp-json\/wp\/v2\/product\/397097","targetHints":{"allow":["GET"]}}],"collection":[{"href":"https:\/\/stylingagenten.com\/no\/wp-json\/wp\/v2\/product"}],"about":[{"href":"https:\/\/stylingagenten.com\/no\/wp-json\/wp\/v2\/types\/product"}],"replies":[{"embeddable":true,"href":"https:\/\/stylingagenten.com\/no\/wp-json\/wp\/v2\/comments?post=397097"}],"version-history":[{"count":0,"href":"https:\/\/stylingagenten.com\/no\/wp-json\/wp\/v2\/product\/397097\/revisions"}],"wp:featuredmedia":[{"embeddable":true,"href":"https:\/\/stylingagenten.com\/no\/wp-json\/wp\/v2\/media\/397094"}],"wp:attachment":[{"href":"https:\/\/stylingagenten.com\/no\/wp-json\/wp\/v2\/media?parent=397097"}],"wp:term":[{"taxonomy":"product_brand","embeddable":true,"href":"https:\/\/stylingagenten.com\/no\/wp-json\/wp\/v2\/product_brand?post=397097"},{"taxonomy":"product_cat","embeddable":true,"href":"https:\/\/stylingagenten.com\/no\/wp-json\/wp\/v2\/product_cat?post=397097"},{"taxonomy":"product_tag","embeddable":true,"href":"https:\/\/stylingagenten.com\/no\/wp-json\/wp\/v2\/product_tag?post=397097"},{"taxonomy":"berocket_brand","embeddable":true,"href":"https:\/\/stylingagenten.com\/no\/wp-json\/wp\/v2\/berocket_brand?post=397097"}],"curies":[{"name":"wp","href":"https:\/\/api.w.org\/{rel}","templated":true}]}}