{"id":397091,"date":"2025-05-18T22:28:58","date_gmt":"2025-05-18T22:28:58","guid":{"rendered":"https:\/\/staging2.stylingagenten.com\/no\/produkt\/artdeco-mascara-angel-eyes-black-water-proof-10ml\/"},"modified":"2026-02-17T03:36:41","modified_gmt":"2026-02-17T03:36:41","slug":"artdeco-mascara-angel-eyes-black-water-proof-10ml","status":"publish","type":"product","link":"https:\/\/stylingagenten.com\/no\/produkt\/artdeco-mascara-angel-eyes-black-water-proof-10ml\/","title":{"rendered":"Artdeco Mascara Angel Eyes Black Water Proof 10ml"},"content":{"rendered":"<p>Artdeco Mascara Angel Eyes Black Water Proof 10ml<br \/>F\u00e5 dr\u00f8mmende vakre vipper med Angel Eyes Mascara Waterproof som har en \u00f8ye\u00e5pnende effekt. Den spesialformede b\u00f8rsten styler og definerer vippene perfekt ved \u00e5 tilf\u00f8re volum, lengde og kr\u00f8ll. Den fine tuppen n\u00e5r de minste vippene, mens den bredere delen av b\u00f8rsten fremhever vippene i \u00f8yekrokene og skaper et mer \u00e5pent inntrykk. Silica gj\u00f8r at vippene f\u00f8les tykkere mens ulike voks pleier, beskytter og gir glans.<br \/>\u2022 Vannfast mascara med en \u00f8ye\u00e5pnende effekt<br \/>\u2022 N\u00e5r selv de minste vippene<br \/>\u2022 Carnaubavoks pleier og gir glans<br \/> \u2022 Ved regelmessig bruk stimulerer veksten av silikavipper<br \/>\u2022 Ulike voks pleier, beskytter og tilf\u00f8rer glans<\/p>\n","protected":false},"excerpt":{"rendered":"<p>Artdeco Mascara Angel Eyes Black Water Proof 10mlF\u00e5 dr\u00f8mmende vakre vipper med Angel Eyes Mascara Waterproof som har en \u00f8ye\u00e5pnende effekt. Den spesialformede b\u00f8rsten styler og definerer vippene perfekt ved \u00e5 tilf\u00f8re volum, lengde og kr\u00f8ll. Den fine tuppen n\u00e5r de minste vippene, mens den bredere delen av b\u00f8rsten fremhever vippene i \u00f8yekrokene og skaper [&hellip;]<\/p>\n","protected":false},"featured_media":397087,"comment_status":"open","ping_status":"closed","template":"","meta":{"_trash_the_other_posts":false},"product_brand":[],"product_cat":[618],"product_tag":[],"berocket_brand":[1385],"class_list":{"0":"post-397091","1":"product","2":"type-product","3":"status-publish","4":"has-post-thumbnail","6":"product_cat-mascara","7":"pa_brand-artdeco","8":"berocket_brand-artdeco","10":"first","11":"instock","12":"sale","13":"taxable","14":"shipping-taxable","15":"purchasable","16":"product-type-simple"},"_links":{"self":[{"href":"https:\/\/stylingagenten.com\/no\/wp-json\/wp\/v2\/product\/397091","targetHints":{"allow":["GET"]}}],"collection":[{"href":"https:\/\/stylingagenten.com\/no\/wp-json\/wp\/v2\/product"}],"about":[{"href":"https:\/\/stylingagenten.com\/no\/wp-json\/wp\/v2\/types\/product"}],"replies":[{"embeddable":true,"href":"https:\/\/stylingagenten.com\/no\/wp-json\/wp\/v2\/comments?post=397091"}],"version-history":[{"count":0,"href":"https:\/\/stylingagenten.com\/no\/wp-json\/wp\/v2\/product\/397091\/revisions"}],"wp:featuredmedia":[{"embeddable":true,"href":"https:\/\/stylingagenten.com\/no\/wp-json\/wp\/v2\/media\/397087"}],"wp:attachment":[{"href":"https:\/\/stylingagenten.com\/no\/wp-json\/wp\/v2\/media?parent=397091"}],"wp:term":[{"taxonomy":"product_brand","embeddable":true,"href":"https:\/\/stylingagenten.com\/no\/wp-json\/wp\/v2\/product_brand?post=397091"},{"taxonomy":"product_cat","embeddable":true,"href":"https:\/\/stylingagenten.com\/no\/wp-json\/wp\/v2\/product_cat?post=397091"},{"taxonomy":"product_tag","embeddable":true,"href":"https:\/\/stylingagenten.com\/no\/wp-json\/wp\/v2\/product_tag?post=397091"},{"taxonomy":"berocket_brand","embeddable":true,"href":"https:\/\/stylingagenten.com\/no\/wp-json\/wp\/v2\/berocket_brand?post=397091"}],"curies":[{"name":"wp","href":"https:\/\/api.w.org\/{rel}","templated":true}]}}