{"id":397088,"date":"2025-05-18T22:28:57","date_gmt":"2025-05-18T22:28:57","guid":{"rendered":"https:\/\/staging2.stylingagenten.com\/no\/produkt\/maybelline-lash-sensational-sky-high-tinted-primer\/"},"modified":"2025-12-18T21:54:22","modified_gmt":"2025-12-18T21:54:22","slug":"maybelline-lash-sensational-sky-high-tinted-primer","status":"publish","type":"product","link":"https:\/\/stylingagenten.com\/no\/produkt\/maybelline-lash-sensational-sky-high-tinted-primer\/","title":{"rendered":"Maybelline Lash Sensational Sky High Tinted Primer"},"content":{"rendered":"<p>Fremhev vippene dine med Lash Sensational Sky High Tinted Primer fra Maybelline New York, en primer som gir vippene opptil 1,5 ganger volum* og ekstrem lengde**. Primerens svarte formel fremhever og bygger vippene for \u00e5 gi lengde og forsterke volumeffekten \u2013 for lange, fyldige vipper uten klumper! Lash Sensational Sky High Tinted Primer fra Maybelline New York er beriket med ceramid og B5-vitamin, og den n\u00e6rende formelen f\u00e5r vippene til \u00e5 f\u00f8les myke p\u00e5 bare 4 uker***. Primeren forlenger, fyller ut og pleier vippene dine. Testet under oftalmologisk kontroll. Passer for sensitive \u00f8yne.<\/p>\n<p>*Sammenlignet med kun Sky High Washable mascara.<\/p>\n<p>**Ved bruk i kombinasjon med Sky High Washable mascara.<\/p>\n<p>***Selvevaluering, 147 personer<\/p>\n","protected":false},"excerpt":{"rendered":"<p>Fremhev vippene dine med Lash Sensational Sky High Tinted Primer fra Maybelline New York, en primer som gir vippene opptil 1,5 ganger volum* og ekstrem lengde**. Primerens svarte formel fremhever og bygger vippene for \u00e5 gi lengde og forsterke volumeffekten \u2013 for lange, fyldige vipper uten klumper! Lash Sensational Sky High Tinted Primer fra Maybelline [&hellip;]<\/p>\n","protected":false},"featured_media":397079,"comment_status":"open","ping_status":"closed","template":"","meta":{"_trash_the_other_posts":false},"product_brand":[],"product_cat":[716],"product_tag":[],"berocket_brand":[1016],"class_list":{"0":"post-397088","1":"product","2":"type-product","3":"status-publish","4":"has-post-thumbnail","6":"product_cat-maskaraprimer","7":"pa_brand-maybelline","8":"berocket_brand-maybelline","10":"first","11":"instock","12":"sale","13":"taxable","14":"shipping-taxable","15":"purchasable","16":"product-type-simple"},"_links":{"self":[{"href":"https:\/\/stylingagenten.com\/no\/wp-json\/wp\/v2\/product\/397088","targetHints":{"allow":["GET"]}}],"collection":[{"href":"https:\/\/stylingagenten.com\/no\/wp-json\/wp\/v2\/product"}],"about":[{"href":"https:\/\/stylingagenten.com\/no\/wp-json\/wp\/v2\/types\/product"}],"replies":[{"embeddable":true,"href":"https:\/\/stylingagenten.com\/no\/wp-json\/wp\/v2\/comments?post=397088"}],"version-history":[{"count":0,"href":"https:\/\/stylingagenten.com\/no\/wp-json\/wp\/v2\/product\/397088\/revisions"}],"wp:featuredmedia":[{"embeddable":true,"href":"https:\/\/stylingagenten.com\/no\/wp-json\/wp\/v2\/media\/397079"}],"wp:attachment":[{"href":"https:\/\/stylingagenten.com\/no\/wp-json\/wp\/v2\/media?parent=397088"}],"wp:term":[{"taxonomy":"product_brand","embeddable":true,"href":"https:\/\/stylingagenten.com\/no\/wp-json\/wp\/v2\/product_brand?post=397088"},{"taxonomy":"product_cat","embeddable":true,"href":"https:\/\/stylingagenten.com\/no\/wp-json\/wp\/v2\/product_cat?post=397088"},{"taxonomy":"product_tag","embeddable":true,"href":"https:\/\/stylingagenten.com\/no\/wp-json\/wp\/v2\/product_tag?post=397088"},{"taxonomy":"berocket_brand","embeddable":true,"href":"https:\/\/stylingagenten.com\/no\/wp-json\/wp\/v2\/berocket_brand?post=397088"}],"curies":[{"name":"wp","href":"https:\/\/api.w.org\/{rel}","templated":true}]}}