{"id":397070,"date":"2025-05-18T22:28:52","date_gmt":"2025-05-18T22:28:52","guid":{"rendered":"https:\/\/staging2.stylingagenten.com\/no\/produkt\/artdeco-twist-for-volume-mascara-8ml\/"},"modified":"2025-12-18T21:29:13","modified_gmt":"2025-12-18T21:29:13","slug":"artdeco-twist-for-volume-mascara-8ml","status":"publish","type":"product","link":"https:\/\/stylingagenten.com\/no\/produkt\/artdeco-twist-for-volume-mascara-8ml\/","title":{"rendered":"Artdeco Twist For Volume Mascara 8ml"},"content":{"rendered":"<p>Let&#8217;s twist! Artdeco Twist for Volume Mascara er en 2-i-1-mascara som gir b\u00e5de lengde og volum. For lengde og separasjon, velger du twisted-out-modus. Hvis du \u00f8nsker volum og b\u00f8y, velger du twisted-in-modusen. Vil du ha alt? Kombiner b\u00f8rstene!<\/p>\n<p>-2-i-1-mascara som gir lengde, volum, b\u00f8y og separerte vipper<br \/>\n<br \/>-Enkelt \u00e5 velge effekt med twist-funksjonen<br \/>\n<br \/>-Carnaubavoks n\u00e6rer og gir glans<br \/>\n<br \/>-Ricinolje styrker vippene og kan gj\u00f8re dem fyldigere over tid<br \/>\n<br \/>-Vegansk<\/p>\n","protected":false},"excerpt":{"rendered":"<p>Let&#8217;s twist! Artdeco Twist for Volume Mascara er en 2-i-1-mascara som gir b\u00e5de lengde og volum. For lengde og separasjon, velger du twisted-out-modus. Hvis du \u00f8nsker volum og b\u00f8y, velger du twisted-in-modusen. Vil du ha alt? Kombiner b\u00f8rstene! -2-i-1-mascara som gir lengde, volum, b\u00f8y og separerte vipper -Enkelt \u00e5 velge effekt med twist-funksjonen -Carnaubavoks n\u00e6rer [&hellip;]<\/p>\n","protected":false},"featured_media":397060,"comment_status":"open","ping_status":"closed","template":"","meta":{"_trash_the_other_posts":false},"product_brand":[],"product_cat":[618],"product_tag":[],"berocket_brand":[1385],"class_list":{"0":"post-397070","1":"product","2":"type-product","3":"status-publish","4":"has-post-thumbnail","6":"product_cat-mascara","7":"pa_brand-artdeco","8":"berocket_brand-artdeco","10":"first","11":"instock","12":"sale","13":"taxable","14":"shipping-taxable","15":"purchasable","16":"product-type-simple"},"_links":{"self":[{"href":"https:\/\/stylingagenten.com\/no\/wp-json\/wp\/v2\/product\/397070","targetHints":{"allow":["GET"]}}],"collection":[{"href":"https:\/\/stylingagenten.com\/no\/wp-json\/wp\/v2\/product"}],"about":[{"href":"https:\/\/stylingagenten.com\/no\/wp-json\/wp\/v2\/types\/product"}],"replies":[{"embeddable":true,"href":"https:\/\/stylingagenten.com\/no\/wp-json\/wp\/v2\/comments?post=397070"}],"version-history":[{"count":0,"href":"https:\/\/stylingagenten.com\/no\/wp-json\/wp\/v2\/product\/397070\/revisions"}],"wp:featuredmedia":[{"embeddable":true,"href":"https:\/\/stylingagenten.com\/no\/wp-json\/wp\/v2\/media\/397060"}],"wp:attachment":[{"href":"https:\/\/stylingagenten.com\/no\/wp-json\/wp\/v2\/media?parent=397070"}],"wp:term":[{"taxonomy":"product_brand","embeddable":true,"href":"https:\/\/stylingagenten.com\/no\/wp-json\/wp\/v2\/product_brand?post=397070"},{"taxonomy":"product_cat","embeddable":true,"href":"https:\/\/stylingagenten.com\/no\/wp-json\/wp\/v2\/product_cat?post=397070"},{"taxonomy":"product_tag","embeddable":true,"href":"https:\/\/stylingagenten.com\/no\/wp-json\/wp\/v2\/product_tag?post=397070"},{"taxonomy":"berocket_brand","embeddable":true,"href":"https:\/\/stylingagenten.com\/no\/wp-json\/wp\/v2\/berocket_brand?post=397070"}],"curies":[{"name":"wp","href":"https:\/\/api.w.org\/{rel}","templated":true}]}}