{"id":397067,"date":"2025-05-18T22:28:51","date_gmt":"2025-05-18T22:28:51","guid":{"rendered":"https:\/\/staging2.stylingagenten.com\/no\/produkt\/artdeco-ultra-deep-black-mascara-8ml\/"},"modified":"2026-02-28T13:34:04","modified_gmt":"2026-02-28T13:34:04","slug":"artdeco-ultra-deep-black-mascara-8ml","status":"publish","type":"product","link":"https:\/\/stylingagenten.com\/no\/produkt\/artdeco-ultra-deep-black-mascara-8ml\/","title":{"rendered":"Artdeco Ultra Deep Black Mascara 8ml"},"content":{"rendered":"<p>Ultra Deep Black Mascara inneholder intense svarte pigmenter som omslutter vippene dine for en jevn og dypt svart finish. Den innovative kosten intensiverer den dype svarte effekten med sine tett pakket b\u00f8rster av ulike lengder. Dette garanterer et spesielt jevnt og intens lag av mascara. De kortere bustene p\u00e5 gummikosten n\u00e5r selv de korteste vippene og omgir dem i en m\u00f8rk tone og skaper volum, mens de lengre bustene separerer vippene og f\u00e5r dem til \u00e5 se lengre ut. Spissen p\u00e5 kosten har ogs\u00e5 korte bust for ultimat n\u00f8yaktighet. Tilsetningen av naturlig karnaubavoks og ricinolje i formelen beskytter vippene og holder dem smidige.<\/p>\n<p>8 ml<\/p>\n","protected":false},"excerpt":{"rendered":"<p>Ultra Deep Black Mascara inneholder intense svarte pigmenter som omslutter vippene dine for en jevn og dypt svart finish. Den innovative kosten intensiverer den dype svarte effekten med sine tett pakket b\u00f8rster av ulike lengder. Dette garanterer et spesielt jevnt og intens lag av mascara. De kortere bustene p\u00e5 gummikosten n\u00e5r selv de korteste vippene [&hellip;]<\/p>\n","protected":false},"featured_media":397061,"comment_status":"open","ping_status":"closed","template":"","meta":{"_trash_the_other_posts":false},"product_brand":[],"product_cat":[618],"product_tag":[],"berocket_brand":[1385],"class_list":{"0":"post-397067","1":"product","2":"type-product","3":"status-publish","4":"has-post-thumbnail","6":"product_cat-mascara","7":"pa_brand-artdeco","8":"berocket_brand-artdeco","10":"first","11":"instock","12":"sale","13":"taxable","14":"shipping-taxable","15":"purchasable","16":"product-type-simple"},"_links":{"self":[{"href":"https:\/\/stylingagenten.com\/no\/wp-json\/wp\/v2\/product\/397067","targetHints":{"allow":["GET"]}}],"collection":[{"href":"https:\/\/stylingagenten.com\/no\/wp-json\/wp\/v2\/product"}],"about":[{"href":"https:\/\/stylingagenten.com\/no\/wp-json\/wp\/v2\/types\/product"}],"replies":[{"embeddable":true,"href":"https:\/\/stylingagenten.com\/no\/wp-json\/wp\/v2\/comments?post=397067"}],"version-history":[{"count":0,"href":"https:\/\/stylingagenten.com\/no\/wp-json\/wp\/v2\/product\/397067\/revisions"}],"wp:featuredmedia":[{"embeddable":true,"href":"https:\/\/stylingagenten.com\/no\/wp-json\/wp\/v2\/media\/397061"}],"wp:attachment":[{"href":"https:\/\/stylingagenten.com\/no\/wp-json\/wp\/v2\/media?parent=397067"}],"wp:term":[{"taxonomy":"product_brand","embeddable":true,"href":"https:\/\/stylingagenten.com\/no\/wp-json\/wp\/v2\/product_brand?post=397067"},{"taxonomy":"product_cat","embeddable":true,"href":"https:\/\/stylingagenten.com\/no\/wp-json\/wp\/v2\/product_cat?post=397067"},{"taxonomy":"product_tag","embeddable":true,"href":"https:\/\/stylingagenten.com\/no\/wp-json\/wp\/v2\/product_tag?post=397067"},{"taxonomy":"berocket_brand","embeddable":true,"href":"https:\/\/stylingagenten.com\/no\/wp-json\/wp\/v2\/berocket_brand?post=397067"}],"curies":[{"name":"wp","href":"https:\/\/api.w.org\/{rel}","templated":true}]}}