{"id":397054,"date":"2025-05-18T22:28:47","date_gmt":"2025-05-18T22:28:47","guid":{"rendered":"https:\/\/staging2.stylingagenten.com\/no\/produkt\/maybelline-falsies-surreal-extensions-mascara-very-black-10ml\/"},"modified":"2026-02-21T12:16:58","modified_gmt":"2026-02-21T12:16:58","slug":"maybelline-falsies-surreal-extensions-mascara-very-black-10ml","status":"publish","type":"product","link":"https:\/\/stylingagenten.com\/no\/produkt\/maybelline-falsies-surreal-extensions-mascara-very-black-10ml\/","title":{"rendered":"Maybelline Falsies Surreal Extensions Mascara Very Black 10ml"},"content":{"rendered":"<p>Fremhev det beste i vippene dine med Maybelline New York Falsies Surreal Extensions Mascara Very Black! Denne fibermascaraen forlenger vippene dine og lar deg enkelt bygge b\u00e5de kr\u00f8ll og opptil 10x mer volum*. Med den smidige b\u00f8rsten p\u00e5f\u00f8rer du enkelt den intenst svarte formelen lag p\u00e5 lag til du oppn\u00e5r det volumet du dr\u00f8mmer om.<\/p>\n<p>10ml<\/p>\n","protected":false},"excerpt":{"rendered":"<p>Fremhev det beste i vippene dine med Maybelline New York Falsies Surreal Extensions Mascara Very Black! Denne fibermascaraen forlenger vippene dine og lar deg enkelt bygge b\u00e5de kr\u00f8ll og opptil 10x mer volum*. Med den smidige b\u00f8rsten p\u00e5f\u00f8rer du enkelt den intenst svarte formelen lag p\u00e5 lag til du oppn\u00e5r det volumet du dr\u00f8mmer om. [&hellip;]<\/p>\n","protected":false},"featured_media":397039,"comment_status":"open","ping_status":"closed","template":"","meta":{"_trash_the_other_posts":false},"product_brand":[],"product_cat":[618],"product_tag":[],"berocket_brand":[1016],"class_list":{"0":"post-397054","1":"product","2":"type-product","3":"status-publish","4":"has-post-thumbnail","6":"product_cat-mascara","7":"pa_brand-maybelline","8":"berocket_brand-maybelline","10":"first","11":"instock","12":"sale","13":"taxable","14":"shipping-taxable","15":"purchasable","16":"product-type-simple"},"_links":{"self":[{"href":"https:\/\/stylingagenten.com\/no\/wp-json\/wp\/v2\/product\/397054","targetHints":{"allow":["GET"]}}],"collection":[{"href":"https:\/\/stylingagenten.com\/no\/wp-json\/wp\/v2\/product"}],"about":[{"href":"https:\/\/stylingagenten.com\/no\/wp-json\/wp\/v2\/types\/product"}],"replies":[{"embeddable":true,"href":"https:\/\/stylingagenten.com\/no\/wp-json\/wp\/v2\/comments?post=397054"}],"version-history":[{"count":0,"href":"https:\/\/stylingagenten.com\/no\/wp-json\/wp\/v2\/product\/397054\/revisions"}],"wp:featuredmedia":[{"embeddable":true,"href":"https:\/\/stylingagenten.com\/no\/wp-json\/wp\/v2\/media\/397039"}],"wp:attachment":[{"href":"https:\/\/stylingagenten.com\/no\/wp-json\/wp\/v2\/media?parent=397054"}],"wp:term":[{"taxonomy":"product_brand","embeddable":true,"href":"https:\/\/stylingagenten.com\/no\/wp-json\/wp\/v2\/product_brand?post=397054"},{"taxonomy":"product_cat","embeddable":true,"href":"https:\/\/stylingagenten.com\/no\/wp-json\/wp\/v2\/product_cat?post=397054"},{"taxonomy":"product_tag","embeddable":true,"href":"https:\/\/stylingagenten.com\/no\/wp-json\/wp\/v2\/product_tag?post=397054"},{"taxonomy":"berocket_brand","embeddable":true,"href":"https:\/\/stylingagenten.com\/no\/wp-json\/wp\/v2\/berocket_brand?post=397054"}],"curies":[{"name":"wp","href":"https:\/\/api.w.org\/{rel}","templated":true}]}}