{"id":397029,"date":"2025-05-18T22:28:39","date_gmt":"2025-05-18T22:28:39","guid":{"rendered":"https:\/\/staging2.stylingagenten.com\/no\/produkt\/artdeco-volume-sensation-mascara-black-15ml\/"},"modified":"2026-03-24T06:07:45","modified_gmt":"2026-03-24T06:07:45","slug":"artdeco-volume-sensation-mascara-black-15ml","status":"publish","type":"product","link":"https:\/\/stylingagenten.com\/no\/produkt\/artdeco-volume-sensation-mascara-black-15ml\/","title":{"rendered":"Artdeco Volume Sensation Mascara Black 15ml"},"content":{"rendered":"<p>Gi vippene dine en wow-effekt med Volume Sensation Mascara \u2013 mascaraen som garantert f\u00e5r blikkene til \u00e5 snu seg! Med en ekstra stor volumkost skaper den fyldigere, lengre og mer definerte vipper p\u00e5 bare noen f\u00e5 str\u00f8k. Den innovative &laquo;high-heel&raquo;-effekten gir en imponerende forlengelse, noe som gj\u00f8r \u00f8ynene uimotst\u00e5elige.<\/p>\n<p>Den silkemyke teksturen, sammen med den myke, volumgivende kosten, fremhever vippens naturlige form og gir b\u00e5de umiddelbar volum og fantastisk lengde \u2013 helt uten klumper! Takket v\u00e6re de rene pigmentene f\u00e5r mascaraen en intens farge som virkelig l\u00f8fter blikket.<\/p>\n<p>Vil du ha ekstra mye volum og lengde? P\u00e5f\u00f8r flere lag og bygg opp vippene gradvis for en dramatisk og i\u00f8ynefallende effekt.<\/p>\n<p>15ml<\/p>\n","protected":false},"excerpt":{"rendered":"<p>Gi vippene dine en wow-effekt med Volume Sensation Mascara \u2013 mascaraen som garantert f\u00e5r blikkene til \u00e5 snu seg! Med en ekstra stor volumkost skaper den fyldigere, lengre og mer definerte vipper p\u00e5 bare noen f\u00e5 str\u00f8k. Den innovative &laquo;high-heel&raquo;-effekten gir en imponerende forlengelse, noe som gj\u00f8r \u00f8ynene uimotst\u00e5elige. Den silkemyke teksturen, sammen med den [&hellip;]<\/p>\n","protected":false},"featured_media":397018,"comment_status":"open","ping_status":"closed","template":"","meta":{"_trash_the_other_posts":false},"product_brand":[],"product_cat":[618],"product_tag":[],"berocket_brand":[1385],"class_list":{"0":"post-397029","1":"product","2":"type-product","3":"status-publish","4":"has-post-thumbnail","6":"product_cat-mascara","7":"pa_brand-artdeco","8":"berocket_brand-artdeco","10":"first","11":"outofstock","12":"sale","13":"taxable","14":"shipping-taxable","15":"purchasable","16":"product-type-simple"},"_links":{"self":[{"href":"https:\/\/stylingagenten.com\/no\/wp-json\/wp\/v2\/product\/397029","targetHints":{"allow":["GET"]}}],"collection":[{"href":"https:\/\/stylingagenten.com\/no\/wp-json\/wp\/v2\/product"}],"about":[{"href":"https:\/\/stylingagenten.com\/no\/wp-json\/wp\/v2\/types\/product"}],"replies":[{"embeddable":true,"href":"https:\/\/stylingagenten.com\/no\/wp-json\/wp\/v2\/comments?post=397029"}],"version-history":[{"count":0,"href":"https:\/\/stylingagenten.com\/no\/wp-json\/wp\/v2\/product\/397029\/revisions"}],"wp:featuredmedia":[{"embeddable":true,"href":"https:\/\/stylingagenten.com\/no\/wp-json\/wp\/v2\/media\/397018"}],"wp:attachment":[{"href":"https:\/\/stylingagenten.com\/no\/wp-json\/wp\/v2\/media?parent=397029"}],"wp:term":[{"taxonomy":"product_brand","embeddable":true,"href":"https:\/\/stylingagenten.com\/no\/wp-json\/wp\/v2\/product_brand?post=397029"},{"taxonomy":"product_cat","embeddable":true,"href":"https:\/\/stylingagenten.com\/no\/wp-json\/wp\/v2\/product_cat?post=397029"},{"taxonomy":"product_tag","embeddable":true,"href":"https:\/\/stylingagenten.com\/no\/wp-json\/wp\/v2\/product_tag?post=397029"},{"taxonomy":"berocket_brand","embeddable":true,"href":"https:\/\/stylingagenten.com\/no\/wp-json\/wp\/v2\/berocket_brand?post=397029"}],"curies":[{"name":"wp","href":"https:\/\/api.w.org\/{rel}","templated":true}]}}