{"id":397017,"date":"2025-05-18T22:28:35","date_gmt":"2025-05-18T22:28:35","guid":{"rendered":"https:\/\/staging2.stylingagenten.com\/no\/produkt\/artdeco-all-in-one-mascara-black-10ml\/"},"modified":"2026-03-10T19:56:33","modified_gmt":"2026-03-10T19:56:33","slug":"artdeco-all-in-one-mascara-black-10ml","status":"publish","type":"product","link":"https:\/\/stylingagenten.com\/no\/produkt\/artdeco-all-in-one-mascara-black-10ml\/","title":{"rendered":"Artdeco All In One Mascara Black 10ml"},"content":{"rendered":"<p>All In One Mascara \u2013 vakre vipper, uansett anledning! Denne mascaraen takler alle utfordringer og gir vippene b\u00e5de lengde og volum med en fantastisk b\u00f8y. Den former vippene perfekt ved \u00e5 forsiktig dekke dem, noe som gj\u00f8r dem fyldigere og lengre. Den spesialdesignede mascaraborsten er laget ved \u00e5 smelte sammen to forskjellige b\u00f8rster, slik at fibrene hekter seg sammen. De tettere omr\u00e5dene er perfekte for \u00e5 separere vippene, mens omr\u00e5dene med f\u00e6rre fibre gir farge og volum. Du trenger ikke \u00e5 bekymre deg for sm\u00f8ring eller flassing i l\u00f8pet av dagen \u2013 formelen er smudge-proof og ekstra langvarig! All In One Mascara er ogs\u00e5 herlig n\u00e6rende. Carnaubavoks fra carnaubapalmen pleier vippene og holder dem myke og fleksible. All In One Mascara \u2013 for virkelig vanedannende vipper.<\/p>\n<p>10ml<\/p>\n","protected":false},"excerpt":{"rendered":"<p>All In One Mascara \u2013 vakre vipper, uansett anledning! Denne mascaraen takler alle utfordringer og gir vippene b\u00e5de lengde og volum med en fantastisk b\u00f8y. Den former vippene perfekt ved \u00e5 forsiktig dekke dem, noe som gj\u00f8r dem fyldigere og lengre. Den spesialdesignede mascaraborsten er laget ved \u00e5 smelte sammen to forskjellige b\u00f8rster, slik at [&hellip;]<\/p>\n","protected":false},"featured_media":397012,"comment_status":"open","ping_status":"closed","template":"","meta":{"_trash_the_other_posts":false},"product_brand":[],"product_cat":[618],"product_tag":[],"berocket_brand":[1385],"class_list":{"0":"post-397017","1":"product","2":"type-product","3":"status-publish","4":"has-post-thumbnail","6":"product_cat-mascara","7":"pa_brand-artdeco","8":"berocket_brand-artdeco","10":"first","11":"instock","12":"sale","13":"taxable","14":"shipping-taxable","15":"purchasable","16":"product-type-simple"},"_links":{"self":[{"href":"https:\/\/stylingagenten.com\/no\/wp-json\/wp\/v2\/product\/397017","targetHints":{"allow":["GET"]}}],"collection":[{"href":"https:\/\/stylingagenten.com\/no\/wp-json\/wp\/v2\/product"}],"about":[{"href":"https:\/\/stylingagenten.com\/no\/wp-json\/wp\/v2\/types\/product"}],"replies":[{"embeddable":true,"href":"https:\/\/stylingagenten.com\/no\/wp-json\/wp\/v2\/comments?post=397017"}],"version-history":[{"count":0,"href":"https:\/\/stylingagenten.com\/no\/wp-json\/wp\/v2\/product\/397017\/revisions"}],"wp:featuredmedia":[{"embeddable":true,"href":"https:\/\/stylingagenten.com\/no\/wp-json\/wp\/v2\/media\/397012"}],"wp:attachment":[{"href":"https:\/\/stylingagenten.com\/no\/wp-json\/wp\/v2\/media?parent=397017"}],"wp:term":[{"taxonomy":"product_brand","embeddable":true,"href":"https:\/\/stylingagenten.com\/no\/wp-json\/wp\/v2\/product_brand?post=397017"},{"taxonomy":"product_cat","embeddable":true,"href":"https:\/\/stylingagenten.com\/no\/wp-json\/wp\/v2\/product_cat?post=397017"},{"taxonomy":"product_tag","embeddable":true,"href":"https:\/\/stylingagenten.com\/no\/wp-json\/wp\/v2\/product_tag?post=397017"},{"taxonomy":"berocket_brand","embeddable":true,"href":"https:\/\/stylingagenten.com\/no\/wp-json\/wp\/v2\/berocket_brand?post=397017"}],"curies":[{"name":"wp","href":"https:\/\/api.w.org\/{rel}","templated":true}]}}