{"id":397013,"date":"2025-05-18T22:28:34","date_gmt":"2025-05-18T22:28:34","guid":{"rendered":"https:\/\/staging2.stylingagenten.com\/no\/produkt\/max-factor-clump-defy-mascara-black-131ml\/"},"modified":"2026-04-15T08:19:34","modified_gmt":"2026-04-15T08:19:34","slug":"max-factor-clump-defy-mascara-black-131ml","status":"publish","type":"product","link":"https:\/\/stylingagenten.com\/no\/produkt\/max-factor-clump-defy-mascara-black-131ml\/","title":{"rendered":"Max Factor Clump Defy Mascara Black 13,1ml"},"content":{"rendered":"<p>Max Factor Clump Defy Mascara lar deg bygge lag p\u00e5; legger lag og fyller vippene dine med s\u00e5 mye som 200 % mer volum samtidig som de opprettholder separasjonen og definisjonen.<\/p>\n<p>Hemmeligheten ligger i den nye anti-klumpeb\u00f8rsten, Max Factors f\u00f8rste helt klumpfrie p\u00e5f\u00f8ringsb\u00f8rste. B\u00f8rstens konkave form gir eksepsjonell ladekapasitet som umiddelbart bygger opp volum, mens dens n\u00f8yaktig jevnt fordelte og rett posisjonerte bust stopper klumper f\u00f8r de i det hele tatt dannes. Alt dette for maksimalt vippevolum med perfekt separasjon og definisjon!<\/p>\n<p><strong>Inneholder:<\/strong> 13,1 ml<\/p>\n","protected":false},"excerpt":{"rendered":"<p>Max Factor Clump Defy Mascara lar deg bygge lag p\u00e5; legger lag og fyller vippene dine med s\u00e5 mye som 200 % mer volum samtidig som de opprettholder separasjonen og definisjonen. Hemmeligheten ligger i den nye anti-klumpeb\u00f8rsten, Max Factors f\u00f8rste helt klumpfrie p\u00e5f\u00f8ringsb\u00f8rste. B\u00f8rstens konkave form gir eksepsjonell ladekapasitet som umiddelbart bygger opp volum, mens [&hellip;]<\/p>\n","protected":false},"featured_media":397004,"comment_status":"open","ping_status":"closed","template":"","meta":{"_trash_the_other_posts":false},"product_brand":[],"product_cat":[1003,618],"product_tag":[],"berocket_brand":[1013],"class_list":{"0":"post-397013","1":"product","2":"type-product","3":"status-publish","4":"has-post-thumbnail","6":"product_cat-bestselgere","7":"product_cat-mascara","8":"pa_brand-max-factor","9":"berocket_brand-max-factor","11":"first","12":"instock","13":"sale","14":"taxable","15":"shipping-taxable","16":"purchasable","17":"product-type-simple"},"_links":{"self":[{"href":"https:\/\/stylingagenten.com\/no\/wp-json\/wp\/v2\/product\/397013","targetHints":{"allow":["GET"]}}],"collection":[{"href":"https:\/\/stylingagenten.com\/no\/wp-json\/wp\/v2\/product"}],"about":[{"href":"https:\/\/stylingagenten.com\/no\/wp-json\/wp\/v2\/types\/product"}],"replies":[{"embeddable":true,"href":"https:\/\/stylingagenten.com\/no\/wp-json\/wp\/v2\/comments?post=397013"}],"version-history":[{"count":0,"href":"https:\/\/stylingagenten.com\/no\/wp-json\/wp\/v2\/product\/397013\/revisions"}],"wp:featuredmedia":[{"embeddable":true,"href":"https:\/\/stylingagenten.com\/no\/wp-json\/wp\/v2\/media\/397004"}],"wp:attachment":[{"href":"https:\/\/stylingagenten.com\/no\/wp-json\/wp\/v2\/media?parent=397013"}],"wp:term":[{"taxonomy":"product_brand","embeddable":true,"href":"https:\/\/stylingagenten.com\/no\/wp-json\/wp\/v2\/product_brand?post=397013"},{"taxonomy":"product_cat","embeddable":true,"href":"https:\/\/stylingagenten.com\/no\/wp-json\/wp\/v2\/product_cat?post=397013"},{"taxonomy":"product_tag","embeddable":true,"href":"https:\/\/stylingagenten.com\/no\/wp-json\/wp\/v2\/product_tag?post=397013"},{"taxonomy":"berocket_brand","embeddable":true,"href":"https:\/\/stylingagenten.com\/no\/wp-json\/wp\/v2\/berocket_brand?post=397013"}],"curies":[{"name":"wp","href":"https:\/\/api.w.org\/{rel}","templated":true}]}}