{"id":396340,"date":"2025-05-18T22:23:41","date_gmt":"2025-05-18T22:23:41","guid":{"rendered":"https:\/\/staging2.stylingagenten.com\/no\/produkt\/bellapierre-kiss-proof-lip-creme-06-vivacious-38g\/"},"modified":"2025-12-18T21:38:34","modified_gmt":"2025-12-18T21:38:34","slug":"bellapierre-kiss-proof-lip-creme-06-vivacious-38g","status":"publish","type":"product","link":"https:\/\/stylingagenten.com\/no\/produkt\/bellapierre-kiss-proof-lip-creme-06-vivacious-38g\/","title":{"rendered":"Bellapierre Kiss Proof Lip Cr\u00e8me 06 Vivacious 3,8g"},"content":{"rendered":"<p>Bellapierre Kiss Proof Lip Cr&egrave;me er en flytende leppestift som har full dekning og varer i timevis uten \u00e5 m\u00e5tte fylles p\u00e5. Den kremete formelen p\u00e5f\u00f8res jevnt og t\u00f8rker til en vakker matt finish.<\/p>\n","protected":false},"excerpt":{"rendered":"<p>Bellapierre Kiss Proof Lip Cr&egrave;me er en flytende leppestift som har full dekning og varer i timevis uten \u00e5 m\u00e5tte fylles p\u00e5. Den kremete formelen p\u00e5f\u00f8res jevnt og t\u00f8rker til en vakker matt finish.<\/p>\n","protected":false},"featured_media":396335,"comment_status":"open","ping_status":"closed","template":"","meta":{"_trash_the_other_posts":false},"product_brand":[],"product_cat":[607,1005],"product_tag":[2526],"berocket_brand":[1113],"class_list":{"0":"post-396340","1":"product","2":"type-product","3":"status-publish","4":"has-post-thumbnail","6":"product_cat-leppestift","7":"product_cat-outlet","8":"product_tag-bellapierre-kiss-proof-lip-creme-38g","9":"pa_brand-bellapierre","10":"pa_variant-06-vivacious","11":"berocket_brand-bellapierre","13":"first","14":"instock","15":"sale","16":"taxable","17":"shipping-taxable","18":"purchasable","19":"product-type-simple"},"_links":{"self":[{"href":"https:\/\/stylingagenten.com\/no\/wp-json\/wp\/v2\/product\/396340","targetHints":{"allow":["GET"]}}],"collection":[{"href":"https:\/\/stylingagenten.com\/no\/wp-json\/wp\/v2\/product"}],"about":[{"href":"https:\/\/stylingagenten.com\/no\/wp-json\/wp\/v2\/types\/product"}],"replies":[{"embeddable":true,"href":"https:\/\/stylingagenten.com\/no\/wp-json\/wp\/v2\/comments?post=396340"}],"version-history":[{"count":0,"href":"https:\/\/stylingagenten.com\/no\/wp-json\/wp\/v2\/product\/396340\/revisions"}],"wp:featuredmedia":[{"embeddable":true,"href":"https:\/\/stylingagenten.com\/no\/wp-json\/wp\/v2\/media\/396335"}],"wp:attachment":[{"href":"https:\/\/stylingagenten.com\/no\/wp-json\/wp\/v2\/media?parent=396340"}],"wp:term":[{"taxonomy":"product_brand","embeddable":true,"href":"https:\/\/stylingagenten.com\/no\/wp-json\/wp\/v2\/product_brand?post=396340"},{"taxonomy":"product_cat","embeddable":true,"href":"https:\/\/stylingagenten.com\/no\/wp-json\/wp\/v2\/product_cat?post=396340"},{"taxonomy":"product_tag","embeddable":true,"href":"https:\/\/stylingagenten.com\/no\/wp-json\/wp\/v2\/product_tag?post=396340"},{"taxonomy":"berocket_brand","embeddable":true,"href":"https:\/\/stylingagenten.com\/no\/wp-json\/wp\/v2\/berocket_brand?post=396340"}],"curies":[{"name":"wp","href":"https:\/\/api.w.org\/{rel}","templated":true}]}}