{"id":396217,"date":"2025-05-18T22:23:20","date_gmt":"2025-05-18T22:23:20","guid":{"rendered":"https:\/\/staging2.stylingagenten.com\/no\/produkt\/beauty-uk-matte-lipstick-no-22-daredevil\/"},"modified":"2025-12-22T14:56:32","modified_gmt":"2025-12-22T14:56:32","slug":"beauty-uk-matte-lipstick-no-22-daredevil","status":"publish","type":"product","link":"https:\/\/stylingagenten.com\/no\/produkt\/beauty-uk-matte-lipstick-no-22-daredevil\/","title":{"rendered":"Beauty UK Matte Lipstick no.22 &#8211; Daredevil"},"content":{"rendered":"<p>F&aring; kyssende myke og fargerike lepper med Beauty UKs bestselgende kolleksjon av matte leppestifter.<br \/>Med en myk p\u00e5f\u00f8ring, i en myk og n\u00e6rende formel, lover det \u00e5 bli fortryllende lekne nyanser og langlivede vakre lepper!<\/p>\n","protected":false},"excerpt":{"rendered":"<p>F&aring; kyssende myke og fargerike lepper med Beauty UKs bestselgende kolleksjon av matte leppestifter.Med en myk p\u00e5f\u00f8ring, i en myk og n\u00e6rende formel, lover det \u00e5 bli fortryllende lekne nyanser og langlivede vakre lepper!<\/p>\n","protected":false},"featured_media":396213,"comment_status":"open","ping_status":"closed","template":"","meta":{"_trash_the_other_posts":false},"product_brand":[],"product_cat":[607],"product_tag":[2508],"berocket_brand":[1059],"class_list":{"0":"post-396217","1":"product","2":"type-product","3":"status-publish","4":"has-post-thumbnail","6":"product_cat-leppestift","7":"product_tag-beauty-uk-matte-lipstick","8":"pa_brand-beautyuk","9":"pa_variant-no-22-daredevil","10":"berocket_brand-beautyuk","12":"first","13":"instock","14":"sale","15":"taxable","16":"shipping-taxable","17":"purchasable","18":"product-type-simple"},"_links":{"self":[{"href":"https:\/\/stylingagenten.com\/no\/wp-json\/wp\/v2\/product\/396217","targetHints":{"allow":["GET"]}}],"collection":[{"href":"https:\/\/stylingagenten.com\/no\/wp-json\/wp\/v2\/product"}],"about":[{"href":"https:\/\/stylingagenten.com\/no\/wp-json\/wp\/v2\/types\/product"}],"replies":[{"embeddable":true,"href":"https:\/\/stylingagenten.com\/no\/wp-json\/wp\/v2\/comments?post=396217"}],"version-history":[{"count":0,"href":"https:\/\/stylingagenten.com\/no\/wp-json\/wp\/v2\/product\/396217\/revisions"}],"wp:featuredmedia":[{"embeddable":true,"href":"https:\/\/stylingagenten.com\/no\/wp-json\/wp\/v2\/media\/396213"}],"wp:attachment":[{"href":"https:\/\/stylingagenten.com\/no\/wp-json\/wp\/v2\/media?parent=396217"}],"wp:term":[{"taxonomy":"product_brand","embeddable":true,"href":"https:\/\/stylingagenten.com\/no\/wp-json\/wp\/v2\/product_brand?post=396217"},{"taxonomy":"product_cat","embeddable":true,"href":"https:\/\/stylingagenten.com\/no\/wp-json\/wp\/v2\/product_cat?post=396217"},{"taxonomy":"product_tag","embeddable":true,"href":"https:\/\/stylingagenten.com\/no\/wp-json\/wp\/v2\/product_tag?post=396217"},{"taxonomy":"berocket_brand","embeddable":true,"href":"https:\/\/stylingagenten.com\/no\/wp-json\/wp\/v2\/berocket_brand?post=396217"}],"curies":[{"name":"wp","href":"https:\/\/api.w.org\/{rel}","templated":true}]}}