{"id":396168,"date":"2025-05-18T22:23:11","date_gmt":"2025-05-18T22:23:11","guid":{"rendered":"https:\/\/staging2.stylingagenten.com\/no\/produkt\/nyx-prof-makeup-suede-matte-lipstick-lalaland\/"},"modified":"2025-12-18T21:55:43","modified_gmt":"2025-12-18T21:55:43","slug":"nyx-prof-makeup-suede-matte-lipstick-lalaland","status":"publish","type":"product","link":"https:\/\/stylingagenten.com\/no\/produkt\/nyx-prof-makeup-suede-matte-lipstick-lalaland\/","title":{"rendered":"NYX PROF. MAKEUP Suede Matte Lipstick &#8211; Lalaland"},"content":{"rendered":"<p>Suede Matte Lipstick er en supermyk og lett leppestift som dekker leppene dine med en puddermatt farge.<br \/>Leppestiften er behagelig \u00e5 ha p\u00e5 og finnes i flere luksuri\u00f8se, rikt pigmenterte nyanser. Den gir intens farge med en puddermatt finish.<br \/>Kombiner de luksuri\u00f8se fargene med matchende leppeblyanter for en look du vil elske.<\/p>\n","protected":false},"excerpt":{"rendered":"<p>Suede Matte Lipstick er en supermyk og lett leppestift som dekker leppene dine med en puddermatt farge.Leppestiften er behagelig \u00e5 ha p\u00e5 og finnes i flere luksuri\u00f8se, rikt pigmenterte nyanser. Den gir intens farge med en puddermatt finish.Kombiner de luksuri\u00f8se fargene med matchende leppeblyanter for en look du vil elske.<\/p>\n","protected":false},"featured_media":396153,"comment_status":"open","ping_status":"closed","template":"","meta":{"_trash_the_other_posts":false},"product_brand":[],"product_cat":[607],"product_tag":[3699],"berocket_brand":[1025],"class_list":{"0":"post-396168","1":"product","2":"type-product","3":"status-publish","4":"has-post-thumbnail","6":"product_cat-leppestift","7":"product_tag-nyx-prof-makeup-suede-matte-lipstick","8":"pa_brand-nyx","9":"pa_variant-lalaland","10":"berocket_brand-nyx","12":"first","13":"instock","14":"sale","15":"taxable","16":"shipping-taxable","17":"purchasable","18":"product-type-simple"},"_links":{"self":[{"href":"https:\/\/stylingagenten.com\/no\/wp-json\/wp\/v2\/product\/396168","targetHints":{"allow":["GET"]}}],"collection":[{"href":"https:\/\/stylingagenten.com\/no\/wp-json\/wp\/v2\/product"}],"about":[{"href":"https:\/\/stylingagenten.com\/no\/wp-json\/wp\/v2\/types\/product"}],"replies":[{"embeddable":true,"href":"https:\/\/stylingagenten.com\/no\/wp-json\/wp\/v2\/comments?post=396168"}],"version-history":[{"count":0,"href":"https:\/\/stylingagenten.com\/no\/wp-json\/wp\/v2\/product\/396168\/revisions"}],"wp:featuredmedia":[{"embeddable":true,"href":"https:\/\/stylingagenten.com\/no\/wp-json\/wp\/v2\/media\/396153"}],"wp:attachment":[{"href":"https:\/\/stylingagenten.com\/no\/wp-json\/wp\/v2\/media?parent=396168"}],"wp:term":[{"taxonomy":"product_brand","embeddable":true,"href":"https:\/\/stylingagenten.com\/no\/wp-json\/wp\/v2\/product_brand?post=396168"},{"taxonomy":"product_cat","embeddable":true,"href":"https:\/\/stylingagenten.com\/no\/wp-json\/wp\/v2\/product_cat?post=396168"},{"taxonomy":"product_tag","embeddable":true,"href":"https:\/\/stylingagenten.com\/no\/wp-json\/wp\/v2\/product_tag?post=396168"},{"taxonomy":"berocket_brand","embeddable":true,"href":"https:\/\/stylingagenten.com\/no\/wp-json\/wp\/v2\/berocket_brand?post=396168"}],"curies":[{"name":"wp","href":"https:\/\/api.w.org\/{rel}","templated":true}]}}