{"id":396148,"date":"2025-05-18T22:23:08","date_gmt":"2025-05-18T22:23:08","guid":{"rendered":"https:\/\/staging2.stylingagenten.com\/no\/produkt\/wet-n-wild-megalast-lip-color-sand-storm\/"},"modified":"2026-03-20T16:09:31","modified_gmt":"2026-03-20T16:09:31","slug":"wet-n-wild-megalast-lip-color-sand-storm","status":"publish","type":"product","link":"https:\/\/stylingagenten.com\/no\/produkt\/wet-n-wild-megalast-lip-color-sand-storm\/","title":{"rendered":"Wet n Wild MegaLast Lip Color Sand Storm"},"content":{"rendered":"<p>Mega Last Lip Color fra Wet n Wild er en leppestift i klare farger som gir en langvarig farge og effekt. Formelen gir en middels til full dekkfarge.<br \/>Lett \u00e5 p\u00e5f\u00f8re og gir fuktighet til leppene i opptil fire timer. Tilgjengelig i flere flotte farger.<\/p>\n","protected":false},"excerpt":{"rendered":"<p>Mega Last Lip Color fra Wet n Wild er en leppestift i klare farger som gir en langvarig farge og effekt. Formelen gir en middels til full dekkfarge.Lett \u00e5 p\u00e5f\u00f8re og gir fuktighet til leppene i opptil fire timer. Tilgjengelig i flere flotte farger.<\/p>\n","protected":false},"featured_media":396147,"comment_status":"open","ping_status":"closed","template":"","meta":{"_trash_the_other_posts":false},"product_brand":[],"product_cat":[607],"product_tag":[4095],"berocket_brand":[1035],"class_list":{"0":"post-396148","1":"product","2":"type-product","3":"status-publish","4":"has-post-thumbnail","6":"product_cat-leppestift","7":"product_tag-wet-n-wild-megalast-lip-color","8":"pa_brand-wet-n-wild","9":"pa_variant-sand-storm","10":"berocket_brand-wet-n-wild","12":"first","13":"instock","14":"sale","15":"taxable","16":"shipping-taxable","17":"purchasable","18":"product-type-simple"},"_links":{"self":[{"href":"https:\/\/stylingagenten.com\/no\/wp-json\/wp\/v2\/product\/396148","targetHints":{"allow":["GET"]}}],"collection":[{"href":"https:\/\/stylingagenten.com\/no\/wp-json\/wp\/v2\/product"}],"about":[{"href":"https:\/\/stylingagenten.com\/no\/wp-json\/wp\/v2\/types\/product"}],"replies":[{"embeddable":true,"href":"https:\/\/stylingagenten.com\/no\/wp-json\/wp\/v2\/comments?post=396148"}],"version-history":[{"count":0,"href":"https:\/\/stylingagenten.com\/no\/wp-json\/wp\/v2\/product\/396148\/revisions"}],"wp:featuredmedia":[{"embeddable":true,"href":"https:\/\/stylingagenten.com\/no\/wp-json\/wp\/v2\/media\/396147"}],"wp:attachment":[{"href":"https:\/\/stylingagenten.com\/no\/wp-json\/wp\/v2\/media?parent=396148"}],"wp:term":[{"taxonomy":"product_brand","embeddable":true,"href":"https:\/\/stylingagenten.com\/no\/wp-json\/wp\/v2\/product_brand?post=396148"},{"taxonomy":"product_cat","embeddable":true,"href":"https:\/\/stylingagenten.com\/no\/wp-json\/wp\/v2\/product_cat?post=396148"},{"taxonomy":"product_tag","embeddable":true,"href":"https:\/\/stylingagenten.com\/no\/wp-json\/wp\/v2\/product_tag?post=396148"},{"taxonomy":"berocket_brand","embeddable":true,"href":"https:\/\/stylingagenten.com\/no\/wp-json\/wp\/v2\/berocket_brand?post=396148"}],"curies":[{"name":"wp","href":"https:\/\/api.w.org\/{rel}","templated":true}]}}