{"id":395623,"date":"2025-05-18T22:21:34","date_gmt":"2025-05-18T22:21:34","guid":{"rendered":"https:\/\/staging2.stylingagenten.com\/no\/produkt\/bellapierre-glitz-it-up-matte-to-glitter-lip-creme-lush\/"},"modified":"2025-12-18T21:38:32","modified_gmt":"2025-12-18T21:38:32","slug":"bellapierre-glitz-it-up-matte-to-glitter-lip-creme-lush","status":"publish","type":"product","link":"https:\/\/stylingagenten.com\/no\/produkt\/bellapierre-glitz-it-up-matte-to-glitter-lip-creme-lush\/","title":{"rendered":"Bellapierre Glitz It Up Matte to Glitter Lip Creme &#8211; Lush"},"content":{"rendered":"<p>Bellapierre Glitz It Up Matte to Glitter Lip Creme er en unik leppekrem som g\u00e5r fra en enkel matt finish til vakker glitter n\u00e5r du presser leppene sammen. Unik, langvarig formel gir en behagelig, glitrende finish som holder seg p\u00e5 plass. plasser i timevis!<\/p>\n<p>&nbsp;Tips: eksfolier leppene og p\u00e5f\u00f8r dem p\u00e5 bare l\u00f8p for best resultat.&nbsp;<\/p>\n","protected":false},"excerpt":{"rendered":"<p>Bellapierre Glitz It Up Matte to Glitter Lip Creme er en unik leppekrem som g\u00e5r fra en enkel matt finish til vakker glitter n\u00e5r du presser leppene sammen. Unik, langvarig formel gir en behagelig, glitrende finish som holder seg p\u00e5 plass. plasser i timevis! &nbsp;Tips: eksfolier leppene og p\u00e5f\u00f8r dem p\u00e5 bare l\u00f8p for best [&hellip;]<\/p>\n","protected":false},"featured_media":395611,"comment_status":"open","ping_status":"closed","template":"","meta":{"_trash_the_other_posts":false},"product_brand":[],"product_cat":[607],"product_tag":[2525],"berocket_brand":[1113],"class_list":{"0":"post-395623","1":"product","2":"type-product","3":"status-publish","4":"has-post-thumbnail","6":"product_cat-leppestift","7":"product_tag-bellapierre-glitz-it-up-matte-to-glitter-lip-creme","8":"pa_brand-bellapierre","9":"pa_variant-lush","10":"berocket_brand-bellapierre","12":"first","13":"instock","14":"sale","15":"taxable","16":"shipping-taxable","17":"purchasable","18":"product-type-simple"},"_links":{"self":[{"href":"https:\/\/stylingagenten.com\/no\/wp-json\/wp\/v2\/product\/395623","targetHints":{"allow":["GET"]}}],"collection":[{"href":"https:\/\/stylingagenten.com\/no\/wp-json\/wp\/v2\/product"}],"about":[{"href":"https:\/\/stylingagenten.com\/no\/wp-json\/wp\/v2\/types\/product"}],"replies":[{"embeddable":true,"href":"https:\/\/stylingagenten.com\/no\/wp-json\/wp\/v2\/comments?post=395623"}],"version-history":[{"count":0,"href":"https:\/\/stylingagenten.com\/no\/wp-json\/wp\/v2\/product\/395623\/revisions"}],"wp:featuredmedia":[{"embeddable":true,"href":"https:\/\/stylingagenten.com\/no\/wp-json\/wp\/v2\/media\/395611"}],"wp:attachment":[{"href":"https:\/\/stylingagenten.com\/no\/wp-json\/wp\/v2\/media?parent=395623"}],"wp:term":[{"taxonomy":"product_brand","embeddable":true,"href":"https:\/\/stylingagenten.com\/no\/wp-json\/wp\/v2\/product_brand?post=395623"},{"taxonomy":"product_cat","embeddable":true,"href":"https:\/\/stylingagenten.com\/no\/wp-json\/wp\/v2\/product_cat?post=395623"},{"taxonomy":"product_tag","embeddable":true,"href":"https:\/\/stylingagenten.com\/no\/wp-json\/wp\/v2\/product_tag?post=395623"},{"taxonomy":"berocket_brand","embeddable":true,"href":"https:\/\/stylingagenten.com\/no\/wp-json\/wp\/v2\/berocket_brand?post=395623"}],"curies":[{"name":"wp","href":"https:\/\/api.w.org\/{rel}","templated":true}]}}