{"id":395498,"date":"2025-05-18T22:21:13","date_gmt":"2025-05-18T22:21:13","guid":{"rendered":"https:\/\/staging2.stylingagenten.com\/no\/produkt\/wet-n-wild-megalast-lipstick-high-shine-bellini-overflow\/"},"modified":"2025-12-18T21:58:42","modified_gmt":"2025-12-18T21:58:42","slug":"wet-n-wild-megalast-lipstick-high-shine-bellini-overflow","status":"publish","type":"product","link":"https:\/\/stylingagenten.com\/no\/produkt\/wet-n-wild-megalast-lipstick-high-shine-bellini-overflow\/","title":{"rendered":"Wet n Wild Megalast Lipstick High-Shine &#8211; Bellini Overflow"},"content":{"rendered":"<p>En saftig, glanset leppestift med leppelskende ingredienser som Murumurusm\u00f8r, mangosm\u00f8r og solsikke- og vannmelonfr\u00f8oljer vil gi n\u00e6ring og fuktighet til leppene dine. Formelen er langvarig og har en kremet tekstur for enkel p\u00e5f\u00f8ring. Silkemyk, byggbar farge glir p\u00e5; uten problemer og har en holdbarhet i verdensklasse som ikke vil bl\u00f8. Tilgjengelig i flere grusomhetsfrie, glutenfrie og parfymefrie nyanser.<\/p>\n","protected":false},"excerpt":{"rendered":"<p>En saftig, glanset leppestift med leppelskende ingredienser som Murumurusm\u00f8r, mangosm\u00f8r og solsikke- og vannmelonfr\u00f8oljer vil gi n\u00e6ring og fuktighet til leppene dine. Formelen er langvarig og har en kremet tekstur for enkel p\u00e5f\u00f8ring. Silkemyk, byggbar farge glir p\u00e5; uten problemer og har en holdbarhet i verdensklasse som ikke vil bl\u00f8. Tilgjengelig i flere grusomhetsfrie, glutenfrie [&hellip;]<\/p>\n","protected":false},"featured_media":395486,"comment_status":"open","ping_status":"closed","template":"","meta":{"_trash_the_other_posts":false},"product_brand":[],"product_cat":[607],"product_tag":[4097],"berocket_brand":[1035],"class_list":{"0":"post-395498","1":"product","2":"type-product","3":"status-publish","4":"has-post-thumbnail","6":"product_cat-leppestift","7":"product_tag-wet-n-wild-megalast-lipstick-high-shine","8":"pa_brand-wet-n-wild","9":"pa_variant-bellini-overflow","10":"berocket_brand-wet-n-wild","12":"first","13":"instock","14":"sale","15":"taxable","16":"shipping-taxable","17":"purchasable","18":"product-type-simple"},"_links":{"self":[{"href":"https:\/\/stylingagenten.com\/no\/wp-json\/wp\/v2\/product\/395498","targetHints":{"allow":["GET"]}}],"collection":[{"href":"https:\/\/stylingagenten.com\/no\/wp-json\/wp\/v2\/product"}],"about":[{"href":"https:\/\/stylingagenten.com\/no\/wp-json\/wp\/v2\/types\/product"}],"replies":[{"embeddable":true,"href":"https:\/\/stylingagenten.com\/no\/wp-json\/wp\/v2\/comments?post=395498"}],"version-history":[{"count":0,"href":"https:\/\/stylingagenten.com\/no\/wp-json\/wp\/v2\/product\/395498\/revisions"}],"wp:featuredmedia":[{"embeddable":true,"href":"https:\/\/stylingagenten.com\/no\/wp-json\/wp\/v2\/media\/395486"}],"wp:attachment":[{"href":"https:\/\/stylingagenten.com\/no\/wp-json\/wp\/v2\/media?parent=395498"}],"wp:term":[{"taxonomy":"product_brand","embeddable":true,"href":"https:\/\/stylingagenten.com\/no\/wp-json\/wp\/v2\/product_brand?post=395498"},{"taxonomy":"product_cat","embeddable":true,"href":"https:\/\/stylingagenten.com\/no\/wp-json\/wp\/v2\/product_cat?post=395498"},{"taxonomy":"product_tag","embeddable":true,"href":"https:\/\/stylingagenten.com\/no\/wp-json\/wp\/v2\/product_tag?post=395498"},{"taxonomy":"berocket_brand","embeddable":true,"href":"https:\/\/stylingagenten.com\/no\/wp-json\/wp\/v2\/berocket_brand?post=395498"}],"curies":[{"name":"wp","href":"https:\/\/api.w.org\/{rel}","templated":true}]}}