{"id":395103,"date":"2025-05-18T22:20:10","date_gmt":"2025-05-18T22:20:10","guid":{"rendered":"https:\/\/staging2.stylingagenten.com\/no\/produkt\/max-factor-colour-elixir-lipstick-velvet-matte-lipstick-raisin-65\/"},"modified":"2026-03-02T16:07:56","modified_gmt":"2026-03-02T16:07:56","slug":"max-factor-colour-elixir-lipstick-velvet-matte-lipstick-raisin-65","status":"publish","type":"product","link":"https:\/\/stylingagenten.com\/no\/produkt\/max-factor-colour-elixir-lipstick-velvet-matte-lipstick-raisin-65\/","title":{"rendered":"Max Factor Colour Elixir Lipstick Velvet Matte Lipstick Raisin 65"},"content":{"rendered":"<p>Max Factor Color Elixir Lipstick Velvet Matte Lipstick Raisin 65 er perfekt for deg som elsker en leppestift med mye vakker farge og en behagelig f\u00f8lelse som varer lenge. Denne fargeintensive, matte leppestiften gir en vakker finish med bare ett str\u00f8k, er enkel \u00e5 p\u00e5f\u00f8re presist og f\u00f8les behagelig hele dagen.<br \/>&#8211;<br \/>Max Factor Color Elixir Lipstick Velvet Matte er vegansk og fullpakket med hudpleieingredienser , inkludert en. lakserolje, aloe vera, sheasm\u00f8r og avokadoolje. Leppestiften er beriket med et naturlig fuktighetsgivende kompleks, som gj\u00f8r at leppene f\u00f8les hydrerte hele dagen, selv etter at du har fjernet leppestiften! Den kremete og lette konsistensen gj\u00f8r at leppestiften glir lett over leppene og gir full dekning i et enkelt str\u00f8k.<\/p>\n","protected":false},"excerpt":{"rendered":"<p>Max Factor Color Elixir Lipstick Velvet Matte Lipstick Raisin 65 er perfekt for deg som elsker en leppestift med mye vakker farge og en behagelig f\u00f8lelse som varer lenge. Denne fargeintensive, matte leppestiften gir en vakker finish med bare ett str\u00f8k, er enkel \u00e5 p\u00e5f\u00f8re presist og f\u00f8les behagelig hele dagen.&#8211;Max Factor Color Elixir Lipstick [&hellip;]<\/p>\n","protected":false},"featured_media":395093,"comment_status":"open","ping_status":"closed","template":"","meta":{"_trash_the_other_posts":false},"product_brand":[],"product_cat":[607],"product_tag":[3465],"berocket_brand":[1013],"class_list":{"0":"post-395103","1":"product","2":"type-product","3":"status-publish","4":"has-post-thumbnail","6":"product_cat-leppestift","7":"product_tag-max-factor-colour-elixir-lipstick-velvet-matte-lipstick","8":"pa_brand-max-factor","9":"pa_variant-raisin-65","10":"berocket_brand-max-factor","12":"first","13":"instock","14":"sale","15":"taxable","16":"shipping-taxable","17":"purchasable","18":"product-type-simple"},"_links":{"self":[{"href":"https:\/\/stylingagenten.com\/no\/wp-json\/wp\/v2\/product\/395103","targetHints":{"allow":["GET"]}}],"collection":[{"href":"https:\/\/stylingagenten.com\/no\/wp-json\/wp\/v2\/product"}],"about":[{"href":"https:\/\/stylingagenten.com\/no\/wp-json\/wp\/v2\/types\/product"}],"replies":[{"embeddable":true,"href":"https:\/\/stylingagenten.com\/no\/wp-json\/wp\/v2\/comments?post=395103"}],"version-history":[{"count":0,"href":"https:\/\/stylingagenten.com\/no\/wp-json\/wp\/v2\/product\/395103\/revisions"}],"wp:featuredmedia":[{"embeddable":true,"href":"https:\/\/stylingagenten.com\/no\/wp-json\/wp\/v2\/media\/395093"}],"wp:attachment":[{"href":"https:\/\/stylingagenten.com\/no\/wp-json\/wp\/v2\/media?parent=395103"}],"wp:term":[{"taxonomy":"product_brand","embeddable":true,"href":"https:\/\/stylingagenten.com\/no\/wp-json\/wp\/v2\/product_brand?post=395103"},{"taxonomy":"product_cat","embeddable":true,"href":"https:\/\/stylingagenten.com\/no\/wp-json\/wp\/v2\/product_cat?post=395103"},{"taxonomy":"product_tag","embeddable":true,"href":"https:\/\/stylingagenten.com\/no\/wp-json\/wp\/v2\/product_tag?post=395103"},{"taxonomy":"berocket_brand","embeddable":true,"href":"https:\/\/stylingagenten.com\/no\/wp-json\/wp\/v2\/berocket_brand?post=395103"}],"curies":[{"name":"wp","href":"https:\/\/api.w.org\/{rel}","templated":true}]}}