{"id":395023,"date":"2025-05-18T22:19:55","date_gmt":"2025-05-18T22:19:55","guid":{"rendered":"https:\/\/staging2.stylingagenten.com\/no\/produkt\/beauty-uk-glacier-gloss-no-4-i-like-to-mauve-it-mauve-it\/"},"modified":"2026-02-02T12:25:37","modified_gmt":"2026-02-02T12:25:37","slug":"beauty-uk-glacier-gloss-no-4-i-like-to-mauve-it-mauve-it","status":"publish","type":"product","link":"https:\/\/stylingagenten.com\/no\/produkt\/beauty-uk-glacier-gloss-no-4-i-like-to-mauve-it-mauve-it\/","title":{"rendered":"Beauty UK Glacier Gloss No.4 I Like To Mauve It Mauve It"},"content":{"rendered":"<p>Glacier Gloss er tilgjengelig i flere fengslende nyanser og vil fange; leppene til \u00e5 rocke ut i et spekter av nyanser med en sofistikert og intens glans. Den silkeaktige teksturen gj\u00f8r p\u00e5f\u00f8ringen enkel, noe som resulterer i kortere og mer komfortabel bruk.<\/p>\n<p><strong>Farge:&nbsp;<\/strong>Kaffekake<\/strong> p&gt;<\/p>\n","protected":false},"excerpt":{"rendered":"<p>Glacier Gloss er tilgjengelig i flere fengslende nyanser og vil fange; leppene til \u00e5 rocke ut i et spekter av nyanser med en sofistikert og intens glans. Den silkeaktige teksturen gj\u00f8r p\u00e5f\u00f8ringen enkel, noe som resulterer i kortere og mer komfortabel bruk. Farge:&nbsp;Kaffekake p&gt;<\/p>\n","protected":false},"featured_media":395021,"comment_status":"open","ping_status":"closed","template":"","meta":{"_trash_the_other_posts":false},"product_brand":[],"product_cat":[599],"product_tag":[2491],"berocket_brand":[1059],"class_list":{"0":"post-395023","1":"product","2":"type-product","3":"status-publish","4":"has-post-thumbnail","6":"product_cat-lipgloss","7":"product_tag-beauty-uk-glacier-gloss","8":"pa_brand-beautyuk","9":"pa_variant-no-4-i-like-to-mauve-it-mauve-it","10":"berocket_brand-beautyuk","12":"first","13":"instock","14":"sale","15":"taxable","16":"shipping-taxable","17":"purchasable","18":"product-type-simple"},"_links":{"self":[{"href":"https:\/\/stylingagenten.com\/no\/wp-json\/wp\/v2\/product\/395023","targetHints":{"allow":["GET"]}}],"collection":[{"href":"https:\/\/stylingagenten.com\/no\/wp-json\/wp\/v2\/product"}],"about":[{"href":"https:\/\/stylingagenten.com\/no\/wp-json\/wp\/v2\/types\/product"}],"replies":[{"embeddable":true,"href":"https:\/\/stylingagenten.com\/no\/wp-json\/wp\/v2\/comments?post=395023"}],"version-history":[{"count":0,"href":"https:\/\/stylingagenten.com\/no\/wp-json\/wp\/v2\/product\/395023\/revisions"}],"wp:featuredmedia":[{"embeddable":true,"href":"https:\/\/stylingagenten.com\/no\/wp-json\/wp\/v2\/media\/395021"}],"wp:attachment":[{"href":"https:\/\/stylingagenten.com\/no\/wp-json\/wp\/v2\/media?parent=395023"}],"wp:term":[{"taxonomy":"product_brand","embeddable":true,"href":"https:\/\/stylingagenten.com\/no\/wp-json\/wp\/v2\/product_brand?post=395023"},{"taxonomy":"product_cat","embeddable":true,"href":"https:\/\/stylingagenten.com\/no\/wp-json\/wp\/v2\/product_cat?post=395023"},{"taxonomy":"product_tag","embeddable":true,"href":"https:\/\/stylingagenten.com\/no\/wp-json\/wp\/v2\/product_tag?post=395023"},{"taxonomy":"berocket_brand","embeddable":true,"href":"https:\/\/stylingagenten.com\/no\/wp-json\/wp\/v2\/berocket_brand?post=395023"}],"curies":[{"name":"wp","href":"https:\/\/api.w.org\/{rel}","templated":true}]}}