{"id":394869,"date":"2025-05-18T22:19:32","date_gmt":"2025-05-18T22:19:32","guid":{"rendered":"https:\/\/staging2.stylingagenten.com\/no\/produkt\/nyx-prof-makeup-butter-lip-gloss-apple-crisp\/"},"modified":"2025-12-18T21:55:30","modified_gmt":"2025-12-18T21:55:30","slug":"nyx-prof-makeup-butter-lip-gloss-apple-crisp","status":"publish","type":"product","link":"https:\/\/stylingagenten.com\/no\/produkt\/nyx-prof-makeup-butter-lip-gloss-apple-crisp\/","title":{"rendered":"NYX PROF. MAKEUP Butter Lip Gloss &#8211; Apple Crisp"},"content":{"rendered":"<p>NYX PROFESSIONAL MAKEUP Butter Gloss er en sm\u00f8rmyk lipgloss som gir en ren, middels dekning som f\u00e5r leppene dine til \u00e5 se utrolig deilige ut! Bruk alene eller over din favorittleppestift for en kremaktig glans som smelter inn i huden. leppene dine.<br \/>Innhold: 8 ml<\/p>\n","protected":false},"excerpt":{"rendered":"<p>NYX PROFESSIONAL MAKEUP Butter Gloss er en sm\u00f8rmyk lipgloss som gir en ren, middels dekning som f\u00e5r leppene dine til \u00e5 se utrolig deilige ut! Bruk alene eller over din favorittleppestift for en kremaktig glans som smelter inn i huden. leppene dine.Innhold: 8 ml<\/p>\n","protected":false},"featured_media":394855,"comment_status":"open","ping_status":"closed","template":"","meta":{"_trash_the_other_posts":false},"product_brand":[],"product_cat":[599],"product_tag":[3649],"berocket_brand":[1025],"class_list":{"0":"post-394869","1":"product","2":"type-product","3":"status-publish","4":"has-post-thumbnail","6":"product_cat-lipgloss","7":"product_tag-nyx-prof-makeup-butter-lip-gloss","8":"pa_brand-nyx","9":"pa_variant-apple-crisp","10":"berocket_brand-nyx","12":"first","13":"instock","14":"sale","15":"taxable","16":"shipping-taxable","17":"purchasable","18":"product-type-simple"},"_links":{"self":[{"href":"https:\/\/stylingagenten.com\/no\/wp-json\/wp\/v2\/product\/394869","targetHints":{"allow":["GET"]}}],"collection":[{"href":"https:\/\/stylingagenten.com\/no\/wp-json\/wp\/v2\/product"}],"about":[{"href":"https:\/\/stylingagenten.com\/no\/wp-json\/wp\/v2\/types\/product"}],"replies":[{"embeddable":true,"href":"https:\/\/stylingagenten.com\/no\/wp-json\/wp\/v2\/comments?post=394869"}],"version-history":[{"count":0,"href":"https:\/\/stylingagenten.com\/no\/wp-json\/wp\/v2\/product\/394869\/revisions"}],"wp:featuredmedia":[{"embeddable":true,"href":"https:\/\/stylingagenten.com\/no\/wp-json\/wp\/v2\/media\/394855"}],"wp:attachment":[{"href":"https:\/\/stylingagenten.com\/no\/wp-json\/wp\/v2\/media?parent=394869"}],"wp:term":[{"taxonomy":"product_brand","embeddable":true,"href":"https:\/\/stylingagenten.com\/no\/wp-json\/wp\/v2\/product_brand?post=394869"},{"taxonomy":"product_cat","embeddable":true,"href":"https:\/\/stylingagenten.com\/no\/wp-json\/wp\/v2\/product_cat?post=394869"},{"taxonomy":"product_tag","embeddable":true,"href":"https:\/\/stylingagenten.com\/no\/wp-json\/wp\/v2\/product_tag?post=394869"},{"taxonomy":"berocket_brand","embeddable":true,"href":"https:\/\/stylingagenten.com\/no\/wp-json\/wp\/v2\/berocket_brand?post=394869"}],"curies":[{"name":"wp","href":"https:\/\/api.w.org\/{rel}","templated":true}]}}