{"id":394688,"date":"2025-05-18T22:19:09","date_gmt":"2025-05-18T22:19:09","guid":{"rendered":"https:\/\/staging2.stylingagenten.com\/no\/produkt\/nyx-prof-makeup-shine-loud-pro-pigment-lip-shine-shake-things-up\/"},"modified":"2026-03-08T00:37:37","modified_gmt":"2026-03-08T00:37:37","slug":"nyx-prof-makeup-shine-loud-pro-pigment-lip-shine-shake-things-up","status":"publish","type":"product","link":"https:\/\/stylingagenten.com\/no\/produkt\/nyx-prof-makeup-shine-loud-pro-pigment-lip-shine-shake-things-up\/","title":{"rendered":"NYX PROF. MAKEUP Shine Loud Pro Pigment Lip Shine &#8211; Shake Things Up"},"content":{"rendered":"<p><strong>16 timers L\u00d8YT GLANS LEPEFARGE!<\/strong><\/p>\n<p>Dette er NYXs f\u00f8rste ultrapigmenterte leppefarge med h\u00f8y glans og opptil 16 timers slitasje. Ingen flekker, fester seg ikke til fine linjer, ingen fargetap: du kan kysse, drikke, kaste h\u00e5ret, til og med ha det under masken!<\/p>\n<p>Lett og behagelig; m p&aring; lepper, gir denne veganske formelen en feiende, sv\u00e6rt pigmentert farge med en ikke-klebrig blank finish. Bare sett sammen den sv\u00e6rt pigmenterte grunnfargen, fylt med hudelskende oljer *, med den ultrareflekterende og ikke-klebrige topplakken ** for den mest glansen du noensinne har sett!<\/p>\n<p><\/p>\n<p>Innhold: 2 x 3,4 ml&nbsp;<\/p>\n<p>* tilsatt macadamiafr\u00f8olje, korianderfruktolje, jojobafr\u00f8olje, aprikosolje, pasjonsfruktfr\u00f8olje ** tilsatt vitamin E-derivater<\/p>\n","protected":false},"excerpt":{"rendered":"<p>16 timers L\u00d8YT GLANS LEPEFARGE! Dette er NYXs f\u00f8rste ultrapigmenterte leppefarge med h\u00f8y glans og opptil 16 timers slitasje. Ingen flekker, fester seg ikke til fine linjer, ingen fargetap: du kan kysse, drikke, kaste h\u00e5ret, til og med ha det under masken! Lett og behagelig; m p&aring; lepper, gir denne veganske formelen en feiende, sv\u00e6rt [&hellip;]<\/p>\n","protected":false},"featured_media":394659,"comment_status":"open","ping_status":"closed","template":"","meta":{"_trash_the_other_posts":false},"product_brand":[],"product_cat":[607,717],"product_tag":[3691],"berocket_brand":[1025],"class_list":{"0":"post-394688","1":"product","2":"type-product","3":"status-publish","4":"has-post-thumbnail","6":"product_cat-leppestift","7":"product_cat-virale-produkter","8":"product_tag-nyx-prof-makeup-shine-loud-pro-pigment-lip-shine","9":"pa_brand-nyx","10":"pa_variant-shake-things-up","11":"berocket_brand-nyx","13":"first","14":"instock","15":"sale","16":"taxable","17":"shipping-taxable","18":"purchasable","19":"product-type-simple"},"_links":{"self":[{"href":"https:\/\/stylingagenten.com\/no\/wp-json\/wp\/v2\/product\/394688","targetHints":{"allow":["GET"]}}],"collection":[{"href":"https:\/\/stylingagenten.com\/no\/wp-json\/wp\/v2\/product"}],"about":[{"href":"https:\/\/stylingagenten.com\/no\/wp-json\/wp\/v2\/types\/product"}],"replies":[{"embeddable":true,"href":"https:\/\/stylingagenten.com\/no\/wp-json\/wp\/v2\/comments?post=394688"}],"version-history":[{"count":0,"href":"https:\/\/stylingagenten.com\/no\/wp-json\/wp\/v2\/product\/394688\/revisions"}],"wp:featuredmedia":[{"embeddable":true,"href":"https:\/\/stylingagenten.com\/no\/wp-json\/wp\/v2\/media\/394659"}],"wp:attachment":[{"href":"https:\/\/stylingagenten.com\/no\/wp-json\/wp\/v2\/media?parent=394688"}],"wp:term":[{"taxonomy":"product_brand","embeddable":true,"href":"https:\/\/stylingagenten.com\/no\/wp-json\/wp\/v2\/product_brand?post=394688"},{"taxonomy":"product_cat","embeddable":true,"href":"https:\/\/stylingagenten.com\/no\/wp-json\/wp\/v2\/product_cat?post=394688"},{"taxonomy":"product_tag","embeddable":true,"href":"https:\/\/stylingagenten.com\/no\/wp-json\/wp\/v2\/product_tag?post=394688"},{"taxonomy":"berocket_brand","embeddable":true,"href":"https:\/\/stylingagenten.com\/no\/wp-json\/wp\/v2\/berocket_brand?post=394688"}],"curies":[{"name":"wp","href":"https:\/\/api.w.org\/{rel}","templated":true}]}}