{"id":394434,"date":"2025-05-18T22:18:29","date_gmt":"2025-05-18T22:18:29","guid":{"rendered":"https:\/\/staging2.stylingagenten.com\/no\/produkt\/nyx-prof-makeup-butter-gloss-trio\/"},"modified":"2026-01-13T19:37:10","modified_gmt":"2026-01-13T19:37:10","slug":"nyx-prof-makeup-butter-gloss-trio","status":"publish","type":"product","link":"https:\/\/stylingagenten.com\/no\/produkt\/nyx-prof-makeup-butter-gloss-trio\/","title":{"rendered":"NYX PROF. MAKEUP Butter Gloss Trio"},"content":{"rendered":"<p>Butter Gloss Trio fra NYX Professional Makeup er hiten med sesongens s\u00f8teste produkter i 3 matchende farger.<br style=\"text-align: start\">&amp;nbsp ;Ring inn vinterferien i blanke, perfekte lepper som aldri f\u00f8les klissete. Alt som trengs er et sveip av glansen over leppene for en uforglemmelig glans og en deilig duft. Bland og varier nyansene slik du \u00f8nsker for \u00e5 matche feststemningen! Dette er sesongkolleksjonen i begrenset opplag fra NYX Professional Makeup du har ventet p\u00e5 hele \u00e5ret!<\/p>\n<p>Inkluderer: Sukkerglass, Cr\u00e8me Brulee, Cinnamon Roll<\/p>\n","protected":false},"excerpt":{"rendered":"<p>Butter Gloss Trio fra NYX Professional Makeup er hiten med sesongens s\u00f8teste produkter i 3 matchende farger.&amp;nbsp ;Ring inn vinterferien i blanke, perfekte lepper som aldri f\u00f8les klissete. Alt som trengs er et sveip av glansen over leppene for en uforglemmelig glans og en deilig duft. Bland og varier nyansene slik du \u00f8nsker for \u00e5 [&hellip;]<\/p>\n","protected":false},"featured_media":394428,"comment_status":"open","ping_status":"closed","template":"","meta":{"_trash_the_other_posts":false},"product_brand":[],"product_cat":[664,599],"product_tag":[3648],"berocket_brand":[1025],"class_list":{"0":"post-394434","1":"product","2":"type-product","3":"status-publish","4":"has-post-thumbnail","6":"product_cat-gave-sminke","7":"product_cat-lipgloss","8":"product_tag-nyx-prof-makeup-butter-gloss","9":"pa_brand-nyx","10":"pa_variant-trio","11":"berocket_brand-nyx","13":"first","14":"instock","15":"sale","16":"taxable","17":"shipping-taxable","18":"purchasable","19":"product-type-simple"},"_links":{"self":[{"href":"https:\/\/stylingagenten.com\/no\/wp-json\/wp\/v2\/product\/394434","targetHints":{"allow":["GET"]}}],"collection":[{"href":"https:\/\/stylingagenten.com\/no\/wp-json\/wp\/v2\/product"}],"about":[{"href":"https:\/\/stylingagenten.com\/no\/wp-json\/wp\/v2\/types\/product"}],"replies":[{"embeddable":true,"href":"https:\/\/stylingagenten.com\/no\/wp-json\/wp\/v2\/comments?post=394434"}],"version-history":[{"count":0,"href":"https:\/\/stylingagenten.com\/no\/wp-json\/wp\/v2\/product\/394434\/revisions"}],"wp:featuredmedia":[{"embeddable":true,"href":"https:\/\/stylingagenten.com\/no\/wp-json\/wp\/v2\/media\/394428"}],"wp:attachment":[{"href":"https:\/\/stylingagenten.com\/no\/wp-json\/wp\/v2\/media?parent=394434"}],"wp:term":[{"taxonomy":"product_brand","embeddable":true,"href":"https:\/\/stylingagenten.com\/no\/wp-json\/wp\/v2\/product_brand?post=394434"},{"taxonomy":"product_cat","embeddable":true,"href":"https:\/\/stylingagenten.com\/no\/wp-json\/wp\/v2\/product_cat?post=394434"},{"taxonomy":"product_tag","embeddable":true,"href":"https:\/\/stylingagenten.com\/no\/wp-json\/wp\/v2\/product_tag?post=394434"},{"taxonomy":"berocket_brand","embeddable":true,"href":"https:\/\/stylingagenten.com\/no\/wp-json\/wp\/v2\/berocket_brand?post=394434"}],"curies":[{"name":"wp","href":"https:\/\/api.w.org\/{rel}","templated":true}]}}