{"id":394425,"date":"2025-05-18T22:18:26","date_gmt":"2025-05-18T22:18:26","guid":{"rendered":"https:\/\/staging2.stylingagenten.com\/no\/produkt\/beauty-uk-glacier-gloss-no-5-tickle-me-pink\/"},"modified":"2026-02-14T09:57:03","modified_gmt":"2026-02-14T09:57:03","slug":"beauty-uk-glacier-gloss-no-5-tickle-me-pink","status":"publish","type":"product","link":"https:\/\/stylingagenten.com\/no\/produkt\/beauty-uk-glacier-gloss-no-5-tickle-me-pink\/","title":{"rendered":"Beauty UK Glacier Gloss No.5 Tickle Me Pink"},"content":{"rendered":"<p>Glacier Gloss-serien v\u00e5r er en lipgloss-kolleksjon som lover stor effekt, glans og intens farge. Glacier Gloss dekker overd\u00e5dig leppene i et spekter av nyanser med en sofistikert og intens glans.<\/p>\n<p>Den silkeaktige teksturen og den glatte applikatoren gj\u00f8r p\u00e5f\u00f8ringen enkel, noe som resulterer i lengre varig og mer behagelig bruk.<\/p>\n","protected":false},"excerpt":{"rendered":"<p>Glacier Gloss-serien v\u00e5r er en lipgloss-kolleksjon som lover stor effekt, glans og intens farge. Glacier Gloss dekker overd\u00e5dig leppene i et spekter av nyanser med en sofistikert og intens glans. Den silkeaktige teksturen og den glatte applikatoren gj\u00f8r p\u00e5f\u00f8ringen enkel, noe som resulterer i lengre varig og mer behagelig bruk.<\/p>\n","protected":false},"featured_media":394420,"comment_status":"open","ping_status":"closed","template":"","meta":{"_trash_the_other_posts":false},"product_brand":[],"product_cat":[599],"product_tag":[2491],"berocket_brand":[1059],"class_list":{"0":"post-394425","1":"product","2":"type-product","3":"status-publish","4":"has-post-thumbnail","6":"product_cat-lipgloss","7":"product_tag-beauty-uk-glacier-gloss","8":"pa_brand-beautyuk","9":"pa_variant-no-5-tickle-me-pink","10":"berocket_brand-beautyuk","12":"first","13":"instock","14":"sale","15":"taxable","16":"shipping-taxable","17":"purchasable","18":"product-type-simple"},"_links":{"self":[{"href":"https:\/\/stylingagenten.com\/no\/wp-json\/wp\/v2\/product\/394425","targetHints":{"allow":["GET"]}}],"collection":[{"href":"https:\/\/stylingagenten.com\/no\/wp-json\/wp\/v2\/product"}],"about":[{"href":"https:\/\/stylingagenten.com\/no\/wp-json\/wp\/v2\/types\/product"}],"replies":[{"embeddable":true,"href":"https:\/\/stylingagenten.com\/no\/wp-json\/wp\/v2\/comments?post=394425"}],"version-history":[{"count":0,"href":"https:\/\/stylingagenten.com\/no\/wp-json\/wp\/v2\/product\/394425\/revisions"}],"wp:featuredmedia":[{"embeddable":true,"href":"https:\/\/stylingagenten.com\/no\/wp-json\/wp\/v2\/media\/394420"}],"wp:attachment":[{"href":"https:\/\/stylingagenten.com\/no\/wp-json\/wp\/v2\/media?parent=394425"}],"wp:term":[{"taxonomy":"product_brand","embeddable":true,"href":"https:\/\/stylingagenten.com\/no\/wp-json\/wp\/v2\/product_brand?post=394425"},{"taxonomy":"product_cat","embeddable":true,"href":"https:\/\/stylingagenten.com\/no\/wp-json\/wp\/v2\/product_cat?post=394425"},{"taxonomy":"product_tag","embeddable":true,"href":"https:\/\/stylingagenten.com\/no\/wp-json\/wp\/v2\/product_tag?post=394425"},{"taxonomy":"berocket_brand","embeddable":true,"href":"https:\/\/stylingagenten.com\/no\/wp-json\/wp\/v2\/berocket_brand?post=394425"}],"curies":[{"name":"wp","href":"https:\/\/api.w.org\/{rel}","templated":true}]}}