{"id":394418,"date":"2025-05-18T22:18:26","date_gmt":"2025-05-18T22:18:26","guid":{"rendered":"https:\/\/staging2.stylingagenten.com\/no\/produkt\/artdeco-hot-chili-lip-booster-6ml\/"},"modified":"2026-03-16T04:37:41","modified_gmt":"2026-03-16T04:37:41","slug":"artdeco-hot-chili-lip-booster-6ml","status":"publish","type":"product","link":"https:\/\/stylingagenten.com\/no\/produkt\/artdeco-hot-chili-lip-booster-6ml\/","title":{"rendered":"Artdeco Hot Chili Lip Booster 6ml"},"content":{"rendered":"<p>Gj\u00f8r makeup-rutinen din litt varmere med Hot Chili Lip Booster som gir uimotst\u00e5elig volum og intens glans! R\u00f8d chiliekstrakt gir rosenr\u00f8de og fyldige lepper, og effekten forsterkes ytterligere takket v\u00e6re lysreflekterende glitterpartikler.<br \/>\u2022 Lipgloss som gir volum og intens glans<br \/>\u2022 R\u00f8d chiliekstrakt gir en plumpende effekt<br \/>\u2022 Lysreflekterende glitterpartikler<\/p>\n","protected":false},"excerpt":{"rendered":"<p>Gj\u00f8r makeup-rutinen din litt varmere med Hot Chili Lip Booster som gir uimotst\u00e5elig volum og intens glans! R\u00f8d chiliekstrakt gir rosenr\u00f8de og fyldige lepper, og effekten forsterkes ytterligere takket v\u00e6re lysreflekterende glitterpartikler.\u2022 Lipgloss som gir volum og intens glans\u2022 R\u00f8d chiliekstrakt gir en plumpende effekt\u2022 Lysreflekterende glitterpartikler<\/p>\n","protected":false},"featured_media":394405,"comment_status":"open","ping_status":"closed","template":"","meta":{"_trash_the_other_posts":false},"product_brand":[],"product_cat":[599],"product_tag":[],"berocket_brand":[1385],"class_list":{"0":"post-394418","1":"product","2":"type-product","3":"status-publish","4":"has-post-thumbnail","6":"product_cat-lipgloss","7":"pa_brand-artdeco","8":"berocket_brand-artdeco","10":"first","11":"instock","12":"sale","13":"taxable","14":"shipping-taxable","15":"purchasable","16":"product-type-simple"},"_links":{"self":[{"href":"https:\/\/stylingagenten.com\/no\/wp-json\/wp\/v2\/product\/394418","targetHints":{"allow":["GET"]}}],"collection":[{"href":"https:\/\/stylingagenten.com\/no\/wp-json\/wp\/v2\/product"}],"about":[{"href":"https:\/\/stylingagenten.com\/no\/wp-json\/wp\/v2\/types\/product"}],"replies":[{"embeddable":true,"href":"https:\/\/stylingagenten.com\/no\/wp-json\/wp\/v2\/comments?post=394418"}],"version-history":[{"count":0,"href":"https:\/\/stylingagenten.com\/no\/wp-json\/wp\/v2\/product\/394418\/revisions"}],"wp:featuredmedia":[{"embeddable":true,"href":"https:\/\/stylingagenten.com\/no\/wp-json\/wp\/v2\/media\/394405"}],"wp:attachment":[{"href":"https:\/\/stylingagenten.com\/no\/wp-json\/wp\/v2\/media?parent=394418"}],"wp:term":[{"taxonomy":"product_brand","embeddable":true,"href":"https:\/\/stylingagenten.com\/no\/wp-json\/wp\/v2\/product_brand?post=394418"},{"taxonomy":"product_cat","embeddable":true,"href":"https:\/\/stylingagenten.com\/no\/wp-json\/wp\/v2\/product_cat?post=394418"},{"taxonomy":"product_tag","embeddable":true,"href":"https:\/\/stylingagenten.com\/no\/wp-json\/wp\/v2\/product_tag?post=394418"},{"taxonomy":"berocket_brand","embeddable":true,"href":"https:\/\/stylingagenten.com\/no\/wp-json\/wp\/v2\/berocket_brand?post=394418"}],"curies":[{"name":"wp","href":"https:\/\/api.w.org\/{rel}","templated":true}]}}