{"id":394367,"date":"2025-05-18T22:18:18","date_gmt":"2025-05-18T22:18:18","guid":{"rendered":"https:\/\/staging2.stylingagenten.com\/no\/produkt\/nyx-prof-makeup-fat-oil-lip-drip-4-8-ml-status-update\/"},"modified":"2025-12-18T21:55:42","modified_gmt":"2025-12-18T21:55:42","slug":"nyx-prof-makeup-fat-oil-lip-drip-4-8-ml-status-update","status":"publish","type":"product","link":"https:\/\/stylingagenten.com\/no\/produkt\/nyx-prof-makeup-fat-oil-lip-drip-4-8-ml-status-update\/","title":{"rendered":"NYX PROF. MAKEUP Fat Oil Lip Drip 4.8 ml Status Update"},"content":{"rendered":"<p>NYX PROF. MAKEUP Fat Oil Lip Drip 4,8 ml &#8211; Statusoppdatering<br \/>Fat Oil Lip Drip fra NYX Professional Makeup er en tonet leppeolje med mange fordeler:<\/p>\n<p>&#8211; Beskytter<br \/>&#8211; Fukter hele dagen<br \/> &#8211; F\u00f8les ikke klissete &#8211; Behagelig og skinnende<br \/>&#8211; Beriket med multeb\u00e6rfr\u00f8olje, bringeb\u00e6rfr\u00f8olje og squalane<br \/>&#8211; Stor applikator for maksimal komfort og god p\u00e5f\u00f8ring.<br \/>&#8211; Vegansk formel*<\/p>\n","protected":false},"excerpt":{"rendered":"<p>NYX PROF. MAKEUP Fat Oil Lip Drip 4,8 ml &#8211; StatusoppdateringFat Oil Lip Drip fra NYX Professional Makeup er en tonet leppeolje med mange fordeler: &#8211; Beskytter&#8211; Fukter hele dagen &#8211; F\u00f8les ikke klissete &#8211; Behagelig og skinnende&#8211; Beriket med multeb\u00e6rfr\u00f8olje, bringeb\u00e6rfr\u00f8olje og squalane&#8211; Stor applikator for maksimal komfort og god p\u00e5f\u00f8ring.&#8211; Vegansk formel*<\/p>\n","protected":false},"featured_media":394341,"comment_status":"open","ping_status":"closed","template":"","meta":{"_trash_the_other_posts":false},"product_brand":[],"product_cat":[599],"product_tag":[3665],"berocket_brand":[1025],"class_list":{"0":"post-394367","1":"product","2":"type-product","3":"status-publish","4":"has-post-thumbnail","6":"product_cat-lipgloss","7":"product_tag-nyx-prof-makeup-fat-oil-lip-drip-4-8-ml","8":"pa_brand-nyx","9":"pa_variant-status-update","10":"berocket_brand-nyx","12":"first","13":"instock","14":"sale","15":"taxable","16":"shipping-taxable","17":"purchasable","18":"product-type-simple"},"_links":{"self":[{"href":"https:\/\/stylingagenten.com\/no\/wp-json\/wp\/v2\/product\/394367","targetHints":{"allow":["GET"]}}],"collection":[{"href":"https:\/\/stylingagenten.com\/no\/wp-json\/wp\/v2\/product"}],"about":[{"href":"https:\/\/stylingagenten.com\/no\/wp-json\/wp\/v2\/types\/product"}],"replies":[{"embeddable":true,"href":"https:\/\/stylingagenten.com\/no\/wp-json\/wp\/v2\/comments?post=394367"}],"version-history":[{"count":0,"href":"https:\/\/stylingagenten.com\/no\/wp-json\/wp\/v2\/product\/394367\/revisions"}],"wp:featuredmedia":[{"embeddable":true,"href":"https:\/\/stylingagenten.com\/no\/wp-json\/wp\/v2\/media\/394341"}],"wp:attachment":[{"href":"https:\/\/stylingagenten.com\/no\/wp-json\/wp\/v2\/media?parent=394367"}],"wp:term":[{"taxonomy":"product_brand","embeddable":true,"href":"https:\/\/stylingagenten.com\/no\/wp-json\/wp\/v2\/product_brand?post=394367"},{"taxonomy":"product_cat","embeddable":true,"href":"https:\/\/stylingagenten.com\/no\/wp-json\/wp\/v2\/product_cat?post=394367"},{"taxonomy":"product_tag","embeddable":true,"href":"https:\/\/stylingagenten.com\/no\/wp-json\/wp\/v2\/product_tag?post=394367"},{"taxonomy":"berocket_brand","embeddable":true,"href":"https:\/\/stylingagenten.com\/no\/wp-json\/wp\/v2\/berocket_brand?post=394367"}],"curies":[{"name":"wp","href":"https:\/\/api.w.org\/{rel}","templated":true}]}}