{"id":394358,"date":"2025-05-18T22:18:16","date_gmt":"2025-05-18T22:18:16","guid":{"rendered":"https:\/\/staging2.stylingagenten.com\/no\/produkt\/artdeco-color-booster-lip-balm-8-nude-3g\/"},"modified":"2026-01-08T12:37:31","modified_gmt":"2026-01-08T12:37:31","slug":"artdeco-color-booster-lip-balm-8-nude-3g","status":"publish","type":"product","link":"https:\/\/stylingagenten.com\/no\/produkt\/artdeco-color-booster-lip-balm-8-nude-3g\/","title":{"rendered":"Artdeco Color Booster Lip Balm 8 Nude 3g"},"content":{"rendered":"<p>Artdeco Color Booster Lip Balm 8 Nude 3g<br \/>Color Booster Lip Balm er en leppepomade med pigmenter som tilpasser seg pH-verdien p\u00e5 leppene dine og fremhever den naturlige fargen. Inneholder ogs\u00e5 pleiende aprikoskjerneolje og ferskenekstrakt, og en aroma av gr\u00f8nnmynte gir en fantastisk forfriskende f\u00f8lelse.<br \/>\u2022 Leppepomade som fremhever ens naturlige farge<br \/>\u2022 Aprikoskjerneolje og ferskenekstrakt pleier og fukter<br \/>\u2022 Spearmint gir en frisk f\u00f8lelse<\/p>\n","protected":false},"excerpt":{"rendered":"<p>Artdeco Color Booster Lip Balm 8 Nude 3gColor Booster Lip Balm er en leppepomade med pigmenter som tilpasser seg pH-verdien p\u00e5 leppene dine og fremhever den naturlige fargen. Inneholder ogs\u00e5 pleiende aprikoskjerneolje og ferskenekstrakt, og en aroma av gr\u00f8nnmynte gir en fantastisk forfriskende f\u00f8lelse.\u2022 Leppepomade som fremhever ens naturlige farge\u2022 Aprikoskjerneolje og ferskenekstrakt pleier og [&hellip;]<\/p>\n","protected":false},"featured_media":394356,"comment_status":"open","ping_status":"closed","template":"","meta":{"_trash_the_other_posts":false},"product_brand":[],"product_cat":[599],"product_tag":[2432],"berocket_brand":[1385],"class_list":{"0":"post-394358","1":"product","2":"type-product","3":"status-publish","4":"has-post-thumbnail","6":"product_cat-lipgloss","7":"product_tag-artdeco-color-booster-lip-balm-3g","8":"pa_brand-artdeco","9":"pa_variant-8-nude","10":"berocket_brand-artdeco","12":"first","13":"instock","14":"sale","15":"taxable","16":"shipping-taxable","17":"purchasable","18":"product-type-simple"},"_links":{"self":[{"href":"https:\/\/stylingagenten.com\/no\/wp-json\/wp\/v2\/product\/394358","targetHints":{"allow":["GET"]}}],"collection":[{"href":"https:\/\/stylingagenten.com\/no\/wp-json\/wp\/v2\/product"}],"about":[{"href":"https:\/\/stylingagenten.com\/no\/wp-json\/wp\/v2\/types\/product"}],"replies":[{"embeddable":true,"href":"https:\/\/stylingagenten.com\/no\/wp-json\/wp\/v2\/comments?post=394358"}],"version-history":[{"count":0,"href":"https:\/\/stylingagenten.com\/no\/wp-json\/wp\/v2\/product\/394358\/revisions"}],"wp:featuredmedia":[{"embeddable":true,"href":"https:\/\/stylingagenten.com\/no\/wp-json\/wp\/v2\/media\/394356"}],"wp:attachment":[{"href":"https:\/\/stylingagenten.com\/no\/wp-json\/wp\/v2\/media?parent=394358"}],"wp:term":[{"taxonomy":"product_brand","embeddable":true,"href":"https:\/\/stylingagenten.com\/no\/wp-json\/wp\/v2\/product_brand?post=394358"},{"taxonomy":"product_cat","embeddable":true,"href":"https:\/\/stylingagenten.com\/no\/wp-json\/wp\/v2\/product_cat?post=394358"},{"taxonomy":"product_tag","embeddable":true,"href":"https:\/\/stylingagenten.com\/no\/wp-json\/wp\/v2\/product_tag?post=394358"},{"taxonomy":"berocket_brand","embeddable":true,"href":"https:\/\/stylingagenten.com\/no\/wp-json\/wp\/v2\/berocket_brand?post=394358"}],"curies":[{"name":"wp","href":"https:\/\/api.w.org\/{rel}","templated":true}]}}