{"id":394261,"date":"2025-05-18T22:18:02","date_gmt":"2025-05-18T22:18:02","guid":{"rendered":"https:\/\/staging2.stylingagenten.com\/no\/produkt\/bareminerals-mineralist-lip-gloss-balm-wonder\/"},"modified":"2025-12-18T21:42:02","modified_gmt":"2025-12-18T21:42:02","slug":"bareminerals-mineralist-lip-gloss-balm-wonder","status":"publish","type":"product","link":"https:\/\/stylingagenten.com\/no\/produkt\/bareminerals-mineralist-lip-gloss-balm-wonder\/","title":{"rendered":"BareMinerals Mineralist Lip Gloss Balm Wonder"},"content":{"rendered":"<p>F\u00e5 det beste av glans og balsam i ett: lett farge, h\u00f8y glans og uimotst\u00e5elig myke lepper uten den klebrige f\u00f8lelsen.<br \/>Pekket med naturlige ingredienser som kaldpressede fruktoljer, gir denne glans-balsamhybriden umiddelbart n\u00e6ring til leppene i en silkemyk glatt formel som aldri f\u00f8les klissete. Lepper f\u00f8les mykere, glattere og mer hydrert over tid &#8211; selv etter \u00e5 ha vasket dem av.<\/p>\n<p>Klinisk testet<br \/>Klinisk bevist \u00e5 forbedre leppenes mykhet og glatthet b\u00e5de umiddelbart og over tid<br \/>90 % f\u00f8lte at leppene umiddelbart f\u00f8ltes hydrert*<br \/>Gir opptil 50 % glattere og mykere lepper p\u00e5 bare 1 uke*<\/p>\n<p>*Basert p\u00e5 en 1 ukes klinisk studie med 30 deltakere. Resultatene kan variere<\/p>\n","protected":false},"excerpt":{"rendered":"<p>F\u00e5 det beste av glans og balsam i ett: lett farge, h\u00f8y glans og uimotst\u00e5elig myke lepper uten den klebrige f\u00f8lelsen.Pekket med naturlige ingredienser som kaldpressede fruktoljer, gir denne glans-balsamhybriden umiddelbart n\u00e6ring til leppene i en silkemyk glatt formel som aldri f\u00f8les klissete. Lepper f\u00f8les mykere, glattere og mer hydrert over tid &#8211; selv etter [&hellip;]<\/p>\n","protected":false},"featured_media":394250,"comment_status":"open","ping_status":"closed","template":"","meta":{"_trash_the_other_posts":false},"product_brand":[],"product_cat":[599,1005],"product_tag":[2473],"berocket_brand":[2008],"class_list":{"0":"post-394261","1":"product","2":"type-product","3":"status-publish","4":"has-post-thumbnail","6":"product_cat-lipgloss","7":"product_cat-outlet","8":"product_tag-bareminerals-mineralist-lip-gloss-balm","9":"pa_brand-id-bareminerals","10":"pa_variant-wonder","11":"berocket_brand-id-bareminerals","13":"first","14":"instock","15":"sale","16":"taxable","17":"shipping-taxable","18":"purchasable","19":"product-type-simple"},"_links":{"self":[{"href":"https:\/\/stylingagenten.com\/no\/wp-json\/wp\/v2\/product\/394261","targetHints":{"allow":["GET"]}}],"collection":[{"href":"https:\/\/stylingagenten.com\/no\/wp-json\/wp\/v2\/product"}],"about":[{"href":"https:\/\/stylingagenten.com\/no\/wp-json\/wp\/v2\/types\/product"}],"replies":[{"embeddable":true,"href":"https:\/\/stylingagenten.com\/no\/wp-json\/wp\/v2\/comments?post=394261"}],"version-history":[{"count":0,"href":"https:\/\/stylingagenten.com\/no\/wp-json\/wp\/v2\/product\/394261\/revisions"}],"wp:featuredmedia":[{"embeddable":true,"href":"https:\/\/stylingagenten.com\/no\/wp-json\/wp\/v2\/media\/394250"}],"wp:attachment":[{"href":"https:\/\/stylingagenten.com\/no\/wp-json\/wp\/v2\/media?parent=394261"}],"wp:term":[{"taxonomy":"product_brand","embeddable":true,"href":"https:\/\/stylingagenten.com\/no\/wp-json\/wp\/v2\/product_brand?post=394261"},{"taxonomy":"product_cat","embeddable":true,"href":"https:\/\/stylingagenten.com\/no\/wp-json\/wp\/v2\/product_cat?post=394261"},{"taxonomy":"product_tag","embeddable":true,"href":"https:\/\/stylingagenten.com\/no\/wp-json\/wp\/v2\/product_tag?post=394261"},{"taxonomy":"berocket_brand","embeddable":true,"href":"https:\/\/stylingagenten.com\/no\/wp-json\/wp\/v2\/berocket_brand?post=394261"}],"curies":[{"name":"wp","href":"https:\/\/api.w.org\/{rel}","templated":true}]}}